{"id":26770,"date":"2025-09-09T08:00:42","date_gmt":"2025-09-09T08:00:42","guid":{"rendered":"https:\/\/orotech.lt\/dujinis-lauko-sildytuvas-patio-pgu-2013-2in1\/"},"modified":"2025-09-10T06:20:09","modified_gmt":"2025-09-10T06:20:09","slug":"dujinis-lauko-sildytuvas-patio-pgu-2013-2in1","status":"publish","type":"product","link":"https:\/\/orotech.lt\/en\/dujinis-lauko-sildytuvas-patio-pgu-2013-2in1\/","title":{"rendered":"Dujinis lauko \u0161ildytuvas Patio PGU 2013 2in1"},"content":{"rendered":"<p>&lt;p style=&quot;text-align: justify;&quot;&gt;PGU 2013 2in1 dujinis terasos &amp;scaron;ildytuvas yra galingas dujinis lauko &amp;scaron;ildytuvas, skirtas greitai ir patogiai ap&amp;scaron;ildyti j\u016bs\u0173 teras\u0105, verand\u0105 ar pav\u0117sin\u0119. Didel\u0117 nuo 5000 iki 13 000 vat\u0173 galia, priklausomai nuo oro s\u0105lyg\u0173. &amp;Scaron;is dujinis lauko &amp;scaron;ildytuvas tinkamas ap&amp;scaron;ildyti terasas iki 110m&amp;sup2; ploto. Tod\u0117l galite s\u0117d\u0117ti lauke iki v\u0117lyvo vakaro ir nesir\u016bpinti d\u0117l rudeni&amp;scaron;k\u0173 ir v\u0117si\u0173 vakar\u0173.&lt;\/p&gt;<br \/>\n&lt;p style=&quot;text-align: justify;&quot;&gt;&amp;Scaron;is dujinis lauko &amp;scaron;ildytuvas yra prakti&amp;scaron;kas ir saugus, turi ratukus, tod\u0117l j\u012f lengva transportuoti ir perkelti \u012f bet kuri\u0105 pageidaujam\u0105 viet\u0105, o kartu yra ir apsauga nuo apsivertimo. Taip pat propano arba butano duj\u0173 balion\u0105 keisti yra lengva ir saugu.&amp;nbsp;&lt;\/p&gt;<br \/>\n&lt;p style=&quot;text-align: justify;&quot;&gt;&lt;strong&gt;Duj\u0173 reduktorius, duj\u0173 \u017earna ir duj\u0173 balionas \u012f komplektacij\u0105 ne\u012feina.&lt;\/strong&gt;&lt;\/p&gt;<\/p>","protected":false},"excerpt":{"rendered":"<p>&lt;p style=&quot;text-align: justify;&quot;&gt;PGU 2013 2in1 dujinis terasos &amp;scaron;ildytuvas yra galingas dujinis lauko &amp;scaron;ildytuvas, skirtas greitai ir patogiai ap&amp;scaron;ildyti j\u016bs\u0173 teras\u0105,<\/p>","protected":false},"featured_media":26772,"comment_status":"closed","ping_status":"open","template":"","meta":[],"product_brand":[],"product_cat":[23],"product_tag":[535],"class_list":{"0":"post-26770","1":"product","2":"type-product","3":"status-publish","4":"has-post-thumbnail","6":"product_cat-be-kategorijos","7":"product_tag-naujiena","9":"first","10":"onbackorder","11":"taxable","12":"shipping-taxable","13":"product-type-variable"},"_links":{"self":[{"href":"https:\/\/orotech.lt\/en\/wp-json\/wp\/v2\/product\/26770","targetHints":{"allow":["GET"]}}],"collection":[{"href":"https:\/\/orotech.lt\/en\/wp-json\/wp\/v2\/product"}],"about":[{"href":"https:\/\/orotech.lt\/en\/wp-json\/wp\/v2\/types\/product"}],"replies":[{"embeddable":true,"href":"https:\/\/orotech.lt\/en\/wp-json\/wp\/v2\/comments?post=26770"}],"version-history":[{"count":1,"href":"https:\/\/orotech.lt\/en\/wp-json\/wp\/v2\/product\/26770\/revisions"}],"predecessor-version":[{"id":26771,"href":"https:\/\/orotech.lt\/en\/wp-json\/wp\/v2\/product\/26770\/revisions\/26771"}],"wp:featuredmedia":[{"embeddable":true,"href":"https:\/\/orotech.lt\/en\/wp-json\/wp\/v2\/media\/26772"}],"wp:attachment":[{"href":"https:\/\/orotech.lt\/en\/wp-json\/wp\/v2\/media?parent=26770"}],"wp:term":[{"taxonomy":"product_brand","embeddable":true,"href":"https:\/\/orotech.lt\/en\/wp-json\/wp\/v2\/product_brand?post=26770"},{"taxonomy":"product_cat","embeddable":true,"href":"https:\/\/orotech.lt\/en\/wp-json\/wp\/v2\/product_cat?post=26770"},{"taxonomy":"product_tag","embeddable":true,"href":"https:\/\/orotech.lt\/en\/wp-json\/wp\/v2\/product_tag?post=26770"}],"curies":[{"name":"wp","href":"https:\/\/api.w.org\/{rel}","templated":true}]}}