{"id":26774,"date":"2025-09-09T08:00:42","date_gmt":"2025-09-09T08:00:42","guid":{"rendered":"https:\/\/orotech.lt\/infraraudonuju-spinduliu-sildytuvas-trotec-ird-2400\/"},"modified":"2025-09-10T06:20:10","modified_gmt":"2025-09-10T06:20:10","slug":"infraraudonuju-spinduliu-sildytuvas-trotec-ird-2400","status":"publish","type":"product","link":"https:\/\/orotech.lt\/en\/infraraudonuju-spinduliu-sildytuvas-trotec-ird-2400\/","title":{"rendered":"Infraraudon\u0173j\u0173 spinduli\u0173 \u0161ildytuvas Trotec IRD 2400"},"content":{"rendered":"<p style=\"text-align: justify;\"><img decoding=\"async\" alt=\"\" src=\"\/images\/Userfiles\/www.rubisolis.lt_Sildytuvas_Trotec_IRD_2400.jpg\" style=\"width: 1600px; height: 374px;\" title=\"\"><\/p>\n<p style=\"text-align: justify;\"><em><strong>Infraraudon\u0173j\u0173 spinduli\u0173 \u0161ildytuvas IRD 2400: stilingas ir efektyvus sprendimas \u0161ilumai<\/strong><\/em><\/p>\n<p style=\"text-align: justify;\">Infraraudon\u0173j\u0173 spinduli\u0173 \u0161ildytuvas IRD 2400 &ndash; tai eleganti\u0161kas, efektyvus ir funkcionalus \u0161ildymo sprendimas, sukurtas naudoti tiek vidaus, tiek lauko erdv\u0117se. D\u0117l pa\u017eangi\u0173 technologij\u0173 ir minimalistinio dizaino \u0161is \u0161ildytuvas puikiai tiks moderniems namams, restoran\u0173 terasoms ar kitiems erdviems interjerams, kuriuose svarbu ne tik \u0161iluma, bet ir estetika.&nbsp;IRD 2400 idealiai tinka tiems, kurie ie\u0161ko patikimo, esteti\u0161ko ir efektyvaus \u0161ilumos sprendimo. \u0160is \u0161ildytuvas yra puikus pasirinkimas:<\/p>\n<ul>\n<li>\n\t\tNam\u0173 savininkams, norintiems m\u0117gautis \u0161iluma balkone ar terasoje net v\u0117sesn\u0117mis dienomis.<\/li>\n<li>\n\t\tRestoran\u0173 ir kavini\u0173 savininkams, kurie nori u\u017etikrinti komfort\u0105 klientams lauko zonose tarpsezoniu.<\/li>\n<li>\n\t\tKonservatorij\u0173 ar retai naudojam\u0173 patalp\u0173 \u0161ildymui, kur reikia greito ir efektyvaus sprendimo.&nbsp;<\/li>\n<\/ul>\n<p style=\"text-align: center;\"><iframe allow=\"accelerometer; autoplay; clipboard-write; encrypted-media; gyroscope; picture-in-picture; web-share\" allowfullscreen=\"\" frameborder=\"0\" height=\"315\" referrerpolicy=\"strict-origin-when-cross-origin\" src=\"https:\/\/www.youtube.com\/embed\/sA9Vy_SernI?si=xcNZGrVWrbWOi0IK\" title=\"YouTube video player\" width=\"560\"><\/iframe><\/p>\n<p style=\"text-align: justify;\"><strong>Advantages:<\/strong><\/p>\n<ul>\n<li>\n\t\tVienoda ir tiksli \u0161ilumos sklaida: vidutin\u0117s ir ilgosios bangos infraraudonieji spinduliai skleid\u017eia \u0161ilum\u0105 tiesiogiai \u012f objektus, o ne \u0161ildo aplinkos or\u0105.<\/li>\n<li>\n\t\tModernus dizainas: aliuminio korpusas su pasl\u0117pta ner\u016bdijan\u010dio plieno kaitinimo spirale u\u017etikrina ne tik \u0161ilum\u0105, bet ir esteti\u0161k\u0105 i\u0161vaizd\u0105 be ry\u0161kios \u0161viesos, b\u016bdingos \u012fprastiems \u0161ildytuvams.<\/li>\n<li>\n\t\tAtsparumas aplinkos poveikiui: IP55 apsaugos klas\u0117 u\u017etikrina atsparum\u0105 dulk\u0117ms, vandens purslams ir \u010diurk\u0161l\u0117ms, tod\u0117l \u0161ildytuvas idealiai tinka lauko s\u0105lygoms, pvz., balkonams ir terasoms.<\/li>\n<li>\n\t\tReguliuojama \u0161ildymo zona:&nbsp;galimyb\u0117 reguliuoti 45&deg; \u0161ildytuvo pasvirimo kamp\u0105 leid\u017eia \u0161ilum\u0105 nukreipti ten, kur jos labiausiai reikia.<\/li>\n<li>\n\t\tAlergijoms draugi\u0161kas sprendimas:&nbsp;\u0161ildytuvas veikia \u0161variai, be dulki\u0173, kondensato, kvapo ar triuk\u0161mo, tod\u0117l puikiai tinka alergi\u0161kiems \u017emon\u0117ms.<\/li>\n<li>\n\t\tPatogus valdymas: \u012f komplekt\u0105 \u012ftrauktas nuotolinio valdymo pultelis leid\u017eia lengvai keisti 3 \u0161ildymo lygius ir naudoti 24 valand\u0173 laikmat\u012f.&nbsp;<\/li>\n<li>\n\t\tSuitable for wall and ceiling mounting;&nbsp;<\/li>\n<\/ul>\n<p style=\"text-align: justify;\"><strong>Technical characteristics:<\/strong><\/p>\n<ul>\n<li>\n\t\t\u0160ildymo galia (W): 2400:<\/p>\n<ul>\n<li>\n\t\t\t\tlygis 0,8 kW;<\/li>\n<li>\n\t\t\t\tlygis 1,6 kW;<\/li>\n<li>\n\t\t\t\tlygis 2,4 kW;<\/li>\n<\/ul>\n<\/li>\n<li>\n\t\t\u0160ildomas plotas (m&sup2;): 9-16;<\/li>\n<li>\n\t\tMaitinimas: 220 &#8211; 240 V\/ 50\/60 Hz;<\/li>\n<li>\n\t\tNominali srov\u0117 (A): 10,4;<\/li>\n<li>\n\t\tJungtis: CEE 7\/4;<\/li>\n<li>\n\t\tCable length (m): 1.8;<\/li>\n<li>\n\t\tI\u0161matavimai (mm): 55&nbsp;x 1460 x 200;<\/li>\n<li>\n\t\tSvoris (kg): 11,5;<\/li>\n<li>\n\t\tProtection class: IP55;<\/li>\n<li>\n\t\tPasvirimo kampas:&nbsp;45&deg; reguliuojamas.<\/li>\n<\/ul>\n<p><a class=\"catalogue\" href=\"\/en\/images\/Userfiles\/www.rubisolis.lt_Sildytuvas_Trotec_IRD_2400.pdf\/\" target=\"blank\">Download product manual<\/a><\/p>","protected":false},"excerpt":{"rendered":"<p>Infraraudon\u0173j\u0173 spinduli\u0173 \u0161ildytuvas IRD 2400: stilingas ir efektyvus sprendimas \u0161ilumai Infraraudon\u0173j\u0173 spinduli\u0173 \u0161ildytuvas IRD 2400 &ndash; tai eleganti\u0161kas, efektyvus ir<\/p>","protected":false},"featured_media":26776,"comment_status":"closed","ping_status":"open","template":"","meta":[],"product_brand":[],"product_cat":[23],"product_tag":[535],"class_list":{"0":"post-26774","1":"product","2":"type-product","3":"status-publish","4":"has-post-thumbnail","6":"product_cat-be-kategorijos","7":"product_tag-naujiena","9":"first","10":"onbackorder","11":"taxable","12":"shipping-taxable","13":"product-type-variable"},"_links":{"self":[{"href":"https:\/\/orotech.lt\/en\/wp-json\/wp\/v2\/product\/26774","targetHints":{"allow":["GET"]}}],"collection":[{"href":"https:\/\/orotech.lt\/en\/wp-json\/wp\/v2\/product"}],"about":[{"href":"https:\/\/orotech.lt\/en\/wp-json\/wp\/v2\/types\/product"}],"replies":[{"embeddable":true,"href":"https:\/\/orotech.lt\/en\/wp-json\/wp\/v2\/comments?post=26774"}],"version-history":[{"count":1,"href":"https:\/\/orotech.lt\/en\/wp-json\/wp\/v2\/product\/26774\/revisions"}],"predecessor-version":[{"id":26775,"href":"https:\/\/orotech.lt\/en\/wp-json\/wp\/v2\/product\/26774\/revisions\/26775"}],"wp:featuredmedia":[{"embeddable":true,"href":"https:\/\/orotech.lt\/en\/wp-json\/wp\/v2\/media\/26776"}],"wp:attachment":[{"href":"https:\/\/orotech.lt\/en\/wp-json\/wp\/v2\/media?parent=26774"}],"wp:term":[{"taxonomy":"product_brand","embeddable":true,"href":"https:\/\/orotech.lt\/en\/wp-json\/wp\/v2\/product_brand?post=26774"},{"taxonomy":"product_cat","embeddable":true,"href":"https:\/\/orotech.lt\/en\/wp-json\/wp\/v2\/product_cat?post=26774"},{"taxonomy":"product_tag","embeddable":true,"href":"https:\/\/orotech.lt\/en\/wp-json\/wp\/v2\/product_tag?post=26774"}],"curies":[{"name":"wp","href":"https:\/\/api.w.org\/{rel}","templated":true}]}}