{"id":26786,"date":"2025-09-09T08:00:42","date_gmt":"2025-09-09T08:00:42","guid":{"rendered":"https:\/\/orotech.lt\/teleskopinis-stovas-trotec-ir-tripod\/"},"modified":"2025-09-10T06:20:11","modified_gmt":"2025-09-10T06:20:11","slug":"teleskopinis-stovas-trotec-ir-tripod","status":"publish","type":"product","link":"https:\/\/orotech.lt\/en\/teleskopinis-stovas-trotec-ir-tripod\/","title":{"rendered":"Telescopic stand Trotec IR-TRIPOD"},"content":{"rendered":"<p>&lt;p style=&quot;text-align: justify;&quot;&gt;Teleskopinis stovas Trotec IR-TRIPOD, tinkantis&amp;nbsp;infraraudon\u0173j\u0173 spinduli\u0173 &amp;scaron;ildytuvams Kumtel Ecoray EX-23&amp;nbsp;ir&amp;nbsp;Veito BLADE, BLADE MINI.&lt;\/p&gt;<br \/>\n&lt;p&gt;&lt;strong&gt;Technical information:&lt;\/strong&gt;&lt;\/p&gt;<br \/>\n&lt;ul&gt;<br \/>\n&lt;li&gt;Stovo auk&amp;scaron;tis gali b\u016bti reguliuojamas nuo 110 iki 175 cm;&lt;\/li&gt;<br \/>\n&lt;li&gt;Stovo skersmuo &#8211; 6 cm;&lt;\/li&gt;<br \/>\n&lt;li&gt;Stovas yra tinkamas intrafaudon\u0173j\u0173 spinduli\u0173 &amp;scaron;ildytuvams ir j\u012f galima&amp;nbsp;naudoti bet kokiame kambaryje;&lt;\/li&gt;<br \/>\n&lt;li&gt;Stov\u0105 lengva montuoti ir&amp;nbsp;nereikia papildomos&amp;nbsp;prie\u017ei\u016bros.&lt;\/li&gt;<br \/>\n&lt;\/ul&gt;<br \/>\n&lt;p&gt;&amp;nbsp;&lt;\/p&gt;<br \/>\n&lt;p&gt;&amp;nbsp;&lt;\/p&gt;<\/p>","protected":false},"excerpt":{"rendered":"<p>&lt;p style=&quot;text-align: justify;&quot;&gt;Teleskopinis stovas Trotec IR-TRIPOD, tinkantis&amp;nbsp;infraraudon\u0173j\u0173 spinduli\u0173 &amp;scaron;ildytuvams Kumtel Ecoray EX-23&amp;nbsp;ir&amp;nbsp;Veito BLADE, BLADE MINI.&lt;\/p&gt; &lt;p&gt;&lt;strong&gt;Technical information:&lt;\/strong&gt;&lt;\/p&gt; &lt;ul&gt; &lt;li&gt;Stovo auk&amp;scaron;tis<\/p>","protected":false},"featured_media":26788,"comment_status":"closed","ping_status":"open","template":"","meta":[],"product_brand":[],"product_cat":[23],"product_tag":[535],"class_list":{"0":"post-26786","1":"product","2":"type-product","3":"status-publish","4":"has-post-thumbnail","6":"product_cat-be-kategorijos","7":"product_tag-naujiena","9":"first","10":"onbackorder","11":"taxable","12":"shipping-taxable","13":"product-type-variable"},"_links":{"self":[{"href":"https:\/\/orotech.lt\/en\/wp-json\/wp\/v2\/product\/26786","targetHints":{"allow":["GET"]}}],"collection":[{"href":"https:\/\/orotech.lt\/en\/wp-json\/wp\/v2\/product"}],"about":[{"href":"https:\/\/orotech.lt\/en\/wp-json\/wp\/v2\/types\/product"}],"replies":[{"embeddable":true,"href":"https:\/\/orotech.lt\/en\/wp-json\/wp\/v2\/comments?post=26786"}],"version-history":[{"count":1,"href":"https:\/\/orotech.lt\/en\/wp-json\/wp\/v2\/product\/26786\/revisions"}],"predecessor-version":[{"id":26787,"href":"https:\/\/orotech.lt\/en\/wp-json\/wp\/v2\/product\/26786\/revisions\/26787"}],"wp:featuredmedia":[{"embeddable":true,"href":"https:\/\/orotech.lt\/en\/wp-json\/wp\/v2\/media\/26788"}],"wp:attachment":[{"href":"https:\/\/orotech.lt\/en\/wp-json\/wp\/v2\/media?parent=26786"}],"wp:term":[{"taxonomy":"product_brand","embeddable":true,"href":"https:\/\/orotech.lt\/en\/wp-json\/wp\/v2\/product_brand?post=26786"},{"taxonomy":"product_cat","embeddable":true,"href":"https:\/\/orotech.lt\/en\/wp-json\/wp\/v2\/product_cat?post=26786"},{"taxonomy":"product_tag","embeddable":true,"href":"https:\/\/orotech.lt\/en\/wp-json\/wp\/v2\/product_tag?post=26786"}],"curies":[{"name":"wp","href":"https:\/\/api.w.org\/{rel}","templated":true}]}}