{"id":26793,"date":"2025-09-09T08:00:42","date_gmt":"2025-09-09T08:00:42","guid":{"rendered":"https:\/\/orotech.lt\/dekoratyvinis-pastatomas-biozidinys-qlima-ffb-830\/"},"modified":"2025-09-10T06:20:13","modified_gmt":"2025-09-10T06:20:13","slug":"dekoratyvinis-pastatomas-biozidinys-qlima-ffb-830","status":"publish","type":"product","link":"https:\/\/orotech.lt\/en\/dekoratyvinis-pastatomas-biozidinys-qlima-ffb-830\/","title":{"rendered":"Dekoratyvinis pastatomas bio\u017eidinys Qlima FFB 830"},"content":{"rendered":"<p style=\"text-align: justify;\">Su modernaus dizaino dekoratyviniu bio\u017eidiniu Qlima FFB 830 m\u0117gausit\u0117s malonia atmosfera. Nat\u016brali bio\u017eidinio ugnies liepsna pakeis jau nusistov\u0117jusias malkinio \u017eidinio tradicijas, kurios reikalauja ne tik dideli\u0173 investicij\u0173, bet ir nuolatin\u0117s prie\u017ei\u016bros.<\/p>\n<p style=\"text-align: justify;\"><strong>Saugumas<br \/>\n\t<\/strong><\/p>\n<p style=\"text-align: justify;\">Gr\u016bdinto skaidraus stiklo konstrukcija yra atspari staigiems temperat\u016bros \u0161uoliams net iki 300&deg;C, tod\u0117l saugiai gal\u0117site m\u0117gautis nat\u016bralia liepsna ten, kur labiausiai norisi: bute, name, biure, restorane ar net lauko terasoje. Qlima FFB 830 modelio bio\u017eidinys pasi\u017eymi bekvapiu, d\u016bm\u0173 ir pelen\u0173 nei\u0161skirian\u010diu, veikimo principu.<\/p>\n<p style=\"text-align: justify;\"><strong>Patogu naudoti<br \/>\n\t<\/strong><\/p>\n<p style=\"text-align: justify;\">Pastatomas bio\u017eidinys pasi\u017eymi patogiu naudojimu, kadangi n\u0117ra reikalingas kaminas ar specialiai tam pritaikyta patalpa. \u012erenginyje esant\u012f degikl\u012f greitai ir lengvai u\u017edegsite su \u017eiebtuv\u0117lio pagalba. Su minimaliomis pastangomis ir svarbiausia greitai pripildysite \u012frenginyje esan\u010di\u0105 kuro talp\u0105. Speciali degiklio forma neleid\u017eia i\u0161b\u0117gti kurui.<\/p>\n<p style=\"text-align: justify;\">Pastatomas bio\u017eidinys Qlima FFB 830 i\u0161siskiria ilgu veikimu, kadangi turi 500 ml talp\u0105, o degimo laikas siekia net iki 135 minu\u010di\u0173. Siekiant geriausi\u0173 rezultat\u0173, rekomenduojame naudoti augalin\u0117s kilm\u0117s bioetanol\u012f (Domestix Ethanol), kuris sustiprina liepsn\u0105 ir u\u017etikrina \u0161var\u0173 degim\u0105.<\/p>\n<p style=\"text-align: justify;\"><strong>Prie\u017ei\u016bra<br \/>\n\t<\/strong><\/p>\n<p style=\"text-align: justify;\">Reguliariam valymui naudokite mink\u0161t\u0105 \u0161luost\u0119, drungnu \u0161iltu vandeniu. Nenaudokite \u0161iurk\u0161\u010di\u0173 kempini\u0173, stipri\u0173 chemini\u0173 valikli\u0173.<\/p>\n<p style=\"text-align: justify;\"><em>Stilingas, gra\u017eus ir modernus bio\u017eidinys Qlima FFB 830 ne tik sukurs jaukum\u0105 J\u016bs\u0173 namuose, bet ir taps puikiu interjero akcentu!<br \/>\n\t<\/em><\/p>\n<p style=\"text-align: justify;\"><strong>Technical characteristics:<\/strong><\/p>\n<ul>\n<li>\n\t\tDegiklio turinys: 500 ml;<\/li>\n<li>\n\t\tDegimo laikas: 135 min. (2:25 h);<\/li>\n<li>\n\t\tMed\u017eiaga: ner\u016bdijantis plienas, gr\u016bdintas stiklas;<\/li>\n<li>\n\t\tSvoris: 6,5 kg;<\/li>\n<li>\n\t\tMatmenys: 40 x 20,5 x 30 cm;<\/li>\n<li>\n\t\tDegioji med\u017eiaga: bioetanolis;<\/li>\n<li>\n\t\tPaskirtis: vidaus ir lauko;<\/li>\n<li>\n\t\tGalingumas: 1340 W.<\/li>\n<\/ul>\n<p>&nbsp;* Degioji med\u017eiaga (bioetanolis) \u012f \u012frenginio komplektacij\u0105 ne\u012feina.&nbsp;<\/p>\n<p><a class=\"catalogue\" href=\"\/en\/images\/Userfiles\/Biozidinys_qlima_ffb_830_105_.pdf\/\" target=\"blank\">Download product manual <\/a><\/p>","protected":false},"excerpt":{"rendered":"<p>Su modernaus dizaino dekoratyviniu bio\u017eidiniu Qlima FFB 830 m\u0117gausit\u0117s malonia atmosfera. Nat\u016brali bio\u017eidinio ugnies liepsna pakeis jau nusistov\u0117jusias malkinio \u017eidinio<\/p>","protected":false},"featured_media":26795,"comment_status":"closed","ping_status":"open","template":"","meta":[],"product_brand":[],"product_cat":[23],"product_tag":[535],"class_list":{"0":"post-26793","1":"product","2":"type-product","3":"status-publish","4":"has-post-thumbnail","6":"product_cat-be-kategorijos","7":"product_tag-naujiena","9":"first","10":"onbackorder","11":"taxable","12":"shipping-taxable","13":"product-type-variable"},"_links":{"self":[{"href":"https:\/\/orotech.lt\/en\/wp-json\/wp\/v2\/product\/26793","targetHints":{"allow":["GET"]}}],"collection":[{"href":"https:\/\/orotech.lt\/en\/wp-json\/wp\/v2\/product"}],"about":[{"href":"https:\/\/orotech.lt\/en\/wp-json\/wp\/v2\/types\/product"}],"replies":[{"embeddable":true,"href":"https:\/\/orotech.lt\/en\/wp-json\/wp\/v2\/comments?post=26793"}],"version-history":[{"count":1,"href":"https:\/\/orotech.lt\/en\/wp-json\/wp\/v2\/product\/26793\/revisions"}],"predecessor-version":[{"id":26794,"href":"https:\/\/orotech.lt\/en\/wp-json\/wp\/v2\/product\/26793\/revisions\/26794"}],"wp:featuredmedia":[{"embeddable":true,"href":"https:\/\/orotech.lt\/en\/wp-json\/wp\/v2\/media\/26795"}],"wp:attachment":[{"href":"https:\/\/orotech.lt\/en\/wp-json\/wp\/v2\/media?parent=26793"}],"wp:term":[{"taxonomy":"product_brand","embeddable":true,"href":"https:\/\/orotech.lt\/en\/wp-json\/wp\/v2\/product_brand?post=26793"},{"taxonomy":"product_cat","embeddable":true,"href":"https:\/\/orotech.lt\/en\/wp-json\/wp\/v2\/product_cat?post=26793"},{"taxonomy":"product_tag","embeddable":true,"href":"https:\/\/orotech.lt\/en\/wp-json\/wp\/v2\/product_tag?post=26793"}],"curies":[{"name":"wp","href":"https:\/\/api.w.org\/{rel}","templated":true}]}}