{"id":26803,"date":"2025-09-09T08:00:42","date_gmt":"2025-09-09T08:00:42","guid":{"rendered":"https:\/\/orotech.lt\/vabzdziu-gaudykle-mk040-h\/"},"modified":"2025-09-10T06:20:14","modified_gmt":"2025-09-10T06:20:14","slug":"vabzdziu-gaudykle-mk040-h","status":"publish","type":"product","link":"https:\/\/orotech.lt\/en\/vabzdziu-gaudykle-mk040-h\/","title":{"rendered":"Vabzd\u017ei\u0173 gaudykl\u0117 MK040 H"},"content":{"rendered":"<p style=\"text-align: justify;\">Vabzd\u017ei\u0173 gaudykl\u0117 veikia su didelio intensyvumo ultravioletine lempa, kuri \u012f prietais\u0105 pritraukia visus skraidan\u010dius vabzd\u017eius. Prisilietus prie auk\u0161tos \u012ftampos metalini\u0173 tinkleli\u0173 vabzd\u017eiai akimirksniu sunaikinami. Tai ekologi\u0161kas b\u016bdas naikinti vabzd\u017eiams &ndash;&nbsp;be ter\u0161al\u0173 ar kvap\u0173 bei nepavojinga \u017emon\u0117ms ar augintiniams. MK040H paprasta naudoti bei pri\u017ei\u016br\u0117ti. Negyvi vabzd\u017eiai surenkami \u012f gaudykl\u0117s apa\u010dioje esan\u010di\u0105 talp\u0105, kuri\u0105 galima lengvai i\u0161imti ir i\u0161valyti naudojant ma\u017e\u0105 \u0161epet\u0117l\u012f prid\u0117t\u0105 komplektacijoje.<\/p>\n<p style=\"text-align: justify;\">Vabzd\u017ei\u0173 gaudykl\u0119 MK040H saugu naudoti &ndash;&nbsp;pagaminta i\u0161 ypa\u010d atsparaus ABS plastiko bei sukurta taip, kad b\u016bt\u0173 i\u0161vengta kontakto su metalin\u0117mis grotel\u0117mis. Energij\u0105 taupan\u010di\u0173 \u012fjungt\u0173 lemp\u0173 (4x1W) tarnavimo laikas yra 8000 valand\u0173, ta\u010diau prireikus jas galima pakeisti.<\/p>\n<p><strong>Technical characteristics:<\/strong><\/p>\n<ul>\n<li>\n\t\tMaks. patalpos plotas: 12 m<sup>2<\/sup>;<\/li>\n<li>\n\t\tGalia (W): 1&#215;4;<\/li>\n<li>\n\t\tProtection class: IP20;<\/li>\n<li>\n\t\tKi\u0161tukas: horizontalus &#8211; 2 pin;<\/li>\n<li>\n\t\tLemp\u0173 tarnavimo laikas &#8211; iki 8000 val.;<\/li>\n<li>\n\t\tI\u0161matavimai (mm): 100 x 60 x 120;<\/li>\n<li>\n\t\tSvoris (kg): 0,119.&nbsp;<\/li>\n<\/ul>\n<p>A 2-year warranty is provided.<\/p>","protected":false},"excerpt":{"rendered":"<p>Vabzd\u017ei\u0173 gaudykl\u0117 veikia su didelio intensyvumo ultravioletine lempa, kuri \u012f prietais\u0105 pritraukia visus skraidan\u010dius vabzd\u017eius. Prisilietus prie auk\u0161tos \u012ftampos metalini\u0173<\/p>","protected":false},"featured_media":26805,"comment_status":"closed","ping_status":"open","template":"","meta":[],"product_brand":[],"product_cat":[23],"product_tag":[535],"class_list":{"0":"post-26803","1":"product","2":"type-product","3":"status-publish","4":"has-post-thumbnail","6":"product_cat-be-kategorijos","7":"product_tag-naujiena","9":"first","10":"onbackorder","11":"taxable","12":"shipping-taxable","13":"product-type-variable"},"_links":{"self":[{"href":"https:\/\/orotech.lt\/en\/wp-json\/wp\/v2\/product\/26803","targetHints":{"allow":["GET"]}}],"collection":[{"href":"https:\/\/orotech.lt\/en\/wp-json\/wp\/v2\/product"}],"about":[{"href":"https:\/\/orotech.lt\/en\/wp-json\/wp\/v2\/types\/product"}],"replies":[{"embeddable":true,"href":"https:\/\/orotech.lt\/en\/wp-json\/wp\/v2\/comments?post=26803"}],"version-history":[{"count":1,"href":"https:\/\/orotech.lt\/en\/wp-json\/wp\/v2\/product\/26803\/revisions"}],"predecessor-version":[{"id":26804,"href":"https:\/\/orotech.lt\/en\/wp-json\/wp\/v2\/product\/26803\/revisions\/26804"}],"wp:featuredmedia":[{"embeddable":true,"href":"https:\/\/orotech.lt\/en\/wp-json\/wp\/v2\/media\/26805"}],"wp:attachment":[{"href":"https:\/\/orotech.lt\/en\/wp-json\/wp\/v2\/media?parent=26803"}],"wp:term":[{"taxonomy":"product_brand","embeddable":true,"href":"https:\/\/orotech.lt\/en\/wp-json\/wp\/v2\/product_brand?post=26803"},{"taxonomy":"product_cat","embeddable":true,"href":"https:\/\/orotech.lt\/en\/wp-json\/wp\/v2\/product_cat?post=26803"},{"taxonomy":"product_tag","embeddable":true,"href":"https:\/\/orotech.lt\/en\/wp-json\/wp\/v2\/product_tag?post=26803"}],"curies":[{"name":"wp","href":"https:\/\/api.w.org\/{rel}","templated":true}]}}