{"id":26815,"date":"2025-09-09T08:05:02","date_gmt":"2025-09-09T08:05:02","guid":{"rendered":"https:\/\/orotech.lt\/trotec-suktuvu-greztuvu-atsuktuvu-rinkiniai\/"},"modified":"2025-09-10T06:20:16","modified_gmt":"2025-09-10T06:20:16","slug":"trotec-suktuvu-greztuvu-atsuktuvu-rinkiniai","status":"publish","type":"product","link":"https:\/\/orotech.lt\/en\/trotec-suktuvu-greztuvu-atsuktuvu-rinkiniai\/","title":{"rendered":"Trotec suktuv\u0173-gr\u0119\u017etuv\u0173-atsuktuv\u0173 rinkiniai"},"content":{"rendered":"<p><strong>Gr\u0105\u017et\u0173 rinkinys medienai<\/strong><\/p>\n<ul>\n<li>\n\t\tSpiraliniai gr\u0105\u017etai pagaminti i\u0161 patvaraus ir tvirto plieno.<\/li>\n<li>\n\t\tGr\u0105\u017etai tinkami naudoti vis\u0173 preki\u0173 \u017eenkl\u0173 gr\u0119\u017etuvams.<\/li>\n<li>\n\t\tItin a\u0161trios gr\u0105\u017et\u0173 briaunos leid\u017eia suformuoti tikslias, be atplai\u0161\u0173, skyles.<\/li>\n<li>\n\t\tDaug panaudojimo galimybi\u0173 d\u0117l pus\u0117s milimetro tarpini\u0173 dyd\u017ei\u0173.<\/li>\n<li>\n\t\tTinkami kietai ir mink\u0161tai medienai, klijuotai medienai ir akrilo stiklui.<\/li>\n<li>\n\t\tPateikiama prakti\u0161kose d\u0117\u017eut\u0117se su integruotu kabliuku, skirtu pakabinti ant sienos.&nbsp;<strong><br \/>\n\t\t<\/strong><\/li>\n<\/ul>\n<p><strong>Gr\u0105\u017et\u0173 rinkinys betonui<\/strong><\/p>\n<ul>\n<li>\n\t\tGr\u0105\u017et\u0173 skersmuo: 3\/3\/3\/4\/4\/4\/5\/5\/5\/6\/6\/8\/8\/10\/10 mm<\/li>\n<li>\n\t\tSpiraliniai gr\u0105\u017etai pagaminti i\u0161 patvaraus ir tvirto plieno su ilgu tarnavimo laikotariu.<\/li>\n<li>\n\t\tTinkami naudoti granitui, betonui, m\u016brui, silikatin\u0117ms plytoms, nat\u016braliems ir dirbtiniams akmenims.<\/li>\n<li>\n\t\tGali b\u016bti naudojimi gr\u0119\u017etuvams ir sm\u016bginiams gr\u0119\u017etuvams.<\/li>\n<li>\n\t\tAuk\u0161tas antgali\u0173 apvalumo tikslumas u\u017etikrina tikslias skyles.<\/li>\n<li>\n\t\tAsimetrin\u0117s spiral\u0117s forma u\u017etikrina optimal\u0173 gr\u0119\u017eimo metu susidariusi\u0173 dulki\u0173 pa\u0161alinim\u0105.<\/li>\n<li>\n\t\tPateikiama prakti\u0161kose d\u0117\u017eut\u0117se su integruotu kabliuku, skirtu pakabinti ant sienos.<\/li>\n<li>\n\t\tKar\u0161\u010diui atsparus kietojo metalo smaigalys yra auk\u0161to patvarumo su maksimaliu 89 HRC kietumu.&nbsp;<\/li>\n<\/ul>\n<p><strong>Gr\u0105\u017et\u0173 rinkinys metalui<\/strong><\/p>\n<ul>\n<li>\n\t\tSpiraliniai gr\u0105\u017etai pagaminti i\u0161 patvaraus ir tvirto plieno.<\/li>\n<li>\n\t\tGr\u0105\u017etai tinkami naudoti vis\u0173 preki\u0173 \u017eenkl\u0173 gr\u0119\u017etuvams.<\/li>\n<li>\n\t\tItin a\u0161trios gr\u0105\u017et\u0173 briaunos leid\u017eia suformuoti tikslias, be atplai\u0161\u0173, skyles.<\/li>\n<li>\n\t\tDaug panaudojimo galimybi\u0173 d\u0117l pus\u0117s milimetro tarpini\u0173 dyd\u017ei\u0173.<\/li>\n<li>\n\t\tTinkami kietai ir mink\u0161tai medienai, klijuotai medienai ir akrilo stiklui.<\/li>\n<li>\n\t\tPateikiama prakti\u0161kose d\u0117\u017eut\u0117se su integruotu kabliuku, skirtu pakabinti ant sienos&nbsp;<\/li>\n<\/ul>","protected":false},"excerpt":{"rendered":"<p>Gr\u0105\u017et\u0173 rinkinys medienai Spiraliniai gr\u0105\u017etai pagaminti i\u0161 patvaraus ir tvirto plieno. Gr\u0105\u017etai tinkami naudoti vis\u0173 preki\u0173 \u017eenkl\u0173 gr\u0119\u017etuvams. Itin a\u0161trios<\/p>","protected":false},"featured_media":26817,"comment_status":"closed","ping_status":"open","template":"","meta":[],"product_brand":[],"product_cat":[23],"product_tag":[535],"class_list":{"0":"post-26815","1":"product","2":"type-product","3":"status-publish","4":"has-post-thumbnail","6":"product_cat-be-kategorijos","7":"product_tag-naujiena","9":"first","10":"onbackorder","11":"taxable","12":"shipping-taxable","13":"product-type-variable"},"_links":{"self":[{"href":"https:\/\/orotech.lt\/en\/wp-json\/wp\/v2\/product\/26815","targetHints":{"allow":["GET"]}}],"collection":[{"href":"https:\/\/orotech.lt\/en\/wp-json\/wp\/v2\/product"}],"about":[{"href":"https:\/\/orotech.lt\/en\/wp-json\/wp\/v2\/types\/product"}],"replies":[{"embeddable":true,"href":"https:\/\/orotech.lt\/en\/wp-json\/wp\/v2\/comments?post=26815"}],"version-history":[{"count":1,"href":"https:\/\/orotech.lt\/en\/wp-json\/wp\/v2\/product\/26815\/revisions"}],"predecessor-version":[{"id":26816,"href":"https:\/\/orotech.lt\/en\/wp-json\/wp\/v2\/product\/26815\/revisions\/26816"}],"wp:featuredmedia":[{"embeddable":true,"href":"https:\/\/orotech.lt\/en\/wp-json\/wp\/v2\/media\/26817"}],"wp:attachment":[{"href":"https:\/\/orotech.lt\/en\/wp-json\/wp\/v2\/media?parent=26815"}],"wp:term":[{"taxonomy":"product_brand","embeddable":true,"href":"https:\/\/orotech.lt\/en\/wp-json\/wp\/v2\/product_brand?post=26815"},{"taxonomy":"product_cat","embeddable":true,"href":"https:\/\/orotech.lt\/en\/wp-json\/wp\/v2\/product_cat?post=26815"},{"taxonomy":"product_tag","embeddable":true,"href":"https:\/\/orotech.lt\/en\/wp-json\/wp\/v2\/product_tag?post=26815"}],"curies":[{"name":"wp","href":"https:\/\/api.w.org\/{rel}","templated":true}]}}