{"id":26825,"date":"2025-09-09T08:05:02","date_gmt":"2025-09-09T08:05:02","guid":{"rendered":"https:\/\/orotech.lt\/akumuliatorius-trotec-flexpower-20-v-2-ah\/"},"modified":"2025-09-10T06:20:17","modified_gmt":"2025-09-10T06:20:17","slug":"akumuliatorius-trotec-flexpower-20-v-2-ah","status":"publish","type":"product","link":"https:\/\/orotech.lt\/en\/akumuliatorius-trotec-flexpower-20-v-2-ah\/","title":{"rendered":"Akumuliatorius Trotec Flexpower 20 V 2 Ah"},"content":{"rendered":"<p>&lt;p style=&quot;text-align: justify;&quot;&gt;&lt;em&gt;Vienas akumuliatorius keliems \u012frenginiams &amp;ndash; naujovi&amp;scaron;ka Trotec akumuliatori\u0173 keitimo sistema!&amp;nbsp;&lt;\/em&gt;&lt;\/p&gt;<br \/>\n&lt;p style=&quot;text-align: justify;&quot;&gt;Trotec gamintojo sukurtos &amp;bdquo;Flexpower&amp;ldquo; serijos d\u0117ka galite apsieiti be daugyb\u0117s akumuliatori\u0173 ir \u012fkrovikli\u0173 &amp;ndash; naujoji keli\u0173 \u012frengini\u0173 akumuliatori\u0173 sistema &amp;bdquo;Flexpower&amp;ldquo; gali b\u016bti derinama su daugybe Trotec belaid\u017ei\u0173 elektrini\u0173 \u012franki\u0173. &amp;bdquo;Flexpower&amp;ldquo; sistema pasi\u017eymi patogiu naudojimu, universalumu bei&amp;nbsp;prisideda prie vartoji&amp;scaron;kumo ma\u017einimo.&amp;nbsp;&lt;\/p&gt;<br \/>\n&lt;p style=&quot;text-align: justify;&quot;&gt;&lt;img style=&quot;width: 1000px; height: 250px;&quot; src=&quot;\/images\/Userfiles\/www.rubisolis.lt_akumuliatorius_trotec_elektriniu_irankiu_universalus_akumuliatorius_trotec_20_V_2_Ah_.jpg&quot; alt=&quot;&quot; \/&gt;&lt;\/p&gt;<br \/>\n&lt;p style=&quot;text-align: justify;&quot;&gt;&lt;strong&gt;Auk&amp;scaron;\u010diausios kokyb\u0117s akumuliatorius Trotec&amp;nbsp;&lt;\/strong&gt;&amp;bdquo;&amp;nbsp;&lt;strong&gt;Flexpower&quot; 20 V 2 Ah&amp;nbsp;&lt;\/strong&gt;&lt;\/p&gt;<br \/>\n&lt;p style=&quot;text-align: justify;&quot;&gt;Li\u010dio jon\u0173 akumuliatoriai yra vienas populiariausi\u0173 pasirinkim\u0173. &amp;Scaron;ias baterijas galima atjungti nuo \u012fkroviklio ir i&amp;scaron; karto naudoti, nepa\u017eeid\u017eiant baterijos veikimo trukm\u0117s. Trotec gamintojo naujiausia &amp;bdquo;Flexpower&amp;ldquo; serija pasi\u017eymi didesniu galingumu. Nors kiti gamintojai savo \u012frenginius da\u017enai apr\u016bpina tik 10 arba 14 V galingumu, &amp;scaron;is 20 V akumuliatorius Trotec suteikia jums \u017eymiai daugiau galios. Palyginti su \u012fprastais modeliais su 1,5 Ah akumuliatoriaus talpa, 2 Ah \u012fkrovimo talpa u\u017etikrina ilgesn\u012f \u012frenginio veikimo laik\u0105 net iki 33 %.&lt;\/p&gt;<br \/>\n&lt;p style=&quot;text-align: justify;&quot;&gt;&lt;strong&gt;&amp;bdquo;Flexpower&amp;ldquo;&amp;nbsp;keli\u0173 \u012frengini\u0173 akumuliatorius 20 V, 2 Ah, gali b\u016bti lanks\u010diai derinamas su &amp;scaron;iais Trotec gamintojo elektriniais \u012frankiais:&amp;nbsp;&lt;br \/&gt;&lt;br \/&gt;&lt;\/strong&gt;&lt;\/p&gt;<br \/>\n&lt;table style=&quot;width: 100%;&quot; border=&quot;1&quot; cellspacing=&quot;1&quot; cellpadding=&quot;1&quot;&gt;<br \/>\n&lt;tbody&gt;<br \/>\n&lt;tr&gt;<br \/>\n&lt;td style=&quot;border-color: #ffffff; text-align: center;&quot; bgcolor=&quot;#ffffff&quot;&gt;&lt;a href=&quot;https:\/\/www.rubisolis.lt\/akumuliatorinis-suktuvas-greztuvas-trotec-pscs-11-20v&quot; target=&quot;_blank&quot; rel=&quot;noopener&quot;&gt;&lt;img style=&quot;width: 100px; height: 100px;&quot; src=&quot;\/images\/Userfiles\/www.rubisolis.lt_akumuliatorinis_suktuvas_-_grztuvas_Trotec_PSCS_11-20V1.jpg&quot; alt=&quot;&quot; \/&gt;&lt;br \/&gt;&lt;\/a&gt;&lt;\/td&gt;<br \/>\n&lt;td style=&quot;border-color: #ffffff; text-align: center;&quot; bgcolor=&quot;#ffffff&quot;&gt;&lt;a href=&quot;https:\/\/www.rubisolis.lt\/kampinis-slifuotuvas-trotec-pags-21-115&quot; target=&quot;_blank&quot; rel=&quot;noopener&quot;&gt;&lt;img style=&quot;width: 100px; height: 100px;&quot; src=&quot;\/images\/Userfiles\/www.rubisolis.lt_kampinis_slifuoklis_trotec_PAGS_21-115.jpg&quot; alt=&quot;&quot; \/&gt;&lt;br \/&gt;&lt;\/a&gt;&lt;\/td&gt;<br \/>\n&lt;td style=&quot;border-color: #ffffff; text-align: center;&quot; bgcolor=&quot;#ffffff&quot;&gt;&lt;a href=&quot;https:\/\/www.rubisolis.lt\/akumuliatorinis-rankinis-diskinis-pjuklas-trotec-pcss-10-20-v&quot; target=&quot;_blank&quot; rel=&quot;noopener&quot;&gt;&lt;img style=&quot;width: 100px; height: 100px;&quot; src=&quot;\/images\/Userfiles\/wwwrubisolislt_Akumuliatorinis_rankinis_diskinis_pjklas_Trotec_PCSS_1020_V_Cordless_Hand_Circular_Saw_PCSS_1020V.JPG&quot; alt=&quot;&quot; \/&gt;&lt;br \/&gt;&lt;\/a&gt;&lt;\/td&gt;<br \/>\n&lt;td style=&quot;border-color: #ffffff; text-align: center;&quot; bgcolor=&quot;#ffffff&quot;&gt;&lt;a href=&quot;https:\/\/www.rubisolis.lt\/svytuoklinis-siaurapjuklis-trotec-pjss-11-20v&quot; target=&quot;_blank&quot; rel=&quot;noopener&quot;&gt;&lt;img style=&quot;width: 100px; height: 100px;&quot; src=&quot;\/images\/Userfiles\/www.rubisolis.lt_svytuoklinis_siaurapjklis_trotec_PJSS_11-20V.jpg&quot; alt=&quot;&quot; \/&gt;&lt;br \/&gt;&lt;\/a&gt;&lt;\/td&gt;<br \/>\n&lt;\/tr&gt;<br \/>\n&lt;tr&gt;<br \/>\n&lt;td style=&quot;border-color: #ffffff; text-align: center;&quot; bgcolor=&quot;#ffffff&quot;&gt;<br \/>\n&lt;p&gt;&lt;a href=&quot;https:\/\/www.rubisolis.lt\/akumuliatorinis-suktuvas-greztuvas-trotec-pscs-11-20v&quot; target=&quot;_blank&quot; rel=&quot;noopener&quot;&gt;Trotec PSCS 11-20V&lt;br \/&gt;&lt;\/a&gt;Suktuvas &ndash; gr\u0119\u017etuvas&lt;\/p&gt;<br \/>\n&lt;\/td&gt;<br \/>\n&lt;td style=&quot;border-color: #ffffff; text-align: center;&quot; bgcolor=&quot;#ffffff&quot;&gt;&lt;a href=&quot;https:\/\/www.rubisolis.lt\/kampinis-slifuotuvas-trotec-pags-21-115&quot; target=&quot;_blank&quot; rel=&quot;noopener&quot;&gt;Trotec PAGS 21-115&lt;br \/&gt;&lt;\/a&gt;Kampinis &amp;scaron;lifuoklis&lt;\/td&gt;<br \/>\n&lt;td style=&quot;border-color: #ffffff; text-align: center;&quot; bgcolor=&quot;#ffffff&quot;&gt;<br \/>\n&lt;p&gt;&lt;a href=&quot;https:\/\/www.rubisolis.lt\/akumuliatorinis-rankinis-diskinis-pjuklas-trotec-pcss-10-20-v&quot; target=&quot;_blank&quot; rel=&quot;noopener&quot;&gt;Trotec PCSS 10-20 V&lt;br \/&gt;&lt;\/a&gt;Diskinis pj\u016bklas&lt;\/p&gt;<br \/>\n&lt;\/td&gt;<br \/>\n&lt;td style=&quot;border-color: #ffffff; text-align: center;&quot; bgcolor=&quot;#ffffff&quot;&gt;&lt;a href=&quot;http:\/\/www.rubisolis.lt\/svytuoklinis-siaurapjuklis-trotec-pjss-11-20v&quot; target=&quot;_blank&quot; rel=&quot;noopener&quot;&gt;Trotec PJSS 11-20V&lt;\/a&gt;&lt;br \/&gt;&amp;Scaron;vytuoklinis siaurapj\u016bklis&lt;\/td&gt;<br \/>\n&lt;\/tr&gt;<br \/>\n&lt;tr&gt;<br \/>\n&lt;td style=&quot;border-color: #ffffff; text-align: center;&quot; bgcolor=&quot;#ffffff&quot;&gt;&lt;a href=&quot;https:\/\/www.rubisolis.lt\/akumuliatorinis-tiesinis-pjuklas-trotec-prcs-10-20v&quot; target=&quot;_blank&quot; rel=&quot;noopener&quot;&gt;&lt;img style=&quot;width: 100px; height: 100px;&quot; src=&quot;\/images\/Userfiles\/www.rubisolis.lt_akumuliatorinis-tiesinis-pjuklas-trotec-prcs-1020v-18-11.jpg&quot; alt=&quot;&quot; \/&gt;&lt;br \/&gt;&lt;\/a&gt;&lt;\/td&gt;<br \/>\n&lt;td style=&quot;border-color: #ffffff; text-align: center;&quot; bgcolor=&quot;#ffffff&quot;&gt;&lt;a href=&quot;https:\/\/www.rubisolis.lt\/akumuliatorines-zoles-ir-krumu-zirkles-trotec-pgss-10-20v&quot; target=&quot;_blank&quot; rel=&quot;noopener&quot;&gt;&lt;img style=&quot;width: 100px; height: 100px;&quot; src=&quot;\/images\/Userfiles\/wwwrubisolislt_akumuliatorines_zoles_zirkles_trotec.JPG&quot; alt=&quot;&quot; \/&gt;&lt;br \/&gt;&lt;\/a&gt;&lt;\/td&gt;<br \/>\n&lt;td style=&quot;border-color: #ffffff; text-align: center;&quot; bgcolor=&quot;#ffffff&quot;&gt;&lt;a href=&quot;https:\/\/www.rubisolis.lt\/belaidis-rankinis-dulkiu-siurblys-trotec-vc-10-20v&quot; target=&quot;_blank&quot; rel=&quot;noopener&quot;&gt;&lt;img style=&quot;width: 100px; height: 100px;&quot; src=&quot;\/images\/Userfiles\/wwwrubisolislt_belaidisrankinisdulkiusiurblystrotecvc1020v161.jpg&quot; alt=&quot;&quot; \/&gt;&lt;br \/&gt;&lt;\/a&gt;&lt;\/td&gt;<br \/>\n&lt;td style=&quot;border-color: #ffffff; text-align: center;&quot; bgcolor=&quot;#ffffff&quot;&gt;&amp;nbsp;&lt;\/td&gt;<br \/>\n&lt;\/tr&gt;<br \/>\n&lt;tr&gt;<br \/>\n&lt;td style=&quot;border-color: #ffffff; text-align: center;&quot; bgcolor=&quot;#ffffff&quot;&gt;&lt;a href=&quot;http:\/\/www.rubisolis.lt\/akumuliatorinis-tiesinis-pjuklas-trotec-prcs-10-20v&quot; target=&quot;_blank&quot; rel=&quot;noopener&quot;&gt;Trotec PRCS 10\u201120V&lt;\/a&gt;&lt;br \/&gt;Tiesinis pj\u016bklas&lt;\/td&gt;<br \/>\n&lt;td style=&quot;border-color: #ffffff; text-align: center;&quot; bgcolor=&quot;#ffffff&quot;&gt;<br \/>\n&lt;p&gt;&lt;a href=&quot;https:\/\/www.rubisolis.lt\/akumuliatorines-zoles-ir-krumu-zirkles-trotec-pgss-10-20v&quot; target=&quot;_blank&quot; rel=&quot;noopener&quot;&gt;Trotec PGSS 10-20V&lt;br \/&gt;&lt;\/a&gt;\u017dol\u0117s ir kr\u016bm\u0173 \u017eirkl\u0117s&lt;\/p&gt;<br \/>\n&lt;\/td&gt;<br \/>\n&lt;td style=&quot;border-color: #ffffff; text-align: center;&quot; bgcolor=&quot;#ffffff&quot;&gt;<br \/>\n&lt;p&gt;&lt;a href=&quot;https:\/\/www.rubisolis.lt\/belaidis-rankinis-dulkiu-siurblys-trotec-vc-10-20v&quot; target=&quot;_blank&quot; rel=&quot;noopener&quot;&gt;Trotec VC 10-20V&lt;br \/&gt;&lt;\/a&gt;Rankinis dulki\u0173 siurblys&lt;\/p&gt;<br \/>\n&lt;\/td&gt;<br \/>\n&lt;td style=&quot;border-color: #ffffff; text-align: center;&quot; bgcolor=&quot;#ffffff&quot;&gt;&amp;nbsp;&lt;\/td&gt;<br \/>\n&lt;\/tr&gt;<br \/>\n&lt;\/tbody&gt;<br \/>\n&lt;\/table&gt;<br \/>\n&lt;p&gt;&lt;strong style=&quot;text-align: center;&quot;&gt;Advantages:&lt;\/strong&gt;&lt;\/p&gt;<br \/>\n&lt;ul&gt;<br \/>\n&lt;li&gt;Akumuliatorius Trotec &amp;bdquo;Flexpower&quot; 20 V 2 Ah &amp;nbsp;gali b\u016bti derinamas su keliais skirtingais Trotec gamintojo belaid\u017eiais elektriniais \u012frankiais;&lt;\/li&gt;<br \/>\n&lt;li&gt;\u012ekraunamos li\u010dio jon\u0173 NMC baterijos elementai sukurti maksimaliam energijos tankiui;&lt;\/li&gt;<br \/>\n&lt;li&gt;N\u0117ra atminties efekto, visada paruo&amp;scaron;tas naudoti d\u0117l li\u010dio jon\u0173 technologijos;&lt;\/li&gt;<br \/>\n&lt;li&gt;Sumanus energijos valdymas, neleid\u017eiantis savaiminiam i&amp;scaron;sikrovimui;&lt;\/li&gt;<br \/>\n&lt;li&gt;Akumuliatorius su didele srov\u0117s galia &amp;ndash; idealiai tinka \u012frenginiams, kuriems reikia daug energijos;&lt;\/li&gt;<br \/>\n&lt;li&gt;Akumuliatoriuje integruotas 3 pakop\u0173 LED indikatorius, rodantis \u012fkrovimo b\u016bsen\u0105.&lt;\/li&gt;<br \/>\n&lt;\/ul&gt;<br \/>\n&lt;p&gt;&lt;strong&gt;Trotec&amp;nbsp;&amp;bdquo;Flexpower&amp;ldquo;&amp;nbsp;20 V&amp;nbsp;2.0&amp;nbsp;Ah&amp;nbsp;akumuliatoriaus technin\u0117s savyb\u0117s:&lt;\/strong&gt;&lt;\/p&gt;<br \/>\n&lt;ul&gt;<br \/>\n&lt;li&gt;Akumuliatoriaus talpa: (Ah) 2;&lt;\/li&gt;<br \/>\n&lt;li&gt;Baterijos tipas: Li-ion;&lt;\/li&gt;<br \/>\n&lt;li&gt;Galingumas: 20 V;&lt;\/li&gt;<br \/>\n&lt;li&gt;Baterijos lygiai: 3;&lt;\/li&gt;<br \/>\n&lt;li&gt;\u012ekrovimo trukm\u0117: 1 h.&lt;\/li&gt;<br \/>\n&lt;\/ul&gt;<br \/>\n&lt;p style=&quot;text-align: justify;&quot;&gt;&lt;em&gt;D\u0117mesio: \u012f komplektacij\u0105 ne\u012feina akumuliatoriaus \u012fkroviklis.&lt;\/em&gt;&lt;\/p&gt;<\/p>","protected":false},"excerpt":{"rendered":"<p>&lt;p style=&quot;text-align: justify;&quot;&gt;&lt;em&gt;Vienas akumuliatorius keliems \u012frenginiams &amp;ndash; naujovi&amp;scaron;ka Trotec akumuliatori\u0173 keitimo sistema!&amp;nbsp;&lt;\/em&gt;&lt;\/p&gt; &lt;p style=&quot;text-align: justify;&quot;&gt;Trotec gamintojo sukurtos &amp;bdquo;Flexpower&amp;ldquo; serijos d\u0117ka<\/p>","protected":false},"featured_media":26827,"comment_status":"closed","ping_status":"open","template":"","meta":[],"product_brand":[],"product_cat":[23],"product_tag":[535],"class_list":{"0":"post-26825","1":"product","2":"type-product","3":"status-publish","4":"has-post-thumbnail","6":"product_cat-be-kategorijos","7":"product_tag-naujiena","9":"first","10":"onbackorder","11":"taxable","12":"shipping-taxable","13":"product-type-variable"},"_links":{"self":[{"href":"https:\/\/orotech.lt\/en\/wp-json\/wp\/v2\/product\/26825","targetHints":{"allow":["GET"]}}],"collection":[{"href":"https:\/\/orotech.lt\/en\/wp-json\/wp\/v2\/product"}],"about":[{"href":"https:\/\/orotech.lt\/en\/wp-json\/wp\/v2\/types\/product"}],"replies":[{"embeddable":true,"href":"https:\/\/orotech.lt\/en\/wp-json\/wp\/v2\/comments?post=26825"}],"version-history":[{"count":1,"href":"https:\/\/orotech.lt\/en\/wp-json\/wp\/v2\/product\/26825\/revisions"}],"predecessor-version":[{"id":26826,"href":"https:\/\/orotech.lt\/en\/wp-json\/wp\/v2\/product\/26825\/revisions\/26826"}],"wp:featuredmedia":[{"embeddable":true,"href":"https:\/\/orotech.lt\/en\/wp-json\/wp\/v2\/media\/26827"}],"wp:attachment":[{"href":"https:\/\/orotech.lt\/en\/wp-json\/wp\/v2\/media?parent=26825"}],"wp:term":[{"taxonomy":"product_brand","embeddable":true,"href":"https:\/\/orotech.lt\/en\/wp-json\/wp\/v2\/product_brand?post=26825"},{"taxonomy":"product_cat","embeddable":true,"href":"https:\/\/orotech.lt\/en\/wp-json\/wp\/v2\/product_cat?post=26825"},{"taxonomy":"product_tag","embeddable":true,"href":"https:\/\/orotech.lt\/en\/wp-json\/wp\/v2\/product_tag?post=26825"}],"curies":[{"name":"wp","href":"https:\/\/api.w.org\/{rel}","templated":true}]}}