{"id":26829,"date":"2025-09-09T08:05:02","date_gmt":"2025-09-09T08:05:02","guid":{"rendered":"https:\/\/orotech.lt\/akumuliatorius-trotec-pscs-11-12v-2-ah\/"},"modified":"2025-09-10T06:20:18","modified_gmt":"2025-09-10T06:20:18","slug":"akumuliatorius-trotec-pscs-11-12v-2-ah","status":"publish","type":"product","link":"https:\/\/orotech.lt\/en\/akumuliatorius-trotec-pscs-11-12v-2-ah\/","title":{"rendered":"Akumuliatorius Trotec PSCS 11-12V 2 Ah"},"content":{"rendered":"<p><strong>Trotec PSCS 11-12V 2 Ah akumuliatorius<\/strong><\/p>\n<ul>\n<li>\n\t\t<span><span>Akumuliatoriaus talpa: 2 Ah;<\/span><\/span><\/li>\n<li>\n\t\t<span><span>Baterijos r\u016b\u0161is: Li-ion;<\/span><\/span><\/li>\n<li>\n\t\t<span><span>Akumuliatoriaus \u012fkrovimo laikas: 1 h;<\/span><\/span><\/li>\n<li>\n\t\t<span><span>12 V li\u010dio jon\u0173 akumuliatorius be atminties efekto ir savaimin\u0117s i\u0161krovos;<\/span><\/span><\/li>\n<li>\n\t\t<span><span>Svoris: 0.18&nbsp;kg.<\/span><\/span><\/li>\n<\/ul>","protected":false},"excerpt":{"rendered":"<p>Trotec PSCS 11-12V 2 Ah akumuliatorius Akumuliatoriaus talpa: 2 Ah; Baterijos r\u016b\u0161is: Li-ion; Akumuliatoriaus \u012fkrovimo laikas: 1 h; 12 V<\/p>","protected":false},"featured_media":26831,"comment_status":"closed","ping_status":"open","template":"","meta":[],"product_brand":[],"product_cat":[23],"product_tag":[535],"class_list":{"0":"post-26829","1":"product","2":"type-product","3":"status-publish","4":"has-post-thumbnail","6":"product_cat-be-kategorijos","7":"product_tag-naujiena","9":"first","10":"onbackorder","11":"taxable","12":"shipping-taxable","13":"product-type-variable"},"_links":{"self":[{"href":"https:\/\/orotech.lt\/en\/wp-json\/wp\/v2\/product\/26829","targetHints":{"allow":["GET"]}}],"collection":[{"href":"https:\/\/orotech.lt\/en\/wp-json\/wp\/v2\/product"}],"about":[{"href":"https:\/\/orotech.lt\/en\/wp-json\/wp\/v2\/types\/product"}],"replies":[{"embeddable":true,"href":"https:\/\/orotech.lt\/en\/wp-json\/wp\/v2\/comments?post=26829"}],"version-history":[{"count":1,"href":"https:\/\/orotech.lt\/en\/wp-json\/wp\/v2\/product\/26829\/revisions"}],"predecessor-version":[{"id":26830,"href":"https:\/\/orotech.lt\/en\/wp-json\/wp\/v2\/product\/26829\/revisions\/26830"}],"wp:featuredmedia":[{"embeddable":true,"href":"https:\/\/orotech.lt\/en\/wp-json\/wp\/v2\/media\/26831"}],"wp:attachment":[{"href":"https:\/\/orotech.lt\/en\/wp-json\/wp\/v2\/media?parent=26829"}],"wp:term":[{"taxonomy":"product_brand","embeddable":true,"href":"https:\/\/orotech.lt\/en\/wp-json\/wp\/v2\/product_brand?post=26829"},{"taxonomy":"product_cat","embeddable":true,"href":"https:\/\/orotech.lt\/en\/wp-json\/wp\/v2\/product_cat?post=26829"},{"taxonomy":"product_tag","embeddable":true,"href":"https:\/\/orotech.lt\/en\/wp-json\/wp\/v2\/product_tag?post=26829"}],"curies":[{"name":"wp","href":"https:\/\/api.w.org\/{rel}","templated":true}]}}