{"id":26832,"date":"2025-09-09T08:05:02","date_gmt":"2025-09-09T08:05:02","guid":{"rendered":"https:\/\/orotech.lt\/antgaliu-rinkinys-su-atsuktuvu-trotec-9in1\/"},"modified":"2025-09-10T06:20:19","modified_gmt":"2025-09-10T06:20:19","slug":"antgaliu-rinkinys-su-atsuktuvu-trotec-9in1","status":"publish","type":"product","link":"https:\/\/orotech.lt\/en\/antgaliu-rinkinys-su-atsuktuvu-trotec-9in1\/","title":{"rendered":"Antgali\u0173 rinkinys su atsuktuvu Trotec 9in1"},"content":{"rendered":"<p><em>Viskas viename: tvirtas ir kompakti\u0161kas atsuktuvas su 6 antgaliais ir 3 \u0161e\u0161iakamp\u0117mis galvut\u0117mis<br \/>\n\t<\/em><\/p>\n<p style=\"text-align: justify;\">Tvirtas, auk\u0161tos kokyb\u0117s ergonomi\u0161kas atsuktuvas Trotec &bdquo;9 IN 1&ldquo; tiks \u012fvairiems buities darbams. Kad atsuktuvas tarnaut\u0173 ilgai ir pateisint\u0173 l\u016bkes\u010dius, plok\u0161\u010dio atsuktuvo antgalius (4 mm, 5 mm, 6 mm) reikt\u0173 naudoti lengvesniems montavimo, surinkimo, medienos apdirbimo ar restauravimo darbams. Kry\u017eminio atsuktuvo antgalius (PH0, PH1, PH2) galima naudoti remontuojant dvira\u010dius, motociklus, elektroninius prietaisus. \u0160e\u0161iakamp\u0117s atsuktuvo galvut\u0117s (1\/4&quot;, 5\/16&quot;, 3\/8&quot;) puikiai pasitarnaus dirbant su universaliais medienai arba metalui tinkan\u010diais var\u017etais.<\/p>\n<p style=\"text-align: justify;\">Taip pat galima u\u017erakinti atsuktuvo ranken\u0105, kad prireikus b\u016bt\u0173 galima dirbti, kaip ir su stand\u017eiu atsuktuvu. Rankena padengta guma, tod\u0117l \u012frank\u012f patogu valdyti.<\/p>\n<p style=\"text-align: justify;\">Advantages:<\/p>\n<ul>\n<li>\n\t\tErgonomi\u0161kas atsuktuvas su 9 skirtingais antgaliais;<\/li>\n<li>\n\t\t360&deg; rankenos sukimo kampas (minimalus gr\u012f\u017eimo kampas 14,4&deg;);<\/li>\n<li>\n\t\tPaprasta antgali\u0173 jungties sistema;<\/li>\n<li>\n\t\tRankena padengta guma, tod\u0117l \u012frankis neslysta i\u0161 rankos, patogu valdyti;<\/li>\n<li>\n\t\tPagamintas i\u0161 auk\u0161\u010diausios kokyb\u0117s \u012franki\u0173 plieno;<\/li>\n<li>\n\t\tPakei\u010dia 9 atskirus atsuktuvus arba ver\u017eliarak\u010dius.<\/li>\n<\/ul>\n<p>Technical characteristics:<\/p>\n<ul>\n<li>\n\t\tKry\u017eminio atsuktuvo antgalis: PH0, PH1, PH2;<\/li>\n<li>\n\t\tPlok\u0161\u010dio atsuktuvo antgalis: 4 mm, 5 mm, 6 mm;<\/li>\n<li>\n\t\t\u0160e\u0161iakamp\u0117s atsuktuvo galvut\u0117: 1\/4&quot;, 5\/16&quot;, 3\/8&quot;;<\/li>\n<li>\n\t\tMatmenys (mm): 35 x 35 x 220;<\/li>\n<li>\n\t\tSvoris (kg): 0.1 kg.<\/li>\n<\/ul>","protected":false},"excerpt":{"rendered":"<p>Viskas viename: tvirtas ir kompakti\u0161kas atsuktuvas su 6 antgaliais ir 3 \u0161e\u0161iakamp\u0117mis galvut\u0117mis Tvirtas, auk\u0161tos kokyb\u0117s ergonomi\u0161kas atsuktuvas Trotec &bdquo;9<\/p>","protected":false},"featured_media":26834,"comment_status":"closed","ping_status":"open","template":"","meta":[],"product_brand":[],"product_cat":[23],"product_tag":[535],"class_list":{"0":"post-26832","1":"product","2":"type-product","3":"status-publish","4":"has-post-thumbnail","6":"product_cat-be-kategorijos","7":"product_tag-naujiena","9":"first","10":"onbackorder","11":"taxable","12":"shipping-taxable","13":"product-type-variable"},"_links":{"self":[{"href":"https:\/\/orotech.lt\/en\/wp-json\/wp\/v2\/product\/26832","targetHints":{"allow":["GET"]}}],"collection":[{"href":"https:\/\/orotech.lt\/en\/wp-json\/wp\/v2\/product"}],"about":[{"href":"https:\/\/orotech.lt\/en\/wp-json\/wp\/v2\/types\/product"}],"replies":[{"embeddable":true,"href":"https:\/\/orotech.lt\/en\/wp-json\/wp\/v2\/comments?post=26832"}],"version-history":[{"count":1,"href":"https:\/\/orotech.lt\/en\/wp-json\/wp\/v2\/product\/26832\/revisions"}],"predecessor-version":[{"id":26833,"href":"https:\/\/orotech.lt\/en\/wp-json\/wp\/v2\/product\/26832\/revisions\/26833"}],"wp:featuredmedia":[{"embeddable":true,"href":"https:\/\/orotech.lt\/en\/wp-json\/wp\/v2\/media\/26834"}],"wp:attachment":[{"href":"https:\/\/orotech.lt\/en\/wp-json\/wp\/v2\/media?parent=26832"}],"wp:term":[{"taxonomy":"product_brand","embeddable":true,"href":"https:\/\/orotech.lt\/en\/wp-json\/wp\/v2\/product_brand?post=26832"},{"taxonomy":"product_cat","embeddable":true,"href":"https:\/\/orotech.lt\/en\/wp-json\/wp\/v2\/product_cat?post=26832"},{"taxonomy":"product_tag","embeddable":true,"href":"https:\/\/orotech.lt\/en\/wp-json\/wp\/v2\/product_tag?post=26832"}],"curies":[{"name":"wp","href":"https:\/\/api.w.org\/{rel}","templated":true}]}}