{"id":26844,"date":"2025-09-09T08:05:02","date_gmt":"2025-09-09T08:05:02","guid":{"rendered":"https:\/\/orotech.lt\/akumuliatoriaus-ikroviklis-trotec-multiflex-20v-2-0-mah\/"},"modified":"2025-09-10T06:20:20","modified_gmt":"2025-09-10T06:20:20","slug":"akumuliatoriaus-ikroviklis-trotec-multiflex-20v-2-0-mah","status":"publish","type":"product","link":"https:\/\/orotech.lt\/en\/akumuliatoriaus-ikroviklis-trotec-multiflex-20v-2-0-mah\/","title":{"rendered":"Akumuliatoriaus \u012fkroviklis Trotec Multiflex 20V 2.0 mAh"},"content":{"rendered":"<p>&lt;p style=&quot;text-align: justify;&quot;&gt;Akumuliatoriaus \u012fkroviklis Trotec Multiflex 20V 2.0 mAh, skirtas \u012fkrauti&amp;nbsp;&lt;a href=&quot;\/en\/akumuliatorius-trotec-flexpower-20-v-2-ah\/&quot; target=&quot;_blank&quot; rel=&quot;noopener&quot;&gt;Trotec Flexpower 20 V 2 Ah&lt;\/a&gt;&amp;nbsp;bei Trotec Flexpower 20 V 4 Ah akumuliatorius.&lt;\/p&gt;<br \/>\n&lt;p style=&quot;text-align: justify;&quot;&gt;&lt;em&gt;Vienas akumuliatorius keliems \u012frenginiams &amp;ndash; naujovi&amp;scaron;ka Trotec akumuliatori\u0173 keitimo sistema!&amp;nbsp;&lt;\/em&gt;&lt;\/p&gt;<br \/>\n&lt;p style=&quot;text-align: justify;&quot;&gt;Trotec gamintojo sukurtos &amp;bdquo;Flexpower&amp;ldquo; serijos d\u0117ka galite apsieiti be daugyb\u0117s akumuliatori\u0173 ir \u012fkrovikli\u0173 &amp;ndash; naujoji keli\u0173 \u012frengini\u0173 akumuliatori\u0173 sistema &amp;bdquo;Flexpower&amp;ldquo; gali b\u016bti derinama su daugybe Trotec belaid\u017ei\u0173 elektrini\u0173 \u012franki\u0173. &amp;bdquo;Flexpower&amp;ldquo; sistema pasi\u017eymi patogiu naudojimu, universalumu bei&amp;nbsp;prisideda prie vartoji&amp;scaron;kumo ma\u017einimo.&amp;nbsp;&lt;\/p&gt;<br \/>\n&lt;p style=&quot;text-align: justify;&quot;&gt;&lt;img style=&quot;width: 1000px; height: 250px;&quot; src=&quot;\/images\/Userfiles\/www.rubisolis.lt_akumuliatorius_trotec_elektriniu_irankiu_universalus_akumuliatorius_trotec_20_V_2_Ah_.jpg&quot; alt=&quot;&quot; \/&gt;&lt;\/p&gt;<\/p>","protected":false},"excerpt":{"rendered":"<p>&lt;p style=&quot;text-align: justify;&quot;&gt;Akumuliatoriaus \u012fkroviklis Trotec Multiflex 20V 2.0 mAh, skirtas \u012fkrauti&amp;nbsp;&lt;a href=&quot;\/en\/akumuliatorius-trotec-flexpower-20-v-2-ah\/&quot; target=&quot;_blank&quot; rel=&quot;noopener&quot;&gt;Trotec Flexpower 20 V 2 Ah&lt;\/a&gt;&amp;nbsp;bei Trotec<\/p>","protected":false},"featured_media":26846,"comment_status":"closed","ping_status":"open","template":"","meta":[],"product_brand":[],"product_cat":[23],"product_tag":[535],"class_list":{"0":"post-26844","1":"product","2":"type-product","3":"status-publish","4":"has-post-thumbnail","6":"product_cat-be-kategorijos","7":"product_tag-naujiena","9":"first","10":"onbackorder","11":"taxable","12":"shipping-taxable","13":"product-type-variable"},"_links":{"self":[{"href":"https:\/\/orotech.lt\/en\/wp-json\/wp\/v2\/product\/26844","targetHints":{"allow":["GET"]}}],"collection":[{"href":"https:\/\/orotech.lt\/en\/wp-json\/wp\/v2\/product"}],"about":[{"href":"https:\/\/orotech.lt\/en\/wp-json\/wp\/v2\/types\/product"}],"replies":[{"embeddable":true,"href":"https:\/\/orotech.lt\/en\/wp-json\/wp\/v2\/comments?post=26844"}],"version-history":[{"count":1,"href":"https:\/\/orotech.lt\/en\/wp-json\/wp\/v2\/product\/26844\/revisions"}],"predecessor-version":[{"id":26845,"href":"https:\/\/orotech.lt\/en\/wp-json\/wp\/v2\/product\/26844\/revisions\/26845"}],"wp:featuredmedia":[{"embeddable":true,"href":"https:\/\/orotech.lt\/en\/wp-json\/wp\/v2\/media\/26846"}],"wp:attachment":[{"href":"https:\/\/orotech.lt\/en\/wp-json\/wp\/v2\/media?parent=26844"}],"wp:term":[{"taxonomy":"product_brand","embeddable":true,"href":"https:\/\/orotech.lt\/en\/wp-json\/wp\/v2\/product_brand?post=26844"},{"taxonomy":"product_cat","embeddable":true,"href":"https:\/\/orotech.lt\/en\/wp-json\/wp\/v2\/product_cat?post=26844"},{"taxonomy":"product_tag","embeddable":true,"href":"https:\/\/orotech.lt\/en\/wp-json\/wp\/v2\/product_tag?post=26844"}],"curies":[{"name":"wp","href":"https:\/\/api.w.org\/{rel}","templated":true}]}}