{"id":26850,"date":"2025-09-09T08:05:02","date_gmt":"2025-09-09T08:05:02","guid":{"rendered":"https:\/\/orotech.lt\/atsargine-grandine-trotec-pchs-10-20v\/"},"modified":"2025-09-10T06:20:23","modified_gmt":"2025-09-10T06:20:23","slug":"atsargine-grandine-trotec-pchs-10-20v","status":"publish","type":"product","link":"https:\/\/orotech.lt\/en\/atsargine-grandine-trotec-pchs-10-20v\/","title":{"rendered":"Atsargin\u0117 grandin\u0117 Trotec PCHS 10-20V"},"content":{"rendered":"<p>Auk\u0161tos kokyb\u0117s Trotec atsargin\u0117 grandin\u0117 yra optimaliai suderinta su PCHS 10-20V grandininio pj\u016bklo ir vis\u0173 parduodam\u0173 grandinini\u0173 pj\u016bkl\u0173 su identi\u0161komis gaminio savyb\u0117mis technin\u0117mis savyb\u0117mis.<\/p>\n<p>Akumuliatorini\u0173 grandinini\u0173 pj\u016bkl\u0173 grandin\u0117s, kaip ir \u012fprastos pj\u016bklo gele\u017et\u0117s, yra nat\u016braliai nusid\u0117v\u0117jusios. Tam tikru momentu net geriausia grandin\u0117 tampa buka ir nuken\u010dia pjovimo efektyvumas. Arba vinis girait\u0117je sugadina grandin\u0117s dant\u012f, tod\u0117l grandin\u0119 reikia pakeisti, jei tik saugumo sumetimais.<\/p>\n<p><strong>Prek\u0117s savyb\u0117s:<\/strong><\/p>\n<ul>\n<li>\n\t\tTinka PCHS 10-20V akumuliatoriniam grandininiam pj\u016bklui;<\/li>\n<li>\n\t\tGrandin\u0117s tipas: 6 coli\u0173;<\/li>\n<li>\n\t\tGrandin\u0117s greitis: 4,8 m\/s;<\/li>\n<li>\n\t\tJungtys: 40 vnt;<\/li>\n<li>\n\t\tVaran\u010diosios jungties storis: 0,6 mm;<\/li>\n<li>\n\t\tPuikus pjovimo na\u0161umas;<\/li>\n<li>\n\t\tIlgas tarnavimo laikas tinkamai sand\u0117liuojant;<\/li>\n<li>\n\t\tAuk\u0161tos kokyb\u0117s.<\/li>\n<\/ul>","protected":false},"excerpt":{"rendered":"<p>Auk\u0161tos kokyb\u0117s Trotec atsargin\u0117 grandin\u0117 yra optimaliai suderinta su PCHS 10-20V grandininio pj\u016bklo ir vis\u0173 parduodam\u0173 grandinini\u0173 pj\u016bkl\u0173 su identi\u0161komis<\/p>","protected":false},"featured_media":26852,"comment_status":"closed","ping_status":"open","template":"","meta":[],"product_brand":[],"product_cat":[23],"product_tag":[535],"class_list":{"0":"post-26850","1":"product","2":"type-product","3":"status-publish","4":"has-post-thumbnail","6":"product_cat-be-kategorijos","7":"product_tag-naujiena","9":"first","10":"onbackorder","11":"taxable","12":"shipping-taxable","13":"product-type-variable"},"_links":{"self":[{"href":"https:\/\/orotech.lt\/en\/wp-json\/wp\/v2\/product\/26850","targetHints":{"allow":["GET"]}}],"collection":[{"href":"https:\/\/orotech.lt\/en\/wp-json\/wp\/v2\/product"}],"about":[{"href":"https:\/\/orotech.lt\/en\/wp-json\/wp\/v2\/types\/product"}],"replies":[{"embeddable":true,"href":"https:\/\/orotech.lt\/en\/wp-json\/wp\/v2\/comments?post=26850"}],"version-history":[{"count":1,"href":"https:\/\/orotech.lt\/en\/wp-json\/wp\/v2\/product\/26850\/revisions"}],"predecessor-version":[{"id":26851,"href":"https:\/\/orotech.lt\/en\/wp-json\/wp\/v2\/product\/26850\/revisions\/26851"}],"wp:featuredmedia":[{"embeddable":true,"href":"https:\/\/orotech.lt\/en\/wp-json\/wp\/v2\/media\/26852"}],"wp:attachment":[{"href":"https:\/\/orotech.lt\/en\/wp-json\/wp\/v2\/media?parent=26850"}],"wp:term":[{"taxonomy":"product_brand","embeddable":true,"href":"https:\/\/orotech.lt\/en\/wp-json\/wp\/v2\/product_brand?post=26850"},{"taxonomy":"product_cat","embeddable":true,"href":"https:\/\/orotech.lt\/en\/wp-json\/wp\/v2\/product_cat?post=26850"},{"taxonomy":"product_tag","embeddable":true,"href":"https:\/\/orotech.lt\/en\/wp-json\/wp\/v2\/product_tag?post=26850"}],"curies":[{"name":"wp","href":"https:\/\/api.w.org\/{rel}","templated":true}]}}