{"id":26858,"date":"2025-09-09T08:05:02","date_gmt":"2025-09-09T08:05:02","guid":{"rendered":"https:\/\/orotech.lt\/papildomas-akumuliatorius-flexpower-20v-40-ah\/"},"modified":"2025-09-10T06:20:24","modified_gmt":"2025-09-10T06:20:24","slug":"papildomas-akumuliatorius-flexpower-20v-40-ah","status":"publish","type":"product","link":"https:\/\/orotech.lt\/en\/papildomas-akumuliatorius-flexpower-20v-40-ah\/","title":{"rendered":"Papildomas akumuliatorius Flexpower 20V 4,0 Ah"},"content":{"rendered":"<p>&lt;p style=&quot;text-align: justify;&quot;&gt;Papildomas akumuliatorius Flexpower 20V 4,0 Ah &ndash; galima naudoti su \u012fvairiais Trotec akumuliatoriniais \u012frankiais.&lt;\/p&gt;<br \/>\n&lt;p style=&quot;text-align: justify;&quot;&gt;&lt;strong&gt;Papildomas akumuliatorius Flexpower 20V 4,0 Ah&lt;\/strong&gt;&lt;br \/&gt;Su papildomu akumuliatoriumi Flexpower 20V 4,0 Ah visada b\u016bsite pasireng\u0119&amp;nbsp; ilgiau naudoti savo elektrinius Trotec \u012frankius.&lt;\/p&gt;<br \/>\n&lt;p style=&quot;text-align: justify;&quot;&gt;&lt;strong&gt;Flexpower &ndash; naujovi&amp;scaron;ka Trotec keli\u0173 baterij\u0173 sistema&amp;nbsp;&lt;\/strong&gt;&lt;\/p&gt;<br \/>\n&lt;p style=&quot;text-align: justify;&quot;&gt;&lt;img style=&quot;width: 1000px; height: 250px;&quot; src=&quot;\/images\/Userfiles\/www.rubisolis.lt_akumuliatorius_trotec_elektriniu_irankiu_universalus_akumuliatorius_trotec_20_V_2_Ah_.jpg&quot; alt=&quot;&quot; \/&gt;&lt;\/p&gt;<br \/>\n&lt;p style=&quot;text-align: justify;&quot;&gt;Naudodami papildom\u0105 akumuliatori\u0173 galite vienu metu \u012fkrauti vien\u0105 akumuliatori\u0173, o su kitu akumuliatoriumi dirbti be joki\u0173 problem\u0173.&lt;\/p&gt;<br \/>\n&lt;p style=&quot;text-align: justify;&quot;&gt;&lt;strong&gt;Galima derinti su &amp;scaron;iais Trotec gaminiais:&lt;\/strong&gt;&lt;\/p&gt;<br \/>\n&lt;ul&gt;<br \/>\n&lt;li&gt;\u012ekraunama darbo &amp;scaron;viesa PWLS 10&lt;\/li&gt;<br \/>\n&lt;li&gt;\u012ekraunama darbo &amp;scaron;viesa PWLS 10-20V&lt;\/li&gt;<br \/>\n&lt;li&gt;\u012ekraunama LED darbo &amp;scaron;viesa PWLS 15-20V&lt;\/li&gt;<br \/>\n&lt;li&gt;Akumuliatorinis kampinis &amp;scaron;lifuoklis PAGS 20-115&lt;\/li&gt;<br \/>\n&lt;li&gt;Akumuliatorinis kampinis &amp;scaron;lifuoklis PAGS 21-115&lt;\/li&gt;<br \/>\n&lt;li&gt;Akumuliatorinis sm\u016bginis ver\u017eliaraktis PIWS 10-20V&lt;\/li&gt;<br \/>\n&lt;li&gt;Akumuliatorinis sm\u016bginis gr\u0119\u017etuvas PRDS 20-20V&lt;\/li&gt;<br \/>\n&lt;li&gt;Akumuliatorinis poliruoklis PPOS 10-20V&lt;\/li&gt;<br \/>\n&lt;li&gt;Akumuliatorinis obliavimo aparatas PPLS 10-20V&lt;\/li&gt;<br \/>\n&lt;li&gt;Akumuliatorin\u0117s \u017eol\u0117s ir kr\u016bm\u0173 \u017eirkl\u0117s PGSS 10-20V&lt;\/li&gt;<br \/>\n&lt;li&gt;Akumuliatorinis rankinis dulki\u0173 siurblys VC 10-20V&lt;\/li&gt;<br \/>\n&lt;li&gt;Akumuliatorinis dulki\u0173 siurblys VC 15-20 V&lt;\/li&gt;<br \/>\n&lt;li&gt;Akumuliatorinis juostinis &amp;scaron;lifuoklis PBSS 10-20V&lt;\/li&gt;<br \/>\n&lt;li&gt;Akumuliatorin\u0117s sodo \u017eirkl\u0117s PGSS 15-20V&lt;\/li&gt;<br \/>\n&lt;li&gt;Akumuliatorinis auk&amp;scaron;to sl\u0117gio valytuvas PPWS 10-20V&lt;\/li&gt;<br \/>\n&lt;\/ul&gt;<br \/>\n&lt;p style=&quot;text-align: justify;&quot;&gt;&lt;br \/&gt;&lt;strong&gt;Technical data:&lt;\/strong&gt;&lt;\/p&gt;<br \/>\n&lt;ul&gt;<br \/>\n&lt;li&gt;Nominalioji \u012ftampa: 20 V;&lt;\/li&gt;<br \/>\n&lt;li&gt;Talpa: 4,0 Ah;&lt;\/li&gt;<br \/>\n&lt;li&gt;\u012ekrovimo trukm\u0117: 1,5 val;&lt;\/li&gt;<br \/>\n&lt;li&gt;Svoris: 0,7 kg;&lt;\/li&gt;<br \/>\n&lt;li&gt;Li\u010dio jon\u0173 technologija be atminties efekto ir savaiminio i&amp;scaron;sikrovimo.&lt;\/li&gt;<br \/>\n&lt;\/ul&gt;<br \/>\n&lt;p style=&quot;text-align: justify;&quot;&gt;&lt;strong&gt;Koki\u0105 \u012ftak\u0105 20 V pagalbiniam akumuliatoriui turi didesn\u0117 ampervaland\u017ei\u0173 (Ah) specifikacija?&lt;\/strong&gt;&lt;\/p&gt;<br \/>\n&lt;p style=&quot;text-align: justify;&quot;&gt;Akumuliatoriaus talpa nurodoma ampervaland\u0117mis (Ah). Jei \u012fkraunamo akumuliatoriaus vardinis stipris yra didesnis, jis gali tiekti prietaisui t\u0105 pa\u010di\u0105 srov\u0119 ilgesn\u012f laik\u0105 ir taip u\u017etikrinti ilgesn\u012f veikimo laik\u0105.&lt;\/p&gt;<br \/>\n&lt;p style=&quot;text-align: justify;&quot;&gt;&lt;strong&gt;Pavyzdys:&lt;\/strong&gt; Akumuliatoriumi maitinamam \u012frankiui per valand\u0105 reikia 0,2 A srov\u0117s.&lt;\/p&gt;<br \/>\n&lt;p style=&quot;text-align: justify;&quot;&gt;Maitinimas naudojant 1,5 Ah akumuliatori\u0173: 1,5 Ah \/ 0,2 A = 7,5 val.&lt;\/p&gt;<br \/>\n&lt;p style=&quot;text-align: justify;&quot;&gt;Maitinimas naudojant 2,0 Ah akumuliatori\u0173: 2,0 Ah \/ 0,2 A = 10 val.&lt;\/p&gt;<br \/>\n&lt;p style=&quot;text-align: justify;&quot;&gt;Maitinimas naudojant 4,0 Ah akumuliatori\u0173: 4,0 Ah \/ 0,2 A = 20 val.&lt;\/p&gt;<br \/>\n&lt;p style=&quot;text-align: justify;&quot;&gt;4,0 Ah talpos akumuliatorius u\u017etikrina iki 100 % ilgesn\u012f \u012frankio naudojim\u0105, palyginti su 2,0 Ah akumuliatoriumi.&amp;nbsp;&lt;\/p&gt;<br \/>\n&lt;p style=&quot;text-align: justify;&quot;&gt;&lt;span style=&quot;color: #f00;&quot;&gt;&lt;strong&gt;&lt;em&gt;D\u0117mesio: \u012f komplektacij\u0105 akumuliatoriaus \u012fkroviklis&amp;nbsp;&lt;\/em&gt;&lt;\/strong&gt;&lt;em&gt;&lt;strong&gt;ne\u012feina.&lt;\/strong&gt;&lt;\/em&gt;&lt;\/span&gt;&lt;\/p&gt;<\/p>","protected":false},"excerpt":{"rendered":"<p>&lt;p style=&quot;text-align: justify;&quot;&gt;Papildomas akumuliatorius Flexpower 20V 4,0 Ah &ndash; galima naudoti su \u012fvairiais Trotec akumuliatoriniais \u012frankiais.&lt;\/p&gt; &lt;p style=&quot;text-align: justify;&quot;&gt;&lt;strong&gt;Papildomas akumuliatorius<\/p>","protected":false},"featured_media":26860,"comment_status":"closed","ping_status":"open","template":"","meta":[],"product_brand":[],"product_cat":[23],"product_tag":[535],"class_list":{"0":"post-26858","1":"product","2":"type-product","3":"status-publish","4":"has-post-thumbnail","6":"product_cat-be-kategorijos","7":"product_tag-naujiena","9":"first","10":"onbackorder","11":"taxable","12":"shipping-taxable","13":"product-type-variable"},"_links":{"self":[{"href":"https:\/\/orotech.lt\/en\/wp-json\/wp\/v2\/product\/26858","targetHints":{"allow":["GET"]}}],"collection":[{"href":"https:\/\/orotech.lt\/en\/wp-json\/wp\/v2\/product"}],"about":[{"href":"https:\/\/orotech.lt\/en\/wp-json\/wp\/v2\/types\/product"}],"replies":[{"embeddable":true,"href":"https:\/\/orotech.lt\/en\/wp-json\/wp\/v2\/comments?post=26858"}],"version-history":[{"count":1,"href":"https:\/\/orotech.lt\/en\/wp-json\/wp\/v2\/product\/26858\/revisions"}],"predecessor-version":[{"id":26859,"href":"https:\/\/orotech.lt\/en\/wp-json\/wp\/v2\/product\/26858\/revisions\/26859"}],"wp:featuredmedia":[{"embeddable":true,"href":"https:\/\/orotech.lt\/en\/wp-json\/wp\/v2\/media\/26860"}],"wp:attachment":[{"href":"https:\/\/orotech.lt\/en\/wp-json\/wp\/v2\/media?parent=26858"}],"wp:term":[{"taxonomy":"product_brand","embeddable":true,"href":"https:\/\/orotech.lt\/en\/wp-json\/wp\/v2\/product_brand?post=26858"},{"taxonomy":"product_cat","embeddable":true,"href":"https:\/\/orotech.lt\/en\/wp-json\/wp\/v2\/product_cat?post=26858"},{"taxonomy":"product_tag","embeddable":true,"href":"https:\/\/orotech.lt\/en\/wp-json\/wp\/v2\/product_tag?post=26858"}],"curies":[{"name":"wp","href":"https:\/\/api.w.org\/{rel}","templated":true}]}}