{"id":26865,"date":"2025-09-09T08:05:02","date_gmt":"2025-09-09T08:05:02","guid":{"rendered":"https:\/\/orotech.lt\/antgaliu-rinkinys-suktukui-trotec-pscs\/"},"modified":"2025-09-10T06:20:25","modified_gmt":"2025-09-10T06:20:25","slug":"antgaliu-rinkinys-suktukui-trotec-pscs","status":"publish","type":"product","link":"https:\/\/orotech.lt\/en\/antgaliu-rinkinys-suktukui-trotec-pscs\/","title":{"rendered":"Antgali\u0173 rinkinys suktukui Trotec PSCS"},"content":{"rendered":"<p><img decoding=\"async\" alt=\"\" src=\"\/images\/Userfiles\/www.rubisolis.lt_Antgali_rinkinys_suktukui_Trotec_PSCS_.jpg\" style=\"width: 1000px; height: 234px;\" title=\"\"><\/p>\n<p>Su 32 dali\u0173 antgali\u0173 rinkiniu suktukui Trotec PSCS b\u016bsite pasireng\u0119 bet kokiam darbui. Rinkinyje rasite patvari\u0173 kokybi\u0161k\u0173 antgali\u0173 suktuvui, kurie tinka prakti\u0161kai bet kokiam darbui ir vis\u0173 gamintoj\u0173 akumuliatoriniams atsuktuvams.&nbsp;<\/p>\n<p><strong>Advantages:<\/strong><\/p>\n<ul>\n<li>\n\t\tPlastikin\u0117 d\u0117\u017eut\u0117 su u\u017eraktu ir integruotu dir\u017eo spaustuku;<\/li>\n<li>\n\t\tPilnas &quot;Trotec&quot; prek\u0117s \u017eenklo kokyb\u0117s rinkinys<\/li>\n<li>\n\t\tIntegruotas kabliukas, skirtas tvirtinti prie sienos, kai nenaudojamas;<\/li>\n<li>\n\t\tVisi antgaliai yra fiksuoti ir spalvotai pa\u017eym\u0117ti pagal tip\u0105;<\/li>\n<li>\n\t\tTinka vis\u0173 gamintoj\u0173 akumuliatoriniams atsuktuvams.<\/li>\n<\/ul>\n<p><strong>Rinkin\u012f sudaro:<\/strong><\/p>\n<ul>\n<li>\n\t\tPhillips Recess PH 1\/2\/2\/3 dyd\u017eiai;<\/li>\n<li>\n\t\tPhillips Pozidriv PZ 1\/2\/2\/3 dyd\u017eiai;<\/li>\n<li>\n\t\tSlotted 3\/4\/5\/6 dyd\u017eiai;<\/li>\n<li>\n\t\tTorx T 10\/15\/20\/25\/27\/30\/40 dyd\u017eiai;<\/li>\n<li>\n\t\tTorx driver TT 10\/15\/20\/25\/27\/30\/40&#39; dyd\u017eiai;<\/li>\n<li>\n\t\tAllen H 3\/4\/5\/6 dyd\u017eiai;<\/li>\n<li>\n\t\t6,3 mm (1\/4) Hexagonal shaft.<\/li>\n<\/ul>","protected":false},"excerpt":{"rendered":"<p>Su 32 dali\u0173 antgali\u0173 rinkiniu suktukui Trotec PSCS b\u016bsite pasireng\u0119 bet kokiam darbui. Rinkinyje rasite patvari\u0173 kokybi\u0161k\u0173 antgali\u0173 suktuvui, kurie<\/p>","protected":false},"featured_media":26867,"comment_status":"closed","ping_status":"open","template":"","meta":[],"product_brand":[],"product_cat":[23],"product_tag":[535],"class_list":{"0":"post-26865","1":"product","2":"type-product","3":"status-publish","4":"has-post-thumbnail","6":"product_cat-be-kategorijos","7":"product_tag-naujiena","9":"first","10":"onbackorder","11":"taxable","12":"shipping-taxable","13":"product-type-variable"},"_links":{"self":[{"href":"https:\/\/orotech.lt\/en\/wp-json\/wp\/v2\/product\/26865","targetHints":{"allow":["GET"]}}],"collection":[{"href":"https:\/\/orotech.lt\/en\/wp-json\/wp\/v2\/product"}],"about":[{"href":"https:\/\/orotech.lt\/en\/wp-json\/wp\/v2\/types\/product"}],"replies":[{"embeddable":true,"href":"https:\/\/orotech.lt\/en\/wp-json\/wp\/v2\/comments?post=26865"}],"version-history":[{"count":1,"href":"https:\/\/orotech.lt\/en\/wp-json\/wp\/v2\/product\/26865\/revisions"}],"predecessor-version":[{"id":26866,"href":"https:\/\/orotech.lt\/en\/wp-json\/wp\/v2\/product\/26865\/revisions\/26866"}],"wp:featuredmedia":[{"embeddable":true,"href":"https:\/\/orotech.lt\/en\/wp-json\/wp\/v2\/media\/26867"}],"wp:attachment":[{"href":"https:\/\/orotech.lt\/en\/wp-json\/wp\/v2\/media?parent=26865"}],"wp:term":[{"taxonomy":"product_brand","embeddable":true,"href":"https:\/\/orotech.lt\/en\/wp-json\/wp\/v2\/product_brand?post=26865"},{"taxonomy":"product_cat","embeddable":true,"href":"https:\/\/orotech.lt\/en\/wp-json\/wp\/v2\/product_cat?post=26865"},{"taxonomy":"product_tag","embeddable":true,"href":"https:\/\/orotech.lt\/en\/wp-json\/wp\/v2\/product_tag?post=26865"}],"curies":[{"name":"wp","href":"https:\/\/api.w.org\/{rel}","templated":true}]}}