{"id":26883,"date":"2025-09-09T08:10:03","date_gmt":"2025-09-09T08:10:03","guid":{"rendered":"https:\/\/orotech.lt\/pjovimo-ir-slifavimo-disku-rinkinys-trotec\/"},"modified":"2025-09-10T06:20:27","modified_gmt":"2025-09-10T06:20:27","slug":"pjovimo-ir-slifavimo-disku-rinkinys-trotec","status":"publish","type":"product","link":"https:\/\/orotech.lt\/en\/pjovimo-ir-slifavimo-disku-rinkinys-trotec\/","title":{"rendered":"Pjovimo ir \u0161lifavimo disk\u0173 rinkinys Trotec"},"content":{"rendered":"<p style=\"text-align: justify;\"><img decoding=\"async\" alt=\"\" src=\"\/images\/Userfiles\/www.rubisolis.lt_pjovimo_ir_slifavimo_disk_rinkinys_Trotec_1.jpg\" style=\"width: 1000px; height: 234px;\" title=\"\"><\/p>\n<p style=\"text-align: justify;\">Patikimas pjovimo ir \u0161lifavimo disk\u0173 rinkinys Trotec yra b\u016btinas rankini\u0173 kampini\u0173 \u0161lifuokli\u0173 priedas.&nbsp;\u0160\u012f 11 dali\u0173 pried\u0173 rinkin\u012f galima naudoti su visais rankiniais kampiniais \u0161lifuokliais: jame yra penki metalo pjovimo diskai AD 125 M, penki akmens pjovimo diskai AD 125 S ir vienas metalo \u0161iurk\u0161tinimo diskas.&nbsp;<\/p>\n<p style=\"text-align: justify;\"><strong>Metalo pjovimo diskas AD 125 M<\/strong><\/p>\n<p style=\"text-align: justify;\">\u0160is pjovimo diskas, kurio gr\u016bd\u0117tumas 36, kietumas P ir 3,2 mm pjovimo plotis u\u017etikrina ilgesn\u012f tarnavimo laik\u0105 bei didel\u012f atsparum\u0105, tod\u0117l yra idealus sprendimas ekonomi\u0161kam metalo ir lak\u0161tinio metalo pjovimui.<\/p>\n<p style=\"text-align: justify;\"><strong>Akmens pjovimo diskas AD 125 S<\/strong><\/p>\n<p style=\"text-align: justify;\">\u0160is diskas pasi\u017eymi dideliu \u0161iluminiu laidumu. Akmens pjovimo diskas AD 125 S, kurio gr\u016bdeli\u0173 dydis 30, kietumas P, o pjovimo plotis &#8211; 3,2 mm u\u017etikrina ilgesn\u012f tarnavimo laik\u0105 ir yra idealus sprendimas greitai pjaunant beton\u0105, nat\u016bral\u0173 akmen\u012f, stogo \u010derpes ar sm\u0117lio-kalki\u0173 plytas.&nbsp;<\/p>\n<p style=\"text-align: justify;\"><strong>Metalo \u0161lifavimo diskas AD 125 MG&nbsp;<\/strong><\/p>\n<p style=\"text-align: justify;\">\u0160is diskas yra pagamintas i\u0161 stiklo pluo\u0161to, tod\u0117l jis specialiai pritaikytas \u0161iurk\u0161\u010diam metalo \u0161lifavimui.&nbsp;D\u0117l 6 mm storio, 30 gr\u016bd\u0173 dyd\u017eio ir kietumo P,&nbsp;\u0161lifavimo diskas AD 125 MG yra ypa\u010d efektyvus pjovimo priedas net esant ma\u017eam kontaktiniam sl\u0117giui ir idealiai tinka ekonomi\u0161kam suvirinimo si\u016bli\u0173 ir pavir\u0161i\u0173 \u0161lifavimui.<\/p>\n<p style=\"text-align: justify;\"><strong>Advantages:<br \/>\n\t<\/strong><\/p>\n<ul>\n<li>\n\t\tPilnas komplektas akmeniui ir metalui apdoroti;<\/li>\n<li>\n\t\tIlga eksploatavimo trukm\u0117, u\u017etikrinanti efektyv\u0173 ir ekonomi\u0161k\u0105 darb\u0105;<\/li>\n<li>\n\t\tVisi pjovimo diskai, u\u017etikrinantys didel\u012f stabilum\u0105.<\/li>\n<\/ul>\n<p style=\"text-align: justify;\"><strong>Komplekt\u0105 sudaro:<\/strong><\/p>\n<ul>\n<li>\n\t\tMetalo pjovimo diskas AD 125 M&nbsp;&#8211; 5 vnt.;<\/li>\n<li>\n\t\tAkmens pjovimo diskas AD 125 S&nbsp;&#8211; 5 vnt.;&nbsp;<\/li>\n<li>\n\t\tMetalo \u0161lifavimo diskas AD 125 MG &nbsp; &#8211; 1 vnt.&nbsp;&nbsp;<\/li>\n<\/ul>","protected":false},"excerpt":{"rendered":"<p>Patikimas pjovimo ir \u0161lifavimo disk\u0173 rinkinys Trotec yra b\u016btinas rankini\u0173 kampini\u0173 \u0161lifuokli\u0173 priedas.&nbsp;\u0160\u012f 11 dali\u0173 pried\u0173 rinkin\u012f galima naudoti su<\/p>","protected":false},"featured_media":26885,"comment_status":"closed","ping_status":"open","template":"","meta":[],"product_brand":[],"product_cat":[23],"product_tag":[535],"class_list":{"0":"post-26883","1":"product","2":"type-product","3":"status-publish","4":"has-post-thumbnail","6":"product_cat-be-kategorijos","7":"product_tag-naujiena","9":"first","10":"onbackorder","11":"taxable","12":"shipping-taxable","13":"product-type-variable"},"_links":{"self":[{"href":"https:\/\/orotech.lt\/en\/wp-json\/wp\/v2\/product\/26883","targetHints":{"allow":["GET"]}}],"collection":[{"href":"https:\/\/orotech.lt\/en\/wp-json\/wp\/v2\/product"}],"about":[{"href":"https:\/\/orotech.lt\/en\/wp-json\/wp\/v2\/types\/product"}],"replies":[{"embeddable":true,"href":"https:\/\/orotech.lt\/en\/wp-json\/wp\/v2\/comments?post=26883"}],"version-history":[{"count":1,"href":"https:\/\/orotech.lt\/en\/wp-json\/wp\/v2\/product\/26883\/revisions"}],"predecessor-version":[{"id":26884,"href":"https:\/\/orotech.lt\/en\/wp-json\/wp\/v2\/product\/26883\/revisions\/26884"}],"wp:featuredmedia":[{"embeddable":true,"href":"https:\/\/orotech.lt\/en\/wp-json\/wp\/v2\/media\/26885"}],"wp:attachment":[{"href":"https:\/\/orotech.lt\/en\/wp-json\/wp\/v2\/media?parent=26883"}],"wp:term":[{"taxonomy":"product_brand","embeddable":true,"href":"https:\/\/orotech.lt\/en\/wp-json\/wp\/v2\/product_brand?post=26883"},{"taxonomy":"product_cat","embeddable":true,"href":"https:\/\/orotech.lt\/en\/wp-json\/wp\/v2\/product_cat?post=26883"},{"taxonomy":"product_tag","embeddable":true,"href":"https:\/\/orotech.lt\/en\/wp-json\/wp\/v2\/product_tag?post=26883"}],"curies":[{"name":"wp","href":"https:\/\/api.w.org\/{rel}","templated":true}]}}