{"id":26891,"date":"2025-09-09T08:10:03","date_gmt":"2025-09-09T08:10:03","guid":{"rendered":"https:\/\/orotech.lt\/auksto-slegio-irenginys-trotec-ppws-10-20v\/"},"modified":"2025-09-10T06:20:28","modified_gmt":"2025-09-10T06:20:28","slug":"auksto-slegio-irenginys-trotec-ppws-10-20v","status":"publish","type":"product","link":"https:\/\/orotech.lt\/en\/auksto-slegio-irenginys-trotec-ppws-10-20v\/","title":{"rendered":"Auk\u0161to sl\u0117gio \u012frenginys Trotec PPWS 10-20V"},"content":{"rendered":"<p>&lt;p style=&quot;text-align: justify;&quot;&gt;Lengvas ir itin patogus akumuliatoriumi maitinamas auk&amp;scaron;to sl\u0117gio \u012frenginys PPWS 10-20 V su galingu valymo na&amp;scaron;umu ir galinga 20 V akumuliatoriaus baterija.&amp;nbsp;Skirtingai nuo \u012fprast\u0173 auk&amp;scaron;to sl\u0117gio \u012frengini\u0173, kuriems reikalinga maitinimo jungtis ir&amp;nbsp; galima prijungti tik sodo \u017earn\u0105, PPWS 10&amp;ndash;20 V belaidis auk&amp;scaron;to sl\u0117gio \u012frenginys su 20 V Flexpower multibaterija (2 Ah\/4 Ah) leid\u017eia jums b\u016bti nepriklausomiems nuo maitinimo lizd\u0173 ir stacionarios vandens jungties.&lt;\/p&gt;<br \/>\n&lt;p style=&quot;text-align: justify;&quot;&gt;Auk&amp;scaron;to sl\u0117gio \u012frenginioTrotec PPWS 10-20V&amp;nbsp;privalumai:&lt;\/p&gt;<br \/>\n&lt;ul&gt;<br \/>\n&lt;li style=&quot;text-align: justify;&quot;&gt;Dvigubas veikimas &amp;ndash; dr\u0117kinimas ir elektrinis valymas;&lt;\/li&gt;<br \/>\n&lt;li style=&quot;text-align: justify;&quot;&gt;Idealiai tinka vietoms be elektros ir vandens tiekimo;&lt;\/li&gt;<br \/>\n&lt;li style=&quot;text-align: justify;&quot;&gt;Savisiurbimo funkcija, skirta naudoti alternatyvius vandens &amp;scaron;altinius, tokius kaip kibirai, lietaus statin\u0117s, cisternos ar &amp;scaron;uliniai;&lt;\/li&gt;<br \/>\n&lt;li style=&quot;text-align: justify;&quot;&gt;Lengviems nam\u0173 ir sodo valymo darbams arba augal\u0173 laistymui;&lt;\/li&gt;<br \/>\n&lt;li style=&quot;text-align: justify;&quot;&gt;Efektyvus vidutinis 22 bar\u0173 sl\u0117gis &amp;scaron;velniam valymui;&lt;\/li&gt;<br \/>\n&lt;li style=&quot;text-align: justify;&quot;&gt;20 V (2 Ah) stipri li\u010dio jon\u0173 baterija be atminties efekto ir savaiminio i&amp;scaron;sikrovimo;&lt;\/li&gt;<br \/>\n&lt;li style=&quot;text-align: justify;&quot;&gt;Flexpower 20 V\/2,0 Ah keli\u0173 akumuliatori\u0173 &amp;ndash; galima lanks\u010diai derinti su kitais Trotec 20 V akumuliatoriniais \u012frankiais;&lt;\/li&gt;<br \/>\n&lt;li style=&quot;text-align: justify;&quot;&gt;Lengvas ir ypa\u010d efektyvus u\u017eter&amp;scaron;t\u0173 pavir&amp;scaron;i\u0173 ir objekt\u0173 valymas vandens srove;&lt;\/li&gt;<br \/>\n&lt;li style=&quot;text-align: justify;&quot;&gt;Taip pat tinka patogiam augal\u0173 vazon\u0173, g\u0117li\u0173 d\u0117\u017eu\u010di\u0173 ir sod\u0173 laistymui;&lt;\/li&gt;<br \/>\n&lt;li style=&quot;text-align: justify;&quot;&gt;Daugiafunkcinis antgalis su &amp;scaron;e&amp;scaron;iais reguliuojamais pur&amp;scaron;kimo re\u017eimais (vandens srov\u0117, &amp;scaron;velni srov\u0117, srov\u0117s kampas 0&amp;deg;\/15&amp;deg;\/25&amp;deg;\/40&amp;deg;);&lt;\/li&gt;<br \/>\n&lt;li style=&quot;text-align: justify;&quot;&gt;Taip pat tinkamas naudoti su valymo priemon\u0117mis &amp;ndash; pridedamas antgalis su valymo priemoni\u0173 talpykla;&lt;\/li&gt;<br \/>\n&lt;li style=&quot;text-align: justify;&quot;&gt;Greitai sujungiama jungtis &amp;ndash; suderinama su standartin\u0117mis sodo \u017earnos\/\u010diaupo jungtimis;&lt;\/li&gt;<br \/>\n&lt;li style=&quot;text-align: justify;&quot;&gt;3 pakop\u0173 akumuliatoriaus talpos indikatorius integruotas \u012f akumuliatori\u0173;&lt;\/li&gt;<br \/>\n&lt;li style=&quot;text-align: justify;&quot;&gt;\u012esk. greitas \u012fkroviklis su automatiniu \u012fkrovimo i&amp;scaron;jungimu: \u012fkrovimo laikas tik 1 valanda;&lt;\/li&gt;<br \/>\n&lt;li style=&quot;text-align: justify;&quot;&gt;Gaus\u016bs priedai: pur&amp;scaron;kimo antgalis su daugiafunkciu antgaliu, pur&amp;scaron;kimo antgalis su ploviklio talpa, 6 m ilgio siurbimo \u017earna su purvo filtru ir pl\u016bde, ne&amp;scaron;iojimo tinklelis.&lt;\/li&gt;<br \/>\n&lt;\/ul&gt;<br \/>\n&lt;p style=&quot;text-align: justify;&quot;&gt;\u012e auk&amp;scaron;to sl\u0117gio \u012frenginio komplekt\u0105 \u012feina:&lt;\/p&gt;<br \/>\n&lt;ul&gt;<br \/>\n&lt;li&gt;1 x auk&amp;scaron;to sl\u0117gio valytuvas PPWS 10-20V;&lt;\/li&gt;<br \/>\n&lt;li&gt;1 x li\u010dio jon\u0173 baterija 20 V\/2 Ah;&lt;\/li&gt;<br \/>\n&lt;li&gt;1x greitas \u012fkroviklis;&lt;\/li&gt;<br \/>\n&lt;li&gt;1 x pur&amp;scaron;kimo antgalis;&lt;\/li&gt;<br \/>\n&lt;li&gt;1 x daugiafunkcis antgalis;&lt;\/li&gt;<br \/>\n&lt;li&gt;1 x pur&amp;scaron;kimo priedas;&lt;\/li&gt;<br \/>\n&lt;li&gt;1 x \u017earna (6 m);&lt;\/li&gt;<br \/>\n&lt;li&gt;1 x nailono filtras siurbimo antgalyje;&lt;\/li&gt;<br \/>\n&lt;li&gt;1 x ploviklio talpykla (400 ml);&lt;\/li&gt;<br \/>\n&lt;li&gt;1 x tinklinis mai&amp;scaron;elis.&lt;\/li&gt;<br \/>\n&lt;\/ul&gt;<br \/>\n&lt;p&gt;&lt;a class=&quot;catalogue&quot; href=&quot;\/en\/images\/Userfiles\/www.rubisolis.ltTRT-BA-PPWS10-20V-TC-003-LT.pdf\/&quot; target=&quot;blank&quot;&gt;Download product manual&lt;\/a&gt;&lt;\/p&gt;<\/p>","protected":false},"excerpt":{"rendered":"<p>&lt;p style=&quot;text-align: justify;&quot;&gt;Lengvas ir itin patogus akumuliatoriumi maitinamas auk&amp;scaron;to sl\u0117gio \u012frenginys PPWS 10-20 V su galingu valymo na&amp;scaron;umu ir galinga<\/p>","protected":false},"featured_media":26893,"comment_status":"closed","ping_status":"open","template":"","meta":[],"product_brand":[],"product_cat":[23],"product_tag":[535],"class_list":{"0":"post-26891","1":"product","2":"type-product","3":"status-publish","4":"has-post-thumbnail","6":"product_cat-be-kategorijos","7":"product_tag-naujiena","9":"first","10":"onbackorder","11":"taxable","12":"shipping-taxable","13":"product-type-variable"},"_links":{"self":[{"href":"https:\/\/orotech.lt\/en\/wp-json\/wp\/v2\/product\/26891","targetHints":{"allow":["GET"]}}],"collection":[{"href":"https:\/\/orotech.lt\/en\/wp-json\/wp\/v2\/product"}],"about":[{"href":"https:\/\/orotech.lt\/en\/wp-json\/wp\/v2\/types\/product"}],"replies":[{"embeddable":true,"href":"https:\/\/orotech.lt\/en\/wp-json\/wp\/v2\/comments?post=26891"}],"version-history":[{"count":1,"href":"https:\/\/orotech.lt\/en\/wp-json\/wp\/v2\/product\/26891\/revisions"}],"predecessor-version":[{"id":26892,"href":"https:\/\/orotech.lt\/en\/wp-json\/wp\/v2\/product\/26891\/revisions\/26892"}],"wp:featuredmedia":[{"embeddable":true,"href":"https:\/\/orotech.lt\/en\/wp-json\/wp\/v2\/media\/26893"}],"wp:attachment":[{"href":"https:\/\/orotech.lt\/en\/wp-json\/wp\/v2\/media?parent=26891"}],"wp:term":[{"taxonomy":"product_brand","embeddable":true,"href":"https:\/\/orotech.lt\/en\/wp-json\/wp\/v2\/product_brand?post=26891"},{"taxonomy":"product_cat","embeddable":true,"href":"https:\/\/orotech.lt\/en\/wp-json\/wp\/v2\/product_cat?post=26891"},{"taxonomy":"product_tag","embeddable":true,"href":"https:\/\/orotech.lt\/en\/wp-json\/wp\/v2\/product_tag?post=26891"}],"curies":[{"name":"wp","href":"https:\/\/api.w.org\/{rel}","templated":true}]}}