{"id":26898,"date":"2025-09-09T08:10:03","date_gmt":"2025-09-09T08:10:03","guid":{"rendered":"https:\/\/orotech.lt\/temperaturos-dregmes-ir-sviesos-jutiklis-feelspot-tdsj02w-wifi-2\/"},"modified":"2025-09-10T06:20:34","modified_gmt":"2025-09-10T06:20:34","slug":"temperaturos-dregmes-ir-sviesos-jutiklis-feelspot-tdsj02w-wifi-2","status":"publish","type":"product","link":"https:\/\/orotech.lt\/en\/temperaturos-dregmes-ir-sviesos-jutiklis-feelspot-tdsj02w-wifi-2\/","title":{"rendered":"Temperature, humidity and light sensor Feelspot TDSJ02W WiFi"},"content":{"rendered":"<p>&lt;p style=&quot;text-align: justify;&quot;&gt;Belaidis temperat\u016bros, dr\u0117gm\u0117s ir &amp;scaron;viesos jutiklis&amp;nbsp;Feelspot TDSJ02W&amp;nbsp;su WiFi ry&amp;scaron;iu. Jutikliui nereikalingas joks papildomas pried\u0117lis, i&amp;scaron;skyrus namuose esantis interneto mar&amp;scaron;rutizatorius. Veikimo diapazonas iki 40 m nuo Wifi mar&amp;scaron;rutizatoriaus.&amp;nbsp;Temperat\u016bros, dr\u0117gm\u0117s ir &amp;scaron;viesos jutiklis Feelspot TDSJ02W&amp;nbsp;turi LCD ekran\u0105, kuris atvaizduoja temperat\u016bros, dr\u0117gm\u0117s, &amp;scaron;viesos reik&amp;scaron;mes bei baterijos lyg\u012f.&amp;nbsp;Kompakti&amp;scaron;kos formos ir auk&amp;scaron;\u010diausios kokyb\u0117s \u012frenginys maitinamas su 2 vnt. AA baterijomis, kurios \u012f komplektacij\u0105 ne\u012feina. Belaid\u0117s technologijos d\u0117ka jutiklis idealiai tinka bet kokiems namams, butams ar \u012fmon\u0117ms.&amp;nbsp;&lt;\/p&gt;<br \/>\n&lt;p style=&quot;text-align: justify;&quot;&gt;&lt;strong&gt;Jutiklis gali b\u016bti poruojamas su nemokamomis &amp;bdquo;Tuya&amp;ldquo; ir &amp;bdquo;Smart Life&amp;ldquo; program\u0117l\u0117mis &amp;ndash; tai populiariausios IoT \u012frengini\u0173 programos.&lt;\/strong&gt;&lt;\/p&gt;<br \/>\n&lt;p style=&quot;text-align: justify;&quot;&gt;Belaidis temperat\u016bros, dr\u0117gm\u0117s ir &amp;scaron;viesos jutiklis Feelspot TDSJ02W&amp;nbsp;realiu laiku perduoda temperat\u016bros, dr\u0117gm\u0117s bei &amp;scaron;viesos duomenis, kurie leis nedelsiant reaguoti, kai aplinkos parametrai pasikei\u010dia \u012f nepageidaujamus. Jutiklis taip pat program\u0117l\u0117je i&amp;scaron;saugo istorinius temperat\u016bros, dr\u0117gm\u0117s bei &amp;scaron;viesos duomenis. Galima nustatyti minimalias bei maksimalias temperat\u016bros bei dr\u0117gm\u0117s reik&amp;scaron;mes, kurias per\u017eengus, gaunama \u017einut\u0117 \u012f telefon\u0105. &amp;bdquo;Tuya&amp;ldquo; ar &amp;bdquo;Smart life&amp;ldquo; program\u0117l\u0117se galima integruoti apie 11 000 skirting\u0173 \u012frengini\u0173.&lt;\/p&gt;<br \/>\n&lt;p style=&quot;text-align: justify;&quot;&gt;&lt;strong&gt;The LCD screen displays the following data:&lt;br \/&gt;&lt;\/strong&gt;&lt;\/p&gt;<br \/>\n&lt;ul&gt;<br \/>\n&lt;li&gt;Oro temperat\u016bra&lt;\/li&gt;<br \/>\n&lt;li&gt;Baterijos lygis&lt;\/li&gt;<br \/>\n&lt;li&gt;Santykin\u0117 oro dr\u0117gm\u0117&lt;\/li&gt;<br \/>\n&lt;li&gt;&amp;Scaron;viesos lygis&lt;\/li&gt;<br \/>\n&lt;\/ul&gt;<br \/>\n&lt;p style=&quot;text-align: justify;&quot;&gt;&lt;strong&gt;Technical information:&lt;\/strong&gt;&lt;\/p&gt;<br \/>\n&lt;ul&gt;<br \/>\n&lt;li&gt;Protokolas: Wifi 2,4 GHz;&lt;\/li&gt;<br \/>\n&lt;li&gt;B\u016bsenos indikatorius: LED;&lt;\/li&gt;<br \/>\n&lt;li&gt;Belaidis valdymas: per i&amp;scaron;man\u0173j\u012f telefon\u0105 su prieiga prie to paties WIFI tinklo arba per internet\u0105 (jutiklis taip pat turi tur\u0117ti prieig\u0105 prie interneto);&lt;\/li&gt;<br \/>\n&lt;li&gt;Maitinimas: 2 x AA baterijos (nepridedamos);&lt;\/li&gt;<br \/>\n&lt;li&gt;Skirta naudoti vidaus patalpose;&lt;\/li&gt;<br \/>\n&lt;li&gt;Darbin\u0117 temperat\u016bra: -10&amp;deg;C &#8211; +60&amp;deg;C;&lt;\/li&gt;<br \/>\n&lt;li&gt;Darbin\u0117 dr\u0117gm\u0117: 0 &#8211; 100%;&lt;\/li&gt;<br \/>\n&lt;li&gt;&amp;Scaron;viesos intensyvumo aptikimas: 0 &amp;ndash; 157 000 liuks\u0173;&lt;\/li&gt;<br \/>\n&lt;li&gt;I&amp;scaron;matavimai: tik 84 x 55 x 32 mm.&lt;\/li&gt;<br \/>\n&lt;\/ul&gt;<br \/>\n&lt;p style=&quot;text-align: justify;&quot;&gt;&lt;strong&gt;Installation:&lt;\/strong&gt;&lt;\/p&gt;<br \/>\n&lt;ul&gt;<br \/>\n&lt;li&gt;Ant sienos;&lt;\/li&gt;<br \/>\n&lt;li&gt;Laisvai pastatomas.&lt;\/li&gt;<br \/>\n&lt;\/ul&gt;<\/p>","protected":false},"excerpt":{"rendered":"<p>&lt;p style=&quot;text-align: justify;&quot;&gt;Belaidis temperat\u016bros, dr\u0117gm\u0117s ir &amp;scaron;viesos jutiklis&amp;nbsp;Feelspot TDSJ02W&amp;nbsp;su WiFi ry&amp;scaron;iu. Jutikliui nereikalingas joks papildomas pried\u0117lis, i&amp;scaron;skyrus namuose esantis interneto<\/p>","protected":false},"featured_media":26900,"comment_status":"closed","ping_status":"open","template":"","meta":[],"product_brand":[],"product_cat":[23],"product_tag":[535],"class_list":{"0":"post-26898","1":"product","2":"type-product","3":"status-publish","4":"has-post-thumbnail","6":"product_cat-be-kategorijos","7":"product_tag-naujiena","9":"first","10":"onbackorder","11":"taxable","12":"shipping-taxable","13":"product-type-variable"},"_links":{"self":[{"href":"https:\/\/orotech.lt\/en\/wp-json\/wp\/v2\/product\/26898","targetHints":{"allow":["GET"]}}],"collection":[{"href":"https:\/\/orotech.lt\/en\/wp-json\/wp\/v2\/product"}],"about":[{"href":"https:\/\/orotech.lt\/en\/wp-json\/wp\/v2\/types\/product"}],"replies":[{"embeddable":true,"href":"https:\/\/orotech.lt\/en\/wp-json\/wp\/v2\/comments?post=26898"}],"version-history":[{"count":1,"href":"https:\/\/orotech.lt\/en\/wp-json\/wp\/v2\/product\/26898\/revisions"}],"predecessor-version":[{"id":26899,"href":"https:\/\/orotech.lt\/en\/wp-json\/wp\/v2\/product\/26898\/revisions\/26899"}],"wp:featuredmedia":[{"embeddable":true,"href":"https:\/\/orotech.lt\/en\/wp-json\/wp\/v2\/media\/26900"}],"wp:attachment":[{"href":"https:\/\/orotech.lt\/en\/wp-json\/wp\/v2\/media?parent=26898"}],"wp:term":[{"taxonomy":"product_brand","embeddable":true,"href":"https:\/\/orotech.lt\/en\/wp-json\/wp\/v2\/product_brand?post=26898"},{"taxonomy":"product_cat","embeddable":true,"href":"https:\/\/orotech.lt\/en\/wp-json\/wp\/v2\/product_cat?post=26898"},{"taxonomy":"product_tag","embeddable":true,"href":"https:\/\/orotech.lt\/en\/wp-json\/wp\/v2\/product_tag?post=26898"}],"curies":[{"name":"wp","href":"https:\/\/api.w.org\/{rel}","templated":true}]}}