{"id":26906,"date":"2025-09-09T08:10:03","date_gmt":"2025-09-09T08:10:03","guid":{"rendered":"https:\/\/orotech.lt\/temperaturos-ir-dregmes-jutiklis-feelspot-tdj01zb-zigbee-tuya\/"},"modified":"2025-09-10T06:20:35","modified_gmt":"2025-09-10T06:20:35","slug":"temperaturos-ir-dregmes-jutiklis-feelspot-tdj01zb-zigbee-tuya","status":"publish","type":"product","link":"https:\/\/orotech.lt\/en\/temperaturos-ir-dregmes-jutiklis-feelspot-tdj01zb-zigbee-tuya\/","title":{"rendered":"Temperat\u016bros ir dr\u0117gm\u0117s jutiklis Feelspot TDJ01ZB Zigbee Tuya"},"content":{"rendered":"<p style=\"text-align: justify;\">Temperat\u016bros ir dr\u0117gm\u0117s jutiklis Feelspot TDJ01ZB Zigbee Tuya&nbsp;yra itin ma\u017eas belaidis \u012frenginys, skirtas i\u0161mani\u0173j\u0173 nam\u0173 sistemai. Prietaisas skirtas temperat\u016bros ir dr\u0117gm\u0117s rodikliams steb\u0117ti tiek realiuoju laiku, tiek istori\u0161kai. Programoje taip pat galima nustatyti aliarm\u0173 reik\u0161mes. Norint naudotis \u0161iuo Feelspot jutikliu, reikalingas Zigbee Tuya pried\u0117lis. Jei jo neturite, j\u012f galite \u012fsigyti m\u016bs\u0173 <a href=\"https:\/\/www.rubisolis.lt\/ismanusis-priedelis-feelspot-zb22-zigbee\" target=\"_blank\" rel=\"nofollow noopener\">parduotuv\u0117je<\/a>. Jutiklis suderinamas su Tuya Smart sistema per &bdquo;Tuya Smart&quot; arba &bdquo;Smart Life&quot; program\u0117les. Jutikl\u012f taip pat galima suri\u0161ti su &bdquo;Home Assistant&ldquo;.<\/p>\n<table border=\"1\" cellpadding=\"1\" cellspacing=\"1\" style=\"width: 200px;\">\n<tbody>\n<tr>\n<td bgcolor=\"#ffffff\" style=\"border-color: rgb(255, 255, 255);\">\n\t\t\t\t<a href=\"https:\/\/apps.apple.com\/us\/app\/tuya-smart\/id1034649547\" target=\"_blank\" rel=\"nofollow noopener\"><img decoding=\"async\" alt=\"\" src=\"\/images\/Userfiles\/app_store.jpg\" style=\"width: 250px; height: 75px;\" title=\"\"><br \/>\n\t\t\t\t<\/a><\/td>\n<td bgcolor=\"#ffffff\" style=\"border-color: rgb(255, 255, 255);\">\n\t\t\t\t<a href=\"https:\/\/play.google.com\/store\/apps\/details?id=com.tuya.smart&amp;hl=en_US&amp;gl=US\" target=\"_blank\" rel=\"nofollow noopener\"><img decoding=\"async\" alt=\"\" src=\"\/images\/Userfiles\/google_play1.jpg\" style=\"width: 250px; height: 75px;\" title=\"\"><br \/>\n\t\t\t\t<\/a><\/td>\n<\/tr>\n<\/tbody>\n<\/table>\n<p style=\"text-align: justify;\">\u0160io jutiklio rodmen\u0173 d\u0117ka galite kurti \u012fvairias automatizacijas, pavyzd\u017eiui, kai oro temperat\u016bra pasiekia tam tikr\u0105 vert\u0119, \u012fjunkite \u0161ildymo \u012frengin\u012f. Arba nei\u0161junkite i\u0161traukimo ventiliatoriaus (rel\u0117s pagalba), kol dr\u0117gm\u0117 vonioje nesuma\u017e\u0117s iki nustatytos vert\u0117s. \u0160is Feelspot TDJ01ZB temperat\u016bros ir dr\u0117gm\u0117s jutiklis veikia naudodamas Zigbee belaid\u017eio ry\u0161io protokol\u0105, kuris leid\u017eia suma\u017einti \u012frenginio korpuso dyd\u012f, taip pat padidinti jo veikimo energin\u012f efektyvum\u0105. Baterija yra ypatingai ma\u017ea (CR2450), kuri veikia ilgiau nei metus. Prietaisas yra minimalistinio dizaino ir j\u012f galima lengvai u\u017ed\u0117ti ant bet kokio lygaus pavir\u0161iaus, naudojant dvipus\u0119 juost\u0105, kuri yra komplekte.<\/p>\n<p><strong>Technical information:<br \/>\n\t<\/strong><\/p>\n<ul>\n<li>\n\t\tBendras dydis: 40 x 13 mm;<\/li>\n<li>\n\t\tBelaidis protokolas: Zigbee;<\/li>\n<li>\n\t\tBaterija: CR2450;<\/li>\n<li>\n\t\tDarbin\u0117 temperat\u016bra: -10&#8230;+50 \u0421;<\/li>\n<li>\n\t\tTemperat\u016bros matavimo tikslumas: + -0,3 C;<\/li>\n<li>\n\t\tDarbin\u0117 dr\u0117gm\u0117: 0&#8230;95%;<\/li>\n<li>\n\t\tDr\u0117gm\u0117s tikslumas: +-3 %.<\/li>\n<\/ul>","protected":false},"excerpt":{"rendered":"<p>Temperat\u016bros ir dr\u0117gm\u0117s jutiklis Feelspot TDJ01ZB Zigbee Tuya&nbsp;yra itin ma\u017eas belaidis \u012frenginys, skirtas i\u0161mani\u0173j\u0173 nam\u0173 sistemai. Prietaisas skirtas temperat\u016bros ir<\/p>","protected":false},"featured_media":26908,"comment_status":"closed","ping_status":"open","template":"","meta":[],"product_brand":[],"product_cat":[23],"product_tag":[535],"class_list":{"0":"post-26906","1":"product","2":"type-product","3":"status-publish","4":"has-post-thumbnail","6":"product_cat-be-kategorijos","7":"product_tag-naujiena","9":"first","10":"onbackorder","11":"taxable","12":"shipping-taxable","13":"product-type-variable"},"_links":{"self":[{"href":"https:\/\/orotech.lt\/en\/wp-json\/wp\/v2\/product\/26906","targetHints":{"allow":["GET"]}}],"collection":[{"href":"https:\/\/orotech.lt\/en\/wp-json\/wp\/v2\/product"}],"about":[{"href":"https:\/\/orotech.lt\/en\/wp-json\/wp\/v2\/types\/product"}],"replies":[{"embeddable":true,"href":"https:\/\/orotech.lt\/en\/wp-json\/wp\/v2\/comments?post=26906"}],"version-history":[{"count":1,"href":"https:\/\/orotech.lt\/en\/wp-json\/wp\/v2\/product\/26906\/revisions"}],"predecessor-version":[{"id":26907,"href":"https:\/\/orotech.lt\/en\/wp-json\/wp\/v2\/product\/26906\/revisions\/26907"}],"wp:featuredmedia":[{"embeddable":true,"href":"https:\/\/orotech.lt\/en\/wp-json\/wp\/v2\/media\/26908"}],"wp:attachment":[{"href":"https:\/\/orotech.lt\/en\/wp-json\/wp\/v2\/media?parent=26906"}],"wp:term":[{"taxonomy":"product_brand","embeddable":true,"href":"https:\/\/orotech.lt\/en\/wp-json\/wp\/v2\/product_brand?post=26906"},{"taxonomy":"product_cat","embeddable":true,"href":"https:\/\/orotech.lt\/en\/wp-json\/wp\/v2\/product_cat?post=26906"},{"taxonomy":"product_tag","embeddable":true,"href":"https:\/\/orotech.lt\/en\/wp-json\/wp\/v2\/product_tag?post=26906"}],"curies":[{"name":"wp","href":"https:\/\/api.w.org\/{rel}","templated":true}]}}