{"id":26910,"date":"2025-09-09T08:10:03","date_gmt":"2025-09-09T08:10:03","guid":{"rendered":"https:\/\/orotech.lt\/temperaturos-ir-dregmes-jutiklis-feelspot-fs-th03w-wifi-tuya\/"},"modified":"2025-09-10T06:20:37","modified_gmt":"2025-09-10T06:20:37","slug":"temperaturos-ir-dregmes-jutiklis-feelspot-fs-th03w-wifi-tuya","status":"publish","type":"product","link":"https:\/\/orotech.lt\/en\/temperaturos-ir-dregmes-jutiklis-feelspot-fs-th03w-wifi-tuya\/","title":{"rendered":"Temperat\u016bros ir dr\u0117gm\u0117s jutiklis Feelspot FS-TH03W WiFi, Tuya"},"content":{"rendered":"<p style=\"text-align: justify;\"><strong>Temperat\u016bros ir dr\u0117gm\u0117s jutiklis<\/strong> Feelspot FS-TH03W su WiFi funkcija, skirtas steb\u0117ti vidaus patalp\u0173 temperat\u016br\u0105 ir dr\u0117gm\u0117s lyg\u012f. Steb\u0117kite ir valdykite savo patalp\u0173 klimat\u0105 bet kuriuo metu &ndash; patogiai naudodami program\u0117l\u0119 ir balso komandas. <strong>Temperat\u016bros ir dr\u0117gm\u0117s jutiklis<\/strong> Feelspot FS-TH03W leis steb\u0117ti&nbsp;patalp\u0173 klimat\u0105 namuose: pakabinkite kompakti\u0161k\u0105 jutikl\u012f ant sienos arba pad\u0117kite, pavyzd\u017eiui, ant knyg\u0173 lentynos arba ant komodos. J\u016bs\u0173 i\u0161manusis telefonas tampa klimato matavimo prietaisu ir rodo temperat\u016br\u0105 bei santykin\u0119 dr\u0117gm\u0119 specialioje program\u0117l\u0117je. Taigi i\u0161 karto \u017einosite, kada laikas patalpas v\u0117dinti, \u0161ildyti, sausinti ar dr\u0117kinti. Taip pat, temperat\u016bros ir dr\u0117gm\u0117s jutiklis Feelspot FS-TH03W &nbsp;idealiai tiks pel\u0117si\u0173 prevencijai vonioje ir r\u016bsyje.<\/p>\n<p style=\"text-align: justify;\"><strong>Patogus valdymas i\u0161maniuoju telefonu ar plan\u0161ete<\/strong><\/p>\n<p style=\"text-align: justify;\">Prijunkite Feelspot FS-TH03W jutikl\u012f prie &bdquo;Tuya&ldquo; ar &bdquo;Smart life&ldquo; program\u0117l\u0117s ir steb\u0117kite patalpos oro kokyb\u0117s rodiklius savo i\u0161maniajame telefone. Jei reikia, program\u0117l\u0117je galite nustatyti aptikimo tikslum\u0105. Taip pat, jums bus prane\u0161ta, kai tik j\u016bs\u0173 nustatyta ribin\u0117 vert\u0117 bus vir\u0161yta arba nukritusi \u017eemiau. Vos keliais veiksmais galite suri\u0161ti su i\u0161maniomis &bdquo;Siri&ldquo;, &bdquo;Alexa&ldquo; ir &bdquo;Google assistant&ldquo; valdymo balsu sistemomis.&nbsp;Automatizuokite savo i\u0161maniuosius namus: sujunkite kitus suderinamus \u012frenginius su programa ir valdykite visk\u0105 centralizuotai &ndash; tiesiai i\u0161 savo i\u0161maniojo telefono. Ir netgi galite sujungti \u012frenginius tarpusavyje: pavyzd\u017eiui, \u012fjungiate \u0161ildytuv\u0105, kai temperat\u016bra nukrenta \u017eemiau tam tikros vert\u0117s. Arba \u012fjungiate dr\u0117gm\u0117s surink\u0117j\u0105, kai tik dr\u0117gm\u0117 tampa per didel\u0117. Taip automati\u0161kai u\u017etikrinate ideal\u0173 kambario klimat\u0105!&nbsp;I\u0161pl\u0117skite esam\u0105 &bdquo;Smart Life&ldquo; ir &bdquo;Tuya&ldquo; sistem\u0105. Ar savo namuose jau turite i\u0161mani\u0173j\u0173 nam\u0173 \u012frengini\u0173, kuriuos valdote naudodami atitinkam\u0105 program\u0117l\u0119? Tada turime jums ger\u0173 naujien\u0173: m\u016bs\u0173 Feelspot \u012frenginiai yra suderinami su j\u016bs\u0173 Smart Life ir Tuya \u012frenginiais.&nbsp;<\/p>\n<table border=\"1\" cellpadding=\"1\" cellspacing=\"1\" style=\"width: 200px;\">\n<tbody>\n<tr>\n<td bgcolor=\"#ffffff\" style=\"border-color: rgb(255, 255, 255);\">\n\t\t\t\t<a href=\"https:\/\/apps.apple.com\/us\/app\/tuya-smart\/id1034649547\" target=\"_blank\" rel=\"nofollow noopener\"><img decoding=\"async\" alt=\"\" src=\"\/images\/Userfiles\/app_store.jpg\" style=\"width: 250px; height: 75px;\" title=\"\"><\/a><\/td>\n<td bgcolor=\"#ffffff\" style=\"border-color: rgb(255, 255, 255);\">\n\t\t\t\t<a href=\"https:\/\/play.google.com\/store\/apps\/details?id=com.tuya.smart&amp;hl=en_US&amp;gl=US\" style=\"text-align: justify;\" target=\"_blank\" rel=\"nofollow noopener\"><img decoding=\"async\" alt=\"\" src=\"\/images\/Userfiles\/google_play1.jpg\" style=\"width: 250px; height: 75px;\" title=\"\"><\/a><\/td>\n<\/tr>\n<\/tbody>\n<\/table>\n<p style=\"text-align: justify;\"><strong>Technical information:<\/strong><\/p>\n<ul>\n<li>\n\t\tTemperat\u016bros matavimo diapazonas: -10 iki +55 &deg;C;<\/li>\n<li>\n\t\tSantykin\u0117s dr\u0117gm\u0117s matavimo diapazonas: nuo 10 iki 90 %;<\/li>\n<li>\n\t\tReguliuojamas aptikimo tikslumas: +\/-0,6 &deg;C \/ %;<\/li>\n<li>\n\t\tSuderinamas su &bdquo;WiFi&ldquo;: WLAN standartams IEEE 802.11b\/g\/n (2,4 GHz);<\/li>\n<li>\n\t\tProgramuojamos automatin\u0117s scenos funkcijos, pvz., oro kondicionavimo ar \u0161ildymo \u012fjungimas ir i\u0161jungimas priklausomai nuo temperat\u016bros, oro sausintuvo \u012fjungimas ir i\u0161jungimas priklausomai nuo dr\u0117gm\u0117s;<\/li>\n<li>\n\t\tSuderinamas su &bdquo;Amazon Alexa&ldquo; ir &bdquo;Google Assistant&ldquo;: pateikite i\u0161matuot\u0173 ver\u010di\u0173 u\u017eklaus\u0105 naudodami &bdquo;Amazon Echo&ldquo;, &bdquo;Google Home&ldquo; ir suderinamus garsiakalbius naudodami balso komandas;<\/li>\n<li>\n\t\tTaip pat suderinama su Apple Siri: balso komandas ir susijusius veiksmus galima konfig\u016bruoti ir naudoti per iPhone ir iPad;<\/li>\n<li>\n\t\tSuderinamas su &bdquo;Smart Life&ldquo; sistema: Smart Life ir Tuya \u012frenginiai, jei pageidaujama, gali b\u016bti sujungti \u012f i\u0161maniojo namo sistem\u0105.<\/li>\n<li>\n\t\tMaitinimas: 2 x AAA tipo baterijos (n\u0117ra komplekte) iki 8 m\u0117nesi\u0173 veikimo laikui su standartiniais nustatymais;<\/li>\n<li>\n\t\tI\u0161matavimai: 25 x 70 x 22mm;<\/li>\n<li>\n\t\tSvoris: 20 g.<\/li>\n<\/ul>","protected":false},"excerpt":{"rendered":"<p>Temperat\u016bros ir dr\u0117gm\u0117s jutiklis Feelspot FS-TH03W su WiFi funkcija, skirtas steb\u0117ti vidaus patalp\u0173 temperat\u016br\u0105 ir dr\u0117gm\u0117s lyg\u012f. Steb\u0117kite ir valdykite<\/p>","protected":false},"featured_media":26912,"comment_status":"closed","ping_status":"open","template":"","meta":[],"product_brand":[],"product_cat":[23],"product_tag":[535],"class_list":{"0":"post-26910","1":"product","2":"type-product","3":"status-publish","4":"has-post-thumbnail","6":"product_cat-be-kategorijos","7":"product_tag-naujiena","9":"first","10":"onbackorder","11":"taxable","12":"shipping-taxable","13":"product-type-variable"},"_links":{"self":[{"href":"https:\/\/orotech.lt\/en\/wp-json\/wp\/v2\/product\/26910","targetHints":{"allow":["GET"]}}],"collection":[{"href":"https:\/\/orotech.lt\/en\/wp-json\/wp\/v2\/product"}],"about":[{"href":"https:\/\/orotech.lt\/en\/wp-json\/wp\/v2\/types\/product"}],"replies":[{"embeddable":true,"href":"https:\/\/orotech.lt\/en\/wp-json\/wp\/v2\/comments?post=26910"}],"version-history":[{"count":1,"href":"https:\/\/orotech.lt\/en\/wp-json\/wp\/v2\/product\/26910\/revisions"}],"predecessor-version":[{"id":26911,"href":"https:\/\/orotech.lt\/en\/wp-json\/wp\/v2\/product\/26910\/revisions\/26911"}],"wp:featuredmedia":[{"embeddable":true,"href":"https:\/\/orotech.lt\/en\/wp-json\/wp\/v2\/media\/26912"}],"wp:attachment":[{"href":"https:\/\/orotech.lt\/en\/wp-json\/wp\/v2\/media?parent=26910"}],"wp:term":[{"taxonomy":"product_brand","embeddable":true,"href":"https:\/\/orotech.lt\/en\/wp-json\/wp\/v2\/product_brand?post=26910"},{"taxonomy":"product_cat","embeddable":true,"href":"https:\/\/orotech.lt\/en\/wp-json\/wp\/v2\/product_cat?post=26910"},{"taxonomy":"product_tag","embeddable":true,"href":"https:\/\/orotech.lt\/en\/wp-json\/wp\/v2\/product_tag?post=26910"}],"curies":[{"name":"wp","href":"https:\/\/api.w.org\/{rel}","templated":true}]}}