{"id":26917,"date":"2025-09-09T08:10:03","date_gmt":"2025-09-09T08:10:03","guid":{"rendered":"https:\/\/orotech.lt\/vandeniui-atsparus-lauko-sviesos-ryskumo-jutiklis-su-wifi-feelspot-fs-lbs02w-0-30000-lux-tuya\/"},"modified":"2025-09-10T06:20:38","modified_gmt":"2025-09-10T06:20:38","slug":"vandeniui-atsparus-lauko-sviesos-ryskumo-jutiklis-su-wifi-feelspot-fs-lbs02w-0-30000-lux-tuya","status":"publish","type":"product","link":"https:\/\/orotech.lt\/en\/vandeniui-atsparus-lauko-sviesos-ryskumo-jutiklis-su-wifi-feelspot-fs-lbs02w-0-30000-lux-tuya\/","title":{"rendered":"Vandeniui atsparus lauko \u0161viesos ry\u0161kumo jutiklis su WIFI Feelspot FS-LBS02W 0-30000 LUX, Tuya"},"content":{"rendered":"<p>Vandeniui atsparus (IP56) WiFi lauko \u0161viesos ry\u0161kumo jutiklis Feelspot FS-LBS02W&nbsp;yra i\u0161manus \u012frenginys, skirtas matuoti \u0161viesos ry\u0161kum\u0105 aplinkoje. Tai puikus \u012frankis, padedantis reguliuoti \u0161viesos intensyvum\u0105 namuose, biure ar kitose patalpose.&nbsp;\u0160io i\u0161manaus bevielio WiFi jutiklio pagalba galima valdyti kambario ap\u0161vietim\u0105 pagal nat\u016bralios, pro lang\u0105 sklindan\u010dios \u0161viesos sraut\u0105. Visi parametrai nustatomi i\u0161maniuoju \u012frenginiu su TUYA arba Smart Life program\u0117le.&nbsp;<\/p>\n<p><strong>Main features:<\/strong><\/p>\n<p><strong>Vandens atsparumo klas\u0117: IP56&nbsp;&nbsp;<\/strong><\/p>\n<p>WiFi ry\u0161ys: \u0160is lauko \u0161viesos jutiklis gali prisijungti prie j\u016bs\u0173 WiFi tinklo ir komunikuoti su kitais \u012frenginiais, kurie yra prijungti prie to paties tinklo. Tai leid\u017eia jums nuotoliniu b\u016bdu steb\u0117ti ir valdyti \u0161viesos ry\u0161kum\u0105 savo namuose per i\u0161man\u0173j\u012f telefon\u0105 ar plan\u0161etin\u012f kompiuter\u012f.<\/p>\n<p>Lauko \u0161viesos ry\u0161kumo matavimas: jutiklis turi integruot\u0105 jutikl\u012f, kuris matuoja \u0161viesos intensyvum\u0105 aplinkoje. Tai padeda nustatyti, ar aplinka yra per \u0161viesi arba per tamsi.<\/p>\n<p>Reguliavimo funkcija: Naudojant speciali\u0105 mobiliojo telefono program\u0117l\u0119 arba interneto nar\u0161ykl\u0119, galite valdyti \u0161viesos ry\u0161kum\u0105, keisti \u0161viesos intensyvum\u0105 ar net nustatyti automatin\u012f reguliavim\u0105 pagal norim\u0105 lyg\u012f. Tai suteikia jums galimyb\u0119 sukurti tinkam\u0105 ap\u0161vietim\u0105 savo patalpose.<\/p>\n<p>Stabilumas ir patikimumas: Jutiklis yra patvarus ir patikimas, u\u017etikrinantis ilgalaik\u012f naudojim\u0105. Tai pagaminta i\u0161 auk\u0161tos kokyb\u0117s med\u017eiag\u0173, kad b\u016bt\u0173 u\u017etikrintas geriausias veikimas.<\/p>\n<p>Paprasta diegimo proced\u016bra: WiFi \u0161viesos ry\u0161kumo jutiklis lengvai \u012fdiegiamas ir konfig\u016bruojamas. Jums tereikia prisijungti prie tinklo ir atlikti kelias paprastas nustatymo \u017eingsnis, o jutiklis bus pasireng\u0119s veikti.<\/p>\n<p>Tai tik kelios i\u0161 pagrindini\u0173 funkcij\u0173, kurias si\u016blo \u0161is WiFi \u0161viesos ry\u0161kumo jutiklis. Tai puikus produktas, kuris pad\u0117s jums reguliuoti ir valdyti \u0161viesos intensyvum\u0105 savo patalpose, taip suteikdamas jums patogum\u0105 ir energijos taupym\u0105.<br \/>\n\t&nbsp;<\/p>\n<p style=\"text-align: justify;\"><em><strong>Atsisi\u0173skite&nbsp;&bdquo;Tuya&ldquo;&nbsp;arba &bdquo;Smart Life&ldquo; program\u0117l\u0119 Android operacinei sistemai:<\/strong><\/em><\/p>\n<p style=\"text-align: justify;\"><a href=\"https:\/\/play.google.com\/store\/apps\/details?id=com.tuya.smart&amp;hl=lt&amp;gl=US\" target=\"_blank\" rel=\"nofollow noopener\"><img decoding=\"async\" alt=\"\" src=\"\/images\/Userfiles\/www.rubisolis.lt_tuya_app.png\" style=\"width: 80px; height: 80px;\" title=\"\"><\/a>&nbsp; &nbsp;<a href=\"https:\/\/play.google.com\/store\/apps\/details?id=com.tuya.smartlife&amp;hl=lt&amp;gl=US&amp;pli=1\" target=\"_blank\" rel=\"nofollow noopener\"><img decoding=\"async\" alt=\"\" src=\"\/images\/Userfiles\/www.rubisolis.lt_smart_life_app.png\" style=\"width: 80px; height: 80px;\" title=\"\"><\/a><\/p>\n<p style=\"text-align: justify;\"><em><strong>Atsisi\u0173skite &bdquo;Tuya&ldquo; arba &bdquo;Smart Life&ldquo; program\u0117l\u0119 iOS operacinei sistemai:&nbsp;<\/strong><\/em><\/p>\n<p style=\"text-align: justify;\"><a href=\"https:\/\/apps.apple.com\/us\/app\/tuya-smart\/id1034649547\" target=\"_blank\" rel=\"nofollow noopener\"><img decoding=\"async\" alt=\"\" src=\"\/images\/Userfiles\/www.rubisolis.lt_tuya_app.png\" style=\"width: 80px; height: 80px;\" title=\"\"><\/a>&nbsp; &nbsp;<a href=\"https:\/\/apps.apple.com\/us\/app\/smart-life-smart-living\/id1115101477\" target=\"_blank\" rel=\"nofollow noopener\"><img decoding=\"async\" alt=\"\" src=\"\/images\/Userfiles\/www.rubisolis.lt_smart_life_app.png\" style=\"width: 80px; height: 80px;\" title=\"\"><\/a><\/p>\n<p style=\"text-align: justify;\"><a class=\"catalogue\" href=\"\/en\/images\/Userfiles\/WIFI_sviesos_jutiklis_FEELSPOT_FS-LBS02W.pdf\/\" target=\"blank\">Download product manual<\/a><\/p>","protected":false},"excerpt":{"rendered":"<p>Vandeniui atsparus (IP56) WiFi lauko \u0161viesos ry\u0161kumo jutiklis Feelspot FS-LBS02W&nbsp;yra i\u0161manus \u012frenginys, skirtas matuoti \u0161viesos ry\u0161kum\u0105 aplinkoje. Tai puikus \u012frankis,<\/p>","protected":false},"featured_media":26919,"comment_status":"closed","ping_status":"open","template":"","meta":[],"product_brand":[],"product_cat":[23],"product_tag":[535],"class_list":{"0":"post-26917","1":"product","2":"type-product","3":"status-publish","4":"has-post-thumbnail","6":"product_cat-be-kategorijos","7":"product_tag-naujiena","9":"first","10":"onbackorder","11":"taxable","12":"shipping-taxable","13":"product-type-variable"},"_links":{"self":[{"href":"https:\/\/orotech.lt\/en\/wp-json\/wp\/v2\/product\/26917","targetHints":{"allow":["GET"]}}],"collection":[{"href":"https:\/\/orotech.lt\/en\/wp-json\/wp\/v2\/product"}],"about":[{"href":"https:\/\/orotech.lt\/en\/wp-json\/wp\/v2\/types\/product"}],"replies":[{"embeddable":true,"href":"https:\/\/orotech.lt\/en\/wp-json\/wp\/v2\/comments?post=26917"}],"version-history":[{"count":1,"href":"https:\/\/orotech.lt\/en\/wp-json\/wp\/v2\/product\/26917\/revisions"}],"predecessor-version":[{"id":26918,"href":"https:\/\/orotech.lt\/en\/wp-json\/wp\/v2\/product\/26917\/revisions\/26918"}],"wp:featuredmedia":[{"embeddable":true,"href":"https:\/\/orotech.lt\/en\/wp-json\/wp\/v2\/media\/26919"}],"wp:attachment":[{"href":"https:\/\/orotech.lt\/en\/wp-json\/wp\/v2\/media?parent=26917"}],"wp:term":[{"taxonomy":"product_brand","embeddable":true,"href":"https:\/\/orotech.lt\/en\/wp-json\/wp\/v2\/product_brand?post=26917"},{"taxonomy":"product_cat","embeddable":true,"href":"https:\/\/orotech.lt\/en\/wp-json\/wp\/v2\/product_cat?post=26917"},{"taxonomy":"product_tag","embeddable":true,"href":"https:\/\/orotech.lt\/en\/wp-json\/wp\/v2\/product_tag?post=26917"}],"curies":[{"name":"wp","href":"https:\/\/api.w.org\/{rel}","templated":true}]}}