{"id":26928,"date":"2025-09-09T08:10:03","date_gmt":"2025-09-09T08:10:03","guid":{"rendered":"https:\/\/orotech.lt\/kambario-sviesos-ryskumo-jutiklis-su-wifi-feelspot-fs-lbs01w-0-1000-lux-tuya\/"},"modified":"2025-09-10T06:20:39","modified_gmt":"2025-09-10T06:20:39","slug":"kambario-sviesos-ryskumo-jutiklis-su-wifi-feelspot-fs-lbs01w-0-1000-lux-tuya","status":"publish","type":"product","link":"https:\/\/orotech.lt\/en\/kambario-sviesos-ryskumo-jutiklis-su-wifi-feelspot-fs-lbs01w-0-1000-lux-tuya\/","title":{"rendered":"Kambario \u0161viesos ry\u0161kumo jutiklis su WIFI Feelspot FS-LBS01W 0-1000 LUX, Tuya"},"content":{"rendered":"<p>WiFi kambario \u0161viesos ry\u0161kumo jutiklis Feelspot FS-LBS01W&nbsp;&nbsp;yra i\u0161manus \u012frenginys, skirtas matuoti \u0161viesos ry\u0161kum\u0105 kambaryle. Tai puikus \u012frankis, padedantis reguliuoti \u0161viesos intensyvum\u0105 namuose, biure ar kitose patalpose.&nbsp;\u0160io i\u0161manaus bevielio Wi-Fi kambario \u0161viesos jutiklio pagalba galima valdyti kambario ap\u0161vietim\u0105 pagal nat\u016bralios, pro lang\u0105 sklindan\u010dios \u0161viesos, sraut\u0105. Visi parametrai nustatomi i\u0161maniuoju \u012frenginiu su TUYA arba Smart Life program\u0117le.&nbsp;<\/p>\n<p><strong>Main features:<\/strong><\/p>\n<p>WiFi ry\u0161ys: \u0160is jutiklis gali prisijungti prie j\u016bs\u0173 WiFi tinklo ir komunikuoti su kitais \u012frenginiais, kurie yra prijungti prie to paties tinklo. Tai leid\u017eia jums nuotoliniu b\u016bdu steb\u0117ti ir valdyti \u0161viesos ry\u0161kum\u0105 savo namuose per i\u0161man\u0173j\u012f telefon\u0105 ar plan\u0161etin\u012f kompiuter\u012f.<\/p>\n<p>\u0160viesos ry\u0161kumo matavimas: Jutiklis turi integruot\u0105 jutikl\u012f, kuris matuoja \u0161viesos intensyvum\u0105 aplinkoje. Tai padeda nustatyti, ar aplinka yra per \u0161viesi arba per tamsi.<\/p>\n<p>Reguliavimo funkcija: Naudojant&nbsp; mobiliojo telefono program\u0117l\u0119 Tuya ar Smart Life, galite valdyti \u0161viesos ry\u0161kum\u0105, keisti \u0161viesos intensyvum\u0105 ar net nustatyti automatin\u012f reguliavim\u0105 pagal norim\u0105 lyg\u012f. Tai suteikia jums galimyb\u0119 sukurti tinkam\u0105 ap\u0161vietim\u0105 savo patalpose.<\/p>\n<p>Stabilumas ir patikimumas: Jutiklis yra patvarus ir patikimas, u\u017etikrinantis ilgalaik\u012f naudojim\u0105. Tai pagaminta i\u0161 auk\u0161tos kokyb\u0117s med\u017eiag\u0173, kad b\u016bt\u0173 u\u017etikrintas geriausias veikimas.<\/p>\n<p style=\"text-align: justify;\"><em><strong>Atsisi\u0173skite&nbsp;&bdquo;Tuya&ldquo;&nbsp;arba &bdquo;Smart Life&ldquo; program\u0117l\u0119 Android operacinei sistemai:<\/strong><\/em><\/p>\n<p style=\"text-align: justify;\"><a href=\"https:\/\/play.google.com\/store\/apps\/details?id=com.tuya.smart&amp;hl=lt&amp;gl=US\" target=\"_blank\" rel=\"nofollow noopener\"><img decoding=\"async\" alt=\"\" src=\"\/images\/Userfiles\/www.rubisolis.lt_tuya_app.png\" style=\"width: 80px; height: 80px;\" title=\"\"><\/a>&nbsp; &nbsp;<a href=\"https:\/\/play.google.com\/store\/apps\/details?id=com.tuya.smartlife&amp;hl=lt&amp;gl=US&amp;pli=1\" target=\"_blank\" rel=\"nofollow noopener\"><img decoding=\"async\" alt=\"\" src=\"\/images\/Userfiles\/www.rubisolis.lt_smart_life_app.png\" style=\"width: 80px; height: 80px;\" title=\"\"><\/a><\/p>\n<p style=\"text-align: justify;\"><em><strong>Atsisi\u0173skite &bdquo;Tuya&ldquo; arba &bdquo;Smart Life&ldquo; program\u0117l\u0119 iOS operacinei sistemai:&nbsp;<\/strong><\/em><\/p>\n<p style=\"text-align: justify;\"><a href=\"https:\/\/apps.apple.com\/us\/app\/tuya-smart\/id1034649547\" target=\"_blank\" rel=\"nofollow noopener\"><img decoding=\"async\" alt=\"\" src=\"\/images\/Userfiles\/www.rubisolis.lt_tuya_app.png\" style=\"width: 80px; height: 80px;\" title=\"\"><\/a>&nbsp; &nbsp;<a href=\"https:\/\/apps.apple.com\/us\/app\/smart-life-smart-living\/id1115101477\" target=\"_blank\" rel=\"nofollow noopener\"><img decoding=\"async\" alt=\"\" src=\"\/images\/Userfiles\/www.rubisolis.lt_smart_life_app.png\" style=\"width: 80px; height: 80px;\" title=\"\"><\/a><\/p>\n<p style=\"text-align: justify;\"><a class=\"catalogue\" href=\"\/en\/images\/Userfiles\/www.rubisolis.lt_WIFI_sviesos_jutiklis_FEELSPOT_FS-LBS01W.pdf\/\" target=\"blank\">Download product manual<\/a><\/p>","protected":false},"excerpt":{"rendered":"<p>WiFi kambario \u0161viesos ry\u0161kumo jutiklis Feelspot FS-LBS01W&nbsp;&nbsp;yra i\u0161manus \u012frenginys, skirtas matuoti \u0161viesos ry\u0161kum\u0105 kambaryle. Tai puikus \u012frankis, padedantis reguliuoti \u0161viesos<\/p>","protected":false},"featured_media":26930,"comment_status":"closed","ping_status":"open","template":"","meta":[],"product_brand":[],"product_cat":[23],"product_tag":[535],"class_list":{"0":"post-26928","1":"product","2":"type-product","3":"status-publish","4":"has-post-thumbnail","6":"product_cat-be-kategorijos","7":"product_tag-naujiena","9":"first","10":"onbackorder","11":"taxable","12":"shipping-taxable","13":"product-type-variable"},"_links":{"self":[{"href":"https:\/\/orotech.lt\/en\/wp-json\/wp\/v2\/product\/26928","targetHints":{"allow":["GET"]}}],"collection":[{"href":"https:\/\/orotech.lt\/en\/wp-json\/wp\/v2\/product"}],"about":[{"href":"https:\/\/orotech.lt\/en\/wp-json\/wp\/v2\/types\/product"}],"replies":[{"embeddable":true,"href":"https:\/\/orotech.lt\/en\/wp-json\/wp\/v2\/comments?post=26928"}],"version-history":[{"count":1,"href":"https:\/\/orotech.lt\/en\/wp-json\/wp\/v2\/product\/26928\/revisions"}],"predecessor-version":[{"id":26929,"href":"https:\/\/orotech.lt\/en\/wp-json\/wp\/v2\/product\/26928\/revisions\/26929"}],"wp:featuredmedia":[{"embeddable":true,"href":"https:\/\/orotech.lt\/en\/wp-json\/wp\/v2\/media\/26930"}],"wp:attachment":[{"href":"https:\/\/orotech.lt\/en\/wp-json\/wp\/v2\/media?parent=26928"}],"wp:term":[{"taxonomy":"product_brand","embeddable":true,"href":"https:\/\/orotech.lt\/en\/wp-json\/wp\/v2\/product_brand?post=26928"},{"taxonomy":"product_cat","embeddable":true,"href":"https:\/\/orotech.lt\/en\/wp-json\/wp\/v2\/product_cat?post=26928"},{"taxonomy":"product_tag","embeddable":true,"href":"https:\/\/orotech.lt\/en\/wp-json\/wp\/v2\/product_tag?post=26928"}],"curies":[{"name":"wp","href":"https:\/\/api.w.org\/{rel}","templated":true}]}}