{"id":26935,"date":"2025-09-09T08:10:03","date_gmt":"2025-09-09T08:10:03","guid":{"rendered":"https:\/\/orotech.lt\/ismanusis-pir-judesio-jutiklis-feelspot-fs-pr01w-wifi-tuya\/"},"modified":"2025-09-10T06:20:39","modified_gmt":"2025-09-10T06:20:39","slug":"ismanusis-pir-judesio-jutiklis-feelspot-fs-pr01w-wifi-tuya","status":"publish","type":"product","link":"https:\/\/orotech.lt\/en\/ismanusis-pir-judesio-jutiklis-feelspot-fs-pr01w-wifi-tuya\/","title":{"rendered":"I\u0161manusis PIR judesio jutiklis Feelspot FS-PR01W Wifi, Tuya"},"content":{"rendered":"<p style=\"text-align: justify;\">Feelspot FS-PR01W&nbsp;yra I\u0161manusis PIR judesio jutiklis, kuris sujungia naujausi\u0105 technologij\u0105 su patogumu ir patikimumu. \u0160is daviklis skirtas naudoti tiek namuose, tiek komercin\u0117se patalpose, siekiant u\u017etikrinti saugum\u0105, efektyvum\u0105 ir komfort\u0105. <strong>\u0160is i\u0161manusis PIR judesio jutiklis gali informuoti, si\u0173sti \u017einutes apie aptikt\u0105 judes\u012f.<\/strong><\/p>\n<p style=\"text-align: justify;\"><strong>Feelspot FS-PR01W&nbsp;i\u0161maniojo judesio daviklio privalumai:<\/strong><\/p>\n<p style=\"text-align: justify;\">Trij\u0173 a\u0161i\u0173 judesio jutiklis: Feelspot FS-PR01W&nbsp;gali aptikti judes\u012f trijose skirtingose a\u0161yse, u\u017etikrinant auk\u0161to tikslumo ir patikimumo judesio aptikim\u0105. Tai padeda jums efektyviai steb\u0117ti ir kontroliuoti aplink\u0105.<\/p>\n<p style=\"text-align: justify;\">Belaidis ry\u0161ys: Daviklis naudoja belaid\u012f ry\u0161\u012f, leid\u017eiant\u012f jums lengvai integruoti j\u012f su kitais i\u0161maniaisiais prietaisais, tokiais kaip i\u0161manieji telefonai, plan\u0161etiniai kompiuteriai arba nam\u0173 automatizavimo sistemos. Tai u\u017etikrina paprast\u0105 ir patog\u0173 daviklio valdym\u0105 bei monitoring\u0105 i\u0161 bet kurios vietos.<\/p>\n<p style=\"text-align: justify;\">Aktyvus ir pasyvus re\u017eimas: Feelspot FS-PR01W&nbsp;daviklis turi du re\u017eimus &#8211; aktyv\u0173 ir pasyv\u0173. Aktyviame re\u017eime daviklis nuolat aptinka judes\u012f ir perduoda informacij\u0105, tuo tarpu pasyvus re\u017eimas leid\u017eia jam b\u016bti energijos taupymo re\u017eime ir judesio neradus neveikti. Tai padeda ilgiau i\u0161laikyti daviklio baterijos gyvavim\u0105.<\/p>\n<p style=\"text-align: justify;\">Nustatomos jutiklio savyb\u0117s: Su Feelspot FS-PR01W&nbsp;galite keisti tam tikras jutiklio savybes pagal savo poreikius. Galite reguliuoti jutiklio jautrum\u0105, atpa\u017einti judesio atstum\u0105, aktyvacijos laik\u0105 ir kitus parametrus. Tai leid\u017eia pritaikyti davikl\u012f skirtingoms situacijoms ir poreikiams.<\/p>\n<p style=\"text-align: justify;\">Prakti\u0161kas dizainas: Feelspot FS-PR01W&nbsp;i\u0161siskiria esteti\u0161ku ir kompakti\u0161ku dizainu, tod\u0117l j\u012f lengva sumontuoti \u012f bet kok\u012f interjer\u0105. Daviklio diegimas yra paprastas, ir jis gali b\u016bti tvirtinamas ant sien\u0173, lub\u0173 ar kit\u0173 pavir\u0161i\u0173.<\/p>\n<p style=\"text-align: justify;\">Feelspot FS-PR01W&nbsp;iI\u0161manusis PIR judesio jutiklis&nbsp;yra puikus pasirinkimas norint pagerinti saugum\u0105, automatizuoti namus ar komercinius objektus, taip pat sutaupyti energij\u0105. Jo auk\u0161tos kokyb\u0117s funkcijos ir patogumas u\u017etikrina patikim\u0105 ir efektyv\u0173 veikim\u0105, kuris pritaikomas \u012fvairiems poreikiams ir aplinkoms.&nbsp;<\/p>\n<p style=\"text-align: justify;\">&nbsp;<\/p>\n<p style=\"text-align: justify;\"><em><strong>Atsisi\u0173skite&nbsp;&bdquo;Tuya&ldquo;&nbsp;arba &bdquo;Smart Life&ldquo; program\u0117l\u0119 Android operacinei sistemai:<\/strong><\/em><\/p>\n<p style=\"text-align: justify;\"><a href=\"https:\/\/play.google.com\/store\/apps\/details?id=com.tuya.smart&amp;hl=lt&amp;gl=US\" target=\"_blank\" rel=\"nofollow noopener\"><img decoding=\"async\" alt=\"\" src=\"\/images\/Userfiles\/www.rubisolis.lt_tuya_app.png\" style=\"width: 80px; height: 80px;\" title=\"\"><\/a>&nbsp; &nbsp;<a href=\"https:\/\/play.google.com\/store\/apps\/details?id=com.tuya.smartlife&amp;hl=lt&amp;gl=US&amp;pli=1\" target=\"_blank\" rel=\"nofollow noopener\"><img decoding=\"async\" alt=\"\" src=\"\/images\/Userfiles\/www.rubisolis.lt_smart_life_app.png\" style=\"width: 80px; height: 80px;\" title=\"\"><\/a><\/p>\n<p style=\"text-align: justify;\"><em><strong>Atsisi\u0173skite &bdquo;Tuya&ldquo; arba &bdquo;Smart Life&ldquo; program\u0117l\u0119 iOS operacinei sistemai:&nbsp;<\/strong><\/em><\/p>\n<p style=\"text-align: justify;\"><a href=\"https:\/\/apps.apple.com\/us\/app\/tuya-smart\/id1034649547\" target=\"_blank\" rel=\"nofollow noopener\"><img decoding=\"async\" alt=\"\" src=\"\/images\/Userfiles\/www.rubisolis.lt_tuya_app.png\" style=\"width: 80px; height: 80px;\" title=\"\"><\/a>&nbsp; &nbsp;<a href=\"https:\/\/apps.apple.com\/us\/app\/smart-life-smart-living\/id1115101477\" target=\"_blank\" rel=\"nofollow noopener\"><img decoding=\"async\" alt=\"\" src=\"\/images\/Userfiles\/www.rubisolis.lt_smart_life_app.png\" style=\"width: 80px; height: 80px;\" title=\"\"><\/a><\/p>\n<p style=\"text-align: justify;\"><a class=\"catalogue\" href=\"\/en\/images\/Userfiles\/www.rubisolis.lt_WIFI_judesio_daviklis_FEELSPOT_FS-PR01W.pdf\/\" target=\"blank\">Download product manual<\/a><\/p>","protected":false},"excerpt":{"rendered":"<p>Feelspot FS-PR01W&nbsp;yra I\u0161manusis PIR judesio jutiklis, kuris sujungia naujausi\u0105 technologij\u0105 su patogumu ir patikimumu. \u0160is daviklis skirtas naudoti tiek namuose,<\/p>","protected":false},"featured_media":26937,"comment_status":"closed","ping_status":"open","template":"","meta":[],"product_brand":[],"product_cat":[23],"product_tag":[535],"class_list":{"0":"post-26935","1":"product","2":"type-product","3":"status-publish","4":"has-post-thumbnail","6":"product_cat-be-kategorijos","7":"product_tag-naujiena","9":"first","10":"onbackorder","11":"taxable","12":"shipping-taxable","13":"product-type-variable"},"_links":{"self":[{"href":"https:\/\/orotech.lt\/en\/wp-json\/wp\/v2\/product\/26935","targetHints":{"allow":["GET"]}}],"collection":[{"href":"https:\/\/orotech.lt\/en\/wp-json\/wp\/v2\/product"}],"about":[{"href":"https:\/\/orotech.lt\/en\/wp-json\/wp\/v2\/types\/product"}],"replies":[{"embeddable":true,"href":"https:\/\/orotech.lt\/en\/wp-json\/wp\/v2\/comments?post=26935"}],"version-history":[{"count":1,"href":"https:\/\/orotech.lt\/en\/wp-json\/wp\/v2\/product\/26935\/revisions"}],"predecessor-version":[{"id":26936,"href":"https:\/\/orotech.lt\/en\/wp-json\/wp\/v2\/product\/26935\/revisions\/26936"}],"wp:featuredmedia":[{"embeddable":true,"href":"https:\/\/orotech.lt\/en\/wp-json\/wp\/v2\/media\/26937"}],"wp:attachment":[{"href":"https:\/\/orotech.lt\/en\/wp-json\/wp\/v2\/media?parent=26935"}],"wp:term":[{"taxonomy":"product_brand","embeddable":true,"href":"https:\/\/orotech.lt\/en\/wp-json\/wp\/v2\/product_brand?post=26935"},{"taxonomy":"product_cat","embeddable":true,"href":"https:\/\/orotech.lt\/en\/wp-json\/wp\/v2\/product_cat?post=26935"},{"taxonomy":"product_tag","embeddable":true,"href":"https:\/\/orotech.lt\/en\/wp-json\/wp\/v2\/product_tag?post=26935"}],"curies":[{"name":"wp","href":"https:\/\/api.w.org\/{rel}","templated":true}]}}