{"id":26961,"date":"2025-09-09T08:10:49","date_gmt":"2025-09-09T08:10:49","guid":{"rendered":"https:\/\/orotech.lt\/ismanusis-dumu-ir-co-jutiklis-feelspot-fs-css01w-wifi-tuya\/"},"modified":"2025-09-10T06:20:42","modified_gmt":"2025-09-10T06:20:42","slug":"ismanusis-dumu-ir-co-jutiklis-feelspot-fs-css01w-wifi-tuya","status":"publish","type":"product","link":"https:\/\/orotech.lt\/en\/ismanusis-dumu-ir-co-jutiklis-feelspot-fs-css01w-wifi-tuya\/","title":{"rendered":"I\u0161manusis d\u016bm\u0173 ir CO jutiklis Feelspot FS-CSS01W WiFi, Tuya"},"content":{"rendered":"<p>&lt;p style=&quot;text-align: justify;&quot;&gt;&lt;strong&gt;Feelspot&amp;nbsp;FS-CSS01W&amp;nbsp;yra i&amp;scaron;manusis&amp;nbsp;CO ir&lt;\/strong&gt;&amp;nbsp;&lt;strong&gt;d\u016bm\u0173 jutiklis&lt;\/strong&gt;, sukurtas siekiant u\u017etikrinti auk&amp;scaron;\u010diausi\u0105 saugum\u0105 ir r\u016bpes\u010di\u0173 ma\u017einim\u0105 d\u0117l galim\u0173 gaisr\u0173 namuose, ofisuose ar bet kur kitur, kur gali kilti d\u016bm\u0173 pavojus. &amp;Scaron;is&lt;strong&gt; i&amp;scaron;manusis jutiklis aptik\u0119s&amp;nbsp;CO ar&lt;\/strong&gt;&amp;nbsp;&lt;strong&gt;d\u016bmus, atsiun\u010dia jums prane&amp;scaron;imus apie galimus pavojus tiesiai \u012f i&amp;scaron;man\u0173j\u012f telefon\u0105&lt;\/strong&gt; ar kitus i&amp;scaron;maniuosius \u012frenginius, kuriuose yra \u012fdiegta Tuya arba Smart Life mobiliosios program\u0117l\u0117s.&lt;\/p&gt;<br \/>\n&lt;p style=&quot;text-align: justify;&quot;&gt;&lt;strong&gt;Feelspot&amp;nbsp;FS-CSS01W&amp;nbsp;techniniai paramertai:&lt;\/strong&gt;&lt;\/p&gt;<br \/>\n&lt;ul&gt;<br \/>\n&lt;li&gt;Modelis: FS-CSS01W&amp;nbsp;&amp;nbsp;&lt;\/li&gt;<br \/>\n&lt;li&gt;Baterija: 2 x AA tipo baterijos&lt;\/li&gt;<br \/>\n&lt;li&gt;Bud\u0117jimo srov\u0117: &amp;lt;45 &amp;mu;A ;&amp;nbsp;&amp;nbsp;&lt;\/li&gt;<br \/>\n&lt;li&gt;Darbo srov\u0117 (signalizacija): &amp;lt; 50 mA;&lt;\/li&gt;<br \/>\n&lt;li&gt;Garso intensyvumas:&amp;gt;85 dB 3 metr\u0173 atstumu;&lt;\/li&gt;<br \/>\n&lt;li&gt;Belaid\u017eio ry&amp;scaron;io tipas: 2,4 GHz.&amp;nbsp;&amp;nbsp;&lt;\/li&gt;<br \/>\n&lt;\/ul&gt;<br \/>\n&lt;p style=&quot;text-align: justify;&quot;&gt;&lt;em&gt;&lt;strong&gt;Atsisi\u0173skite&amp;nbsp;&amp;bdquo;Tuya&amp;ldquo;&amp;nbsp;arba &amp;bdquo;Smart Life&amp;ldquo; program\u0117l\u0119 Android operacinei sistemai:&lt;\/strong&gt;&lt;\/em&gt;&lt;\/p&gt;<br \/>\n&lt;p style=&quot;text-align: justify;&quot;&gt;&lt;a href=&quot;https:\/\/play.google.com\/store\/apps\/details?id=com.tuya.smart&amp;amp;hl=lt&amp;amp;gl=US&quot; target=&quot;_blank&quot; rel=&quot;noopener&quot;&gt;&lt;img style=&quot;width: 80px; height: 80px;&quot; src=&quot;\/images\/Userfiles\/www.rubisolis.lt_tuya_app.png&quot; alt=&quot;&quot; \/&gt;&lt;\/a&gt;&amp;nbsp; &amp;nbsp;&lt;a href=&quot;https:\/\/play.google.com\/store\/apps\/details?id=com.tuya.smartlife&amp;amp;hl=lt&amp;amp;gl=US&amp;amp;pli=1&quot; target=&quot;_blank&quot; rel=&quot;noopener&quot;&gt;&lt;img style=&quot;width: 80px; height: 80px;&quot; src=&quot;\/images\/Userfiles\/www.rubisolis.lt_smart_life_app.png&quot; alt=&quot;&quot; \/&gt;&lt;\/a&gt;&lt;\/p&gt;<br \/>\n&lt;p style=&quot;text-align: justify;&quot;&gt;&lt;em&gt;&lt;strong&gt;Atsisi\u0173skite &amp;bdquo;Tuya&amp;ldquo; arba &amp;bdquo;Smart Life&amp;ldquo; program\u0117l\u0119 iOS operacinei sistemai:&amp;nbsp;&lt;\/strong&gt;&lt;\/em&gt;&lt;\/p&gt;<br \/>\n&lt;p style=&quot;text-align: justify;&quot;&gt;&lt;a href=&quot;https:\/\/apps.apple.com\/us\/app\/tuya-smart\/id1034649547&quot; target=&quot;_blank&quot; rel=&quot;noopener&quot;&gt;&lt;img style=&quot;width: 80px; height: 80px;&quot; src=&quot;\/images\/Userfiles\/www.rubisolis.lt_tuya_app.png&quot; alt=&quot;&quot; \/&gt;&lt;\/a&gt;&amp;nbsp; &amp;nbsp;&lt;a href=&quot;https:\/\/apps.apple.com\/us\/app\/smart-life-smart-living\/id1115101477&quot; target=&quot;_blank&quot; rel=&quot;noopener&quot;&gt;&lt;img style=&quot;width: 80px; height: 80px;&quot; src=&quot;\/images\/Userfiles\/www.rubisolis.lt_smart_life_app.png&quot; alt=&quot;&quot; \/&gt;&lt;\/a&gt;&lt;\/p&gt;<\/p>","protected":false},"excerpt":{"rendered":"<p>&lt;p style=&quot;text-align: justify;&quot;&gt;&lt;strong&gt;Feelspot&amp;nbsp;FS-CSS01W&amp;nbsp;yra i&amp;scaron;manusis&amp;nbsp;CO ir&lt;\/strong&gt;&amp;nbsp;&lt;strong&gt;d\u016bm\u0173 jutiklis&lt;\/strong&gt;, sukurtas siekiant u\u017etikrinti auk&amp;scaron;\u010diausi\u0105 saugum\u0105 ir r\u016bpes\u010di\u0173 ma\u017einim\u0105 d\u0117l galim\u0173 gaisr\u0173 namuose, ofisuose ar<\/p>","protected":false},"featured_media":26963,"comment_status":"closed","ping_status":"open","template":"","meta":[],"product_brand":[],"product_cat":[23],"product_tag":[535],"class_list":{"0":"post-26961","1":"product","2":"type-product","3":"status-publish","4":"has-post-thumbnail","6":"product_cat-be-kategorijos","7":"product_tag-naujiena","9":"first","10":"onbackorder","11":"taxable","12":"shipping-taxable","13":"product-type-variable"},"_links":{"self":[{"href":"https:\/\/orotech.lt\/en\/wp-json\/wp\/v2\/product\/26961","targetHints":{"allow":["GET"]}}],"collection":[{"href":"https:\/\/orotech.lt\/en\/wp-json\/wp\/v2\/product"}],"about":[{"href":"https:\/\/orotech.lt\/en\/wp-json\/wp\/v2\/types\/product"}],"replies":[{"embeddable":true,"href":"https:\/\/orotech.lt\/en\/wp-json\/wp\/v2\/comments?post=26961"}],"version-history":[{"count":1,"href":"https:\/\/orotech.lt\/en\/wp-json\/wp\/v2\/product\/26961\/revisions"}],"predecessor-version":[{"id":26962,"href":"https:\/\/orotech.lt\/en\/wp-json\/wp\/v2\/product\/26961\/revisions\/26962"}],"wp:featuredmedia":[{"embeddable":true,"href":"https:\/\/orotech.lt\/en\/wp-json\/wp\/v2\/media\/26963"}],"wp:attachment":[{"href":"https:\/\/orotech.lt\/en\/wp-json\/wp\/v2\/media?parent=26961"}],"wp:term":[{"taxonomy":"product_brand","embeddable":true,"href":"https:\/\/orotech.lt\/en\/wp-json\/wp\/v2\/product_brand?post=26961"},{"taxonomy":"product_cat","embeddable":true,"href":"https:\/\/orotech.lt\/en\/wp-json\/wp\/v2\/product_cat?post=26961"},{"taxonomy":"product_tag","embeddable":true,"href":"https:\/\/orotech.lt\/en\/wp-json\/wp\/v2\/product_tag?post=26961"}],"curies":[{"name":"wp","href":"https:\/\/api.w.org\/{rel}","templated":true}]}}