{"id":26973,"date":"2025-09-09T08:10:49","date_gmt":"2025-09-09T08:10:49","guid":{"rendered":"https:\/\/orotech.lt\/ismanusis-vandens-jutiklis-feelspot-fs-wd04w-wifi-tuya\/"},"modified":"2025-09-10T06:20:43","modified_gmt":"2025-09-10T06:20:43","slug":"ismanusis-vandens-jutiklis-feelspot-fs-wd04w-wifi-tuya","status":"publish","type":"product","link":"https:\/\/orotech.lt\/en\/ismanusis-vandens-jutiklis-feelspot-fs-wd04w-wifi-tuya\/","title":{"rendered":"I\u0161manusis vandens jutiklis Feelspot FS-WD04W WiFi, Tuya"},"content":{"rendered":"<p style=\"text-align: justify;\">Ie\u0161kote kaip apsaugoti nam\u0173 turt\u0105 nuo galimo vandens pratek\u0117jimo gr\u0117sm\u0117s? Nuo \u0161iol J\u016bs\u0173 namai gali b\u016bti maksimaliai apsaugoti kartu su i\u0161maniuoju&nbsp;vandens jutikliu Feelspot FS-WD04W WiFi. I\u0161manusis vandens jutiklis Feelspot sukurtas specialiai tam, kad pad\u0117t\u0173 kontroliuoti ir steb\u0117ti vandens nutek\u0117jim\u0105 namuose, o tai aptik\u0119s jis siun\u010dia prane\u0161im\u0105 \u012f mobiliojo telefono &quot;Tuya&quot; program\u0117l\u0119 arba \u012fjungia pavojaus siren\u0105.<\/p>\n<p style=\"text-align: justify;\"><strong>Patogum\u0105 ir saugum\u0105 u\u017etikrinantis jutiklis<\/strong><\/p>\n<p style=\"text-align: justify;\">I\u0161manusis vandens jutiklis Feelspot FS-WD04W&nbsp;suteikia patogum\u0105 ir saugum\u0105, padedant u\u017ekirsti keli\u0105 vandens nuot\u0117kio avarijoms, tod\u0117l gali b\u016bti naudojamas prie kriaukl\u0117s, skalbimo ma\u0161inos, indaplov\u0117s, \u0161aldytuvo, vamzdyno, vandens boilerio ar \u010diaupo. Taip pat, i\u0161man\u0173j\u012f jutikl\u012f galima naudoti norint steb\u0117ti vandens lyg\u012f, pavyzd\u017eiui pripildant voni\u0105 ar kit\u0105 talp\u0105 vandeniu (vandens lygio nustatymo re\u017eimas).<\/p>\n<p style=\"text-align: center;\"><img decoding=\"async\" alt=\"\" src=\"\/images\/Userfiles\/www.rubisolis.lt_vandens_jutiklis_feelspot_fs-wd04w1.jpg\" style=\"width: 654px; height: 300px;\" title=\"\"><\/p>\n<p style=\"text-align: justify;\"><strong>Feelspot FS-WD04W&nbsp;funkcijos:<\/strong><\/p>\n<ul>\n<li>\n\t\tJutiklis gali informuoti si\u0173sdamas \u017einutes apie vandens nutek\u0117jim\u0105 arba vandens lygio nustatym\u0105;<\/li>\n<li>\n\t\tSuveikus pavojaus signalui, mirksi LED lemput\u0117 raudonai;<\/li>\n<li>\n\t\tLengvai pritvirtinama var\u017etais arba lipduku;<\/li>\n<li>\n\t\tLaiku ir tiksliai aptinka vandens pratek\u0117jimo viet\u0105, suma\u017eina nuostolius, atsirandan\u010dius d\u0117l vandens pratek\u0117jimo ar u\u017etvindymo;<\/li>\n<li>\n\t\tVeikia su Tuya Smart arba Smart Life program\u0117l\u0117mis.<\/li>\n<\/ul>\n<p><strong>Advantages:<\/strong><\/p>\n<ul>\n<li>\n\t\tNereikia joki\u0173 maitinimo laid\u0173, kadangi veikia kartu su 2 vnt. AAA baterijomis;<\/li>\n<li>\n\t\tTiesioginiai prane\u0161imai telefonu program\u0117l\u0117je Tuya arba SmartLife;<\/li>\n<li>\n\t\tVeikia kartu su kitais Smart Home \u012frenginiais.&nbsp;<\/li>\n<\/ul>\n<p><strong>Technical characteristics:<\/strong><\/p>\n<ul>\n<li>\n\t\tBaterija: AAA x 2;<\/li>\n<li>\n\t\tBaterijos tarnavimo laikas: 4 metai;<\/li>\n<li>\n\t\tBud\u0117jimo re\u017eimo srov\u0117: 10uA;<\/li>\n<li>\n\t\tBelaidis tinklas: 2.4GHz;<\/li>\n<li>\n\t\tWiFi veikimo atstumas: 45m.<\/li>\n<\/ul>\n<p style=\"text-align: justify;\"><em><strong>Atsisi\u0173skite&nbsp;&bdquo;Tuya&ldquo;&nbsp;arba &bdquo;Smart Life&ldquo; program\u0117l\u0119 Android operacinei sistemai:<\/strong><\/em><\/p>\n<p style=\"text-align: justify;\"><a href=\"https:\/\/play.google.com\/store\/apps\/details?id=com.tuya.smart&amp;hl=lt&amp;gl=US\" target=\"_blank\" rel=\"nofollow noopener\"><img decoding=\"async\" alt=\"\" src=\"\/images\/Userfiles\/www.rubisolis.lt_tuya_app.png\" style=\"width: 80px; height: 80px;\" title=\"\"><\/a>&nbsp; &nbsp;<a href=\"https:\/\/play.google.com\/store\/apps\/details?id=com.tuya.smartlife&amp;hl=lt&amp;gl=US&amp;pli=1\" target=\"_blank\" rel=\"nofollow noopener\"><img decoding=\"async\" alt=\"\" src=\"\/images\/Userfiles\/www.rubisolis.lt_smart_life_app.png\" style=\"width: 80px; height: 80px;\" title=\"\"><\/a><\/p>\n<p style=\"text-align: justify;\"><em><strong>Atsisi\u0173skite &bdquo;Tuya&ldquo; arba &bdquo;Smart Life&ldquo; program\u0117l\u0119 iOS operacinei sistemai:&nbsp;<\/strong><\/em><\/p>\n<p style=\"text-align: justify;\"><a href=\"https:\/\/apps.apple.com\/us\/app\/tuya-smart\/id1034649547\" target=\"_blank\" rel=\"nofollow noopener\"><img decoding=\"async\" alt=\"\" src=\"\/images\/Userfiles\/www.rubisolis.lt_tuya_app.png\" style=\"width: 80px; height: 80px;\" title=\"\"><\/a>&nbsp; &nbsp;<a href=\"https:\/\/apps.apple.com\/us\/app\/smart-life-smart-living\/id1115101477\" target=\"_blank\" rel=\"nofollow noopener\"><img decoding=\"async\" alt=\"\" src=\"\/images\/Userfiles\/www.rubisolis.lt_smart_life_app.png\" style=\"width: 80px; height: 80px;\" title=\"\"><\/a><\/p>\n<p style=\"text-align: justify;\"><a class=\"catalogue\" href=\"\/en\/images\/Userfiles\/FS-WD04W.png\/\" target=\"blank\">Download product manual<\/a><\/p>","protected":false},"excerpt":{"rendered":"<p>Ie\u0161kote kaip apsaugoti nam\u0173 turt\u0105 nuo galimo vandens pratek\u0117jimo gr\u0117sm\u0117s? Nuo \u0161iol J\u016bs\u0173 namai gali b\u016bti maksimaliai apsaugoti kartu su<\/p>","protected":false},"featured_media":26975,"comment_status":"closed","ping_status":"open","template":"","meta":[],"product_brand":[],"product_cat":[23],"product_tag":[535],"class_list":{"0":"post-26973","1":"product","2":"type-product","3":"status-publish","4":"has-post-thumbnail","6":"product_cat-be-kategorijos","7":"product_tag-naujiena","9":"first","10":"onbackorder","11":"taxable","12":"shipping-taxable","13":"product-type-variable"},"_links":{"self":[{"href":"https:\/\/orotech.lt\/en\/wp-json\/wp\/v2\/product\/26973","targetHints":{"allow":["GET"]}}],"collection":[{"href":"https:\/\/orotech.lt\/en\/wp-json\/wp\/v2\/product"}],"about":[{"href":"https:\/\/orotech.lt\/en\/wp-json\/wp\/v2\/types\/product"}],"replies":[{"embeddable":true,"href":"https:\/\/orotech.lt\/en\/wp-json\/wp\/v2\/comments?post=26973"}],"version-history":[{"count":1,"href":"https:\/\/orotech.lt\/en\/wp-json\/wp\/v2\/product\/26973\/revisions"}],"predecessor-version":[{"id":26974,"href":"https:\/\/orotech.lt\/en\/wp-json\/wp\/v2\/product\/26973\/revisions\/26974"}],"wp:featuredmedia":[{"embeddable":true,"href":"https:\/\/orotech.lt\/en\/wp-json\/wp\/v2\/media\/26975"}],"wp:attachment":[{"href":"https:\/\/orotech.lt\/en\/wp-json\/wp\/v2\/media?parent=26973"}],"wp:term":[{"taxonomy":"product_brand","embeddable":true,"href":"https:\/\/orotech.lt\/en\/wp-json\/wp\/v2\/product_brand?post=26973"},{"taxonomy":"product_cat","embeddable":true,"href":"https:\/\/orotech.lt\/en\/wp-json\/wp\/v2\/product_cat?post=26973"},{"taxonomy":"product_tag","embeddable":true,"href":"https:\/\/orotech.lt\/en\/wp-json\/wp\/v2\/product_tag?post=26973"}],"curies":[{"name":"wp","href":"https:\/\/api.w.org\/{rel}","templated":true}]}}