{"id":26988,"date":"2025-09-09T08:10:49","date_gmt":"2025-09-09T08:10:49","guid":{"rendered":"https:\/\/orotech.lt\/termometras-higrometras-htc-1\/"},"modified":"2025-09-10T06:20:45","modified_gmt":"2025-09-10T06:20:45","slug":"termometras-higrometras-htc-1","status":"publish","type":"product","link":"https:\/\/orotech.lt\/en\/termometras-higrometras-htc-1\/","title":{"rendered":"Termometras-higrometras HTC-1"},"content":{"rendered":"<p style=\"text-align: justify;\"><span style=\"text-align: justify;\">Tinkamas patalp\u0173 klimatas yra b\u016btina s\u0105lyga gerai sveikatai ir savijautai.<\/span><\/p>\n<p style=\"text-align: justify;\">HTC-1 vidaus temperat\u016bros ir dr\u0117gm\u0117s matuoklio ekrane ai\u0161kiai ir \u012fskaitomai rodomi du pagrindiniai geros savijautos veiksniai &#8211; kambario temperat\u016bra ir santykin\u0117 oro dr\u0117gm\u0117, taip pat laikas arba data.&nbsp;Be to, \u012fra\u0161in\u0117jamos \u017eemiausia ir auk\u0161\u010diausia oro temperat\u016bros ir dr\u0117gm\u0117s reik\u0161m\u0117s, kurias bet kada galite per\u017ei\u016br\u0117ti.<\/p>\n<p>\tNesenstan\u010dio eleganti\u0161ko dizaino multifunkcin\u012f vidaus temperat\u016bros ir dr\u0117gm\u0117s matuokl\u012f HTC-1 galima pastatyti ant stalo ar pritvirtinti prie sienos. Jame taip pat yra integruotas \u017eadintuvas, j\u012f galima naudoti namuose, miegamuosiuose, vaik\u0173 kambariuose, biuruose, r\u016bsiuose ir pan.<br \/>\n\t&nbsp;<br \/>\n\t<strong>Advantages:<\/strong><\/p>\n<ul>\n<li style=\"text-align: justify;\">\n\t\tRodoma kambario temperat\u016bra, dr\u0117gm\u0117, laikrodis arba data;<\/li>\n<li style=\"text-align: justify;\">\n\t\tPapildomas geros savijautos (komforto) indikatorius (rodiklis);<\/li>\n<li style=\"text-align: justify;\">\n\t\tRodyti \u012fra\u0161yt\u0173 minimali\u0173 ir maksimali\u0173 reik\u0161mi\u0173;<\/li>\n<li style=\"text-align: justify;\">\n\t\tDidelis ekranas su lengvai \u012fskaitoma informacija;<\/li>\n<li style=\"text-align: justify;\">\n\t\t\u017dadintuvo funkcija;<\/li>\n<li style=\"text-align: justify;\">\n\t\tGalima pastatyti ant stalo ar pritvirtinti prie sienos;<\/li>\n<li style=\"text-align: justify;\">\n\t\tGeriausias kainos ir kokyb\u0117s santykis.<\/li>\n<\/ul>\n<p style=\"text-align: justify;\"><a class=\"catalogue\" href=\"\/en\/images\/Userfiles\/Manual_HTC-1_instrukcija.pdf\/\" target=\"blank\">Download product manual<\/a><\/p>","protected":false},"excerpt":{"rendered":"<p>Tinkamas patalp\u0173 klimatas yra b\u016btina s\u0105lyga gerai sveikatai ir savijautai. HTC-1 vidaus temperat\u016bros ir dr\u0117gm\u0117s matuoklio ekrane ai\u0161kiai ir \u012fskaitomai<\/p>","protected":false},"featured_media":26990,"comment_status":"closed","ping_status":"open","template":"","meta":[],"product_brand":[],"product_cat":[23],"product_tag":[535],"class_list":{"0":"post-26988","1":"product","2":"type-product","3":"status-publish","4":"has-post-thumbnail","6":"product_cat-be-kategorijos","7":"product_tag-naujiena","9":"first","10":"onbackorder","11":"taxable","12":"shipping-taxable","13":"product-type-variable"},"_links":{"self":[{"href":"https:\/\/orotech.lt\/en\/wp-json\/wp\/v2\/product\/26988","targetHints":{"allow":["GET"]}}],"collection":[{"href":"https:\/\/orotech.lt\/en\/wp-json\/wp\/v2\/product"}],"about":[{"href":"https:\/\/orotech.lt\/en\/wp-json\/wp\/v2\/types\/product"}],"replies":[{"embeddable":true,"href":"https:\/\/orotech.lt\/en\/wp-json\/wp\/v2\/comments?post=26988"}],"version-history":[{"count":1,"href":"https:\/\/orotech.lt\/en\/wp-json\/wp\/v2\/product\/26988\/revisions"}],"predecessor-version":[{"id":26989,"href":"https:\/\/orotech.lt\/en\/wp-json\/wp\/v2\/product\/26988\/revisions\/26989"}],"wp:featuredmedia":[{"embeddable":true,"href":"https:\/\/orotech.lt\/en\/wp-json\/wp\/v2\/media\/26990"}],"wp:attachment":[{"href":"https:\/\/orotech.lt\/en\/wp-json\/wp\/v2\/media?parent=26988"}],"wp:term":[{"taxonomy":"product_brand","embeddable":true,"href":"https:\/\/orotech.lt\/en\/wp-json\/wp\/v2\/product_brand?post=26988"},{"taxonomy":"product_cat","embeddable":true,"href":"https:\/\/orotech.lt\/en\/wp-json\/wp\/v2\/product_cat?post=26988"},{"taxonomy":"product_tag","embeddable":true,"href":"https:\/\/orotech.lt\/en\/wp-json\/wp\/v2\/product_tag?post=26988"}],"curies":[{"name":"wp","href":"https:\/\/api.w.org\/{rel}","templated":true}]}}