{"id":27005,"date":"2025-09-09T08:10:49","date_gmt":"2025-09-09T08:10:49","guid":{"rendered":"https:\/\/orotech.lt\/meteorologine-stotele-trotec-bz-07\/"},"modified":"2025-09-10T06:20:47","modified_gmt":"2025-09-10T06:20:47","slug":"meteorologine-stotele-trotec-bz-07","status":"publish","type":"product","link":"https:\/\/orotech.lt\/en\/meteorologine-stotele-trotec-bz-07\/","title":{"rendered":"Meteorologin\u0117 stotel\u0117 Trotec BZ 07"},"content":{"rendered":"<p style=\"text-align: justify;\"><em>Meteorologin\u0117 stotel\u0117 &bdquo;6 in 1&ldquo;:&nbsp; rodomi ne tik patalpose esamo klimato rodikliai, bet ir or\u0173 prognoz\u0117, laikas, data, 12 valand\u0173 temperat\u016bros statistika, klimato komforto lygis &nbsp;bei integruota \u017eadintuvo funkcija.<\/em><\/p>\n<p style=\"text-align: justify;\">Tinkama temperat\u016bra ir optimaliai reguliuojamas dr\u0117gm\u0117s lygis yra lemiami veiksniai, u\u017etikrinantys sveik\u0105, malon\u0173 kambario klimat\u0105. Tiek per ma\u017ei, tiek per dideli temperat\u016bros ir dr\u0117gm\u0117s rodikliai daro neigiam\u0105 poveik\u012f m\u016bs\u0173 savijautai. Maloniai jau\u010diam\u0117s esant 20&ndash;22 &deg;C temperat\u016brai ir santykiniam oro dr\u0117gnumui nuo 40 iki 60%. Nuolat stebint patalp\u0173 klimat\u0105&nbsp;galima reguliuoti individualius poreikius, naudojant oro sausintuv\u0105, dr\u0117kintuv\u0105 ir kitus prietaisus bei suma\u017einti energijos s\u0105naudas ir i\u0161vengti pel\u0117sio atsiradimo.<\/p>\n<p style=\"text-align: justify;\">\u0160iuolaiki\u0161ko dizaino termo-higrometras &#8211; or\u0173 stolel\u0117 BZ 07 vos \u017evilgtel\u0117jus perteikia informacij\u0105 apie patalpoje esant\u012f klimat\u0105. Skaitmeniniame ekrane dideliais skaitmenimis nurodoma esama oro temperat\u016bra (&deg;C arba &deg;F), dr\u0117gm\u0117s lygis (%), 12 valand\u0173 temperat\u016bros poky\u010di\u0173 statistika, data, savait\u0117s diena ir laikas&nbsp;12 arba 24 valand\u0173 formatu. Be to, grafi\u0161kai parodyta or\u0173 prognoz\u0117 \u012fsp\u0117ja art\u0117jan\u010dius or\u0173 poky\u010dius. \u0160iame prietaise taip pat galite steb\u0117ti, koks yra patalpos komforto lygis: &bdquo;DRY&ldquo;, &bdquo;COMFORT&ldquo; ar &bdquo;WET&ldquo;. Jei matote &bdquo;COMFORT&ldquo; reik\u0161m\u0119, vadinasi patalpoje yra optimalus dr\u0117gm\u0117s kiekis.&nbsp; Dar daugiau, \u0161ioje stotel\u0117je \u012fmontuotas \u017eadintuvas su atid\u0117jimo funkcija. BZ 07 galite pastatyti visur, kur jums patinka: svetain\u0117je, virtuv\u0117je, vaik\u0173 kambaryje, miegamajame, vonios kambaryje, darbo vietoje ar net pasiimti su savimi \u012f kelion\u0119. Or\u0173 stotel\u0117 neskleid\u017eia joki\u0173 gars\u0173, tod\u0117l netrukdys net miegant.<\/p>\n<p style=\"text-align: justify;\"><strong>Technical information:<\/strong><\/p>\n<ul>\n<li style=\"text-align: justify;\">\n\t\tMatuojamos vidaus temperat\u016bros diapazonas (2 &deg;C tikslumu): 0&ndash;50 &deg;C;<\/li>\n<li style=\"text-align: justify;\">\n\t\tMatuojamo vidaus dr\u0117gm\u0117s lygio diapazonas (8-10% tikslumu): 20-99 %;<\/li>\n<li style=\"text-align: justify;\">\n\t\tMaitinimas: baterijos 2 x 1.5 V (AAA);<\/li>\n<li style=\"text-align: justify;\">\n\t\t\u012erenginio matmenys 105 x 151 x 22 mm;<\/li>\n<li style=\"text-align: justify;\">\n\t\t\u012erenginio svoris: 0,173 kg.<\/li>\n<\/ul>\n<p style=\"text-align: justify;\"><strong>Device features:<\/strong><\/p>\n<ul>\n<li style=\"text-align: justify;\">\n\t\tRodoma kambario temperat\u016bra, dr\u0117gm\u0117s lygis, data arba laikas, or\u0173 prognoz\u0117, temperat\u016bros svyravimai, klimato komforto lygis;<\/li>\n<li style=\"text-align: justify;\">\n\t\tRodoma 12 paskutini\u0173 valand\u0173 temperat\u016bros poky\u010di\u0173 istorija;<\/li>\n<li style=\"text-align: justify;\">\n\t\t\u017dadintuvas su signalo atid\u0117jimo mygtuku;<\/li>\n<li style=\"text-align: justify;\">\n\t\tNeskleid\u017eia jokio garso (i\u0161skyrus \u017eadintuvo funkcij\u0105);<\/li>\n<li style=\"text-align: justify;\">\n\t\tMa\u017eiausios ir did\u017eiausios temperat\u016bros ir dr\u0117gm\u0117s reik\u0161m\u0117s rodymas;<\/li>\n<li style=\"text-align: justify;\">\n\t\tDidelis,&nbsp; 5&rdquo;LC ekranas su ai\u0161kiais ir lengvai \u012fskaitomais rodmenimis;<\/li>\n<li style=\"text-align: justify;\">\n\t\tKompakti\u0161ko ir modernaus dizaino, galima pakabinti ant sienos arba pastatyti;<\/li>\n<li style=\"text-align: justify;\">\n\t\tPateikiama naudinga informacijos, padedanti i\u0161vengti pel\u0117si\u0173 atsiradimo;<\/li>\n<li style=\"text-align: justify;\">\n\t\tOptimalus kainos ir kokyb\u0117s santykis.<\/li>\n<\/ul>\n<p style=\"text-align: justify;\"><a class=\"catalogue\" href=\"https:\/\/www.rubisolis.lt\/\/failai\/files\/produktu%20pdf\/Trotec\/Matavimai\/Trotec%20BZ07%20meteorologin%C4%97s%20stotel%C4%97s%20naudojimo%20instrukcija.pdf\" target=\"blank\" rel=\"nofollow noopener\">Download product manual<\/a><\/p>","protected":false},"excerpt":{"rendered":"<p>Meteorologin\u0117 stotel\u0117 &bdquo;6 in 1&ldquo;:&nbsp; rodomi ne tik patalpose esamo klimato rodikliai, bet ir or\u0173 prognoz\u0117, laikas, data, 12 valand\u0173<\/p>","protected":false},"featured_media":27007,"comment_status":"closed","ping_status":"open","template":"","meta":[],"product_brand":[],"product_cat":[23],"product_tag":[535],"class_list":{"0":"post-27005","1":"product","2":"type-product","3":"status-publish","4":"has-post-thumbnail","6":"product_cat-be-kategorijos","7":"product_tag-naujiena","9":"first","10":"onbackorder","11":"taxable","12":"shipping-taxable","13":"product-type-variable"},"_links":{"self":[{"href":"https:\/\/orotech.lt\/en\/wp-json\/wp\/v2\/product\/27005","targetHints":{"allow":["GET"]}}],"collection":[{"href":"https:\/\/orotech.lt\/en\/wp-json\/wp\/v2\/product"}],"about":[{"href":"https:\/\/orotech.lt\/en\/wp-json\/wp\/v2\/types\/product"}],"replies":[{"embeddable":true,"href":"https:\/\/orotech.lt\/en\/wp-json\/wp\/v2\/comments?post=27005"}],"version-history":[{"count":1,"href":"https:\/\/orotech.lt\/en\/wp-json\/wp\/v2\/product\/27005\/revisions"}],"predecessor-version":[{"id":27006,"href":"https:\/\/orotech.lt\/en\/wp-json\/wp\/v2\/product\/27005\/revisions\/27006"}],"wp:featuredmedia":[{"embeddable":true,"href":"https:\/\/orotech.lt\/en\/wp-json\/wp\/v2\/media\/27007"}],"wp:attachment":[{"href":"https:\/\/orotech.lt\/en\/wp-json\/wp\/v2\/media?parent=27005"}],"wp:term":[{"taxonomy":"product_brand","embeddable":true,"href":"https:\/\/orotech.lt\/en\/wp-json\/wp\/v2\/product_brand?post=27005"},{"taxonomy":"product_cat","embeddable":true,"href":"https:\/\/orotech.lt\/en\/wp-json\/wp\/v2\/product_cat?post=27005"},{"taxonomy":"product_tag","embeddable":true,"href":"https:\/\/orotech.lt\/en\/wp-json\/wp\/v2\/product_tag?post=27005"}],"curies":[{"name":"wp","href":"https:\/\/api.w.org\/{rel}","templated":true}]}}