{"id":27017,"date":"2025-09-09T08:10:49","date_gmt":"2025-09-09T08:10:49","guid":{"rendered":"https:\/\/orotech.lt\/meteorologine-stotele-airbi-control-bi-1020\/"},"modified":"2025-09-10T06:20:48","modified_gmt":"2025-09-10T06:20:48","slug":"meteorologine-stotele-airbi-control-bi-1020","status":"publish","type":"product","link":"https:\/\/orotech.lt\/en\/meteorologine-stotele-airbi-control-bi-1020\/","title":{"rendered":"Meteorologin\u0117 stotel\u0117 Airbi CONTROL BI 1020"},"content":{"rendered":"<p style=\"text-align: justify;\">Meteorologin\u0117 stotel\u0117 Airbi CONTROL skirta matuoti vidaus temperat\u016br\u0105 nuo -10 &deg;C iki +50 &deg;C ir dr\u0117gm\u0119 nuo 20% iki 95%. Taip pat pridedamas temperat\u016bros bei dr\u0117gm\u0117s jutiklis, tinkantis naudoti tiek patalpoje, tiek lauke, perduodantis informacija iki 100 m atstumu (atviroje erdv\u0117je). <strong>The weather station should be protected from direct rain and sun.<\/strong> \u0160is naujovi\u0161kas gaminys puikiai tinka naudoti namuose arba biure.<\/p>\n<p style=\"text-align: justify;\"><strong>Advantages:<\/strong><\/p>\n<ul>\n<li>\n\t\tvidaus temperat\u016bros ir dr\u0117gm\u0117s matavimas;<\/li>\n<li>\n\t\toro kokyb\u0117s jutiklis tiksliam vidaus oro kokyb\u0117s nustatymui (galimyb\u0117 susieti iki 3 jutikli\u0173);<\/li>\n<li>\n\t\tMAX ir MIN reik\u0161mi\u0173 atmintis;<\/li>\n<li>\n\t\tlaikrodis, kuris gali b\u016bti valdomas radijo ry\u0161iu;<\/li>\n<li>\n\t\tgrafinis dr\u0117gm\u0117s raidos per tam tikr\u0105 laik\u0105 vaizdas;<\/li>\n<li>\n\t\t\u012fsp\u0117jamieji signalai apie oro kokyb\u0119 piktogram\u0173 pavidalu.<\/li>\n<\/ul>\n<p style=\"text-align: justify;\"><strong>Technical characteristics:<\/strong><\/p>\n<ul>\n<li>\n\t\tTemperat\u016bros matavimo intervalas:<br \/>\n\t\tor\u0173 stotel\u0117s: 10 &deg;C &#8211; +50 &deg;C;<br \/>\n\t\tjutiklio: -20 &deg;C &#8211; +60 &deg;C;<\/li>\n<li>\n\t\tDr\u0117gm\u0117s matavimo intervalas: 20-95%;<\/li>\n<li>\n\t\tTemperat\u016bros matavimo tikslumas: +\/- 1 &deg;C (esant 0 &deg;C&#8230;+40 &deg;C), kitomis s\u0105lygomis +\/-2 &deg;C;<\/li>\n<li>\n\t\tDr\u0117gm\u0117s matavimo tikslumas: +\/- 5 % ( esant 40&#8230;80 % dr\u0117gm\u0117s lygiui);<\/li>\n<li>\n\t\tMeasurements:<br \/>\n\t\tOr\u0173 stotel\u0117s: 152 x 104 x 22 mm;<br \/>\n\t\tJutiklio: 50 x 105 x 26 mm;<\/li>\n<li>\n\t\tSvoris:<br \/>\n\t\tOr\u0173 stotel\u0117s: 0,179 kg;<br \/>\n\t\tJutiklio: 0,052 kg;<\/li>\n<li>\n\t\tReikalingi elementai:<\/li>\n<li>\n\t\tOr\u0173 stotel\u0117s: 3 x 1,5 V AAA (nepridedama);<\/li>\n<li>\n\t\tJutiklio: 2 x 1,5 V AAA (nepridedama);<\/li>\n<\/ul>\n<p style=\"text-align: justify;\"><a class=\"catalogue\" href=\"\/en\/images\/Userfiles\/www.rubisolis.lt_METEOROLOGIN_STOTEL_AIRBI_CONTROL_BI_1020.pdf\/\" target=\"blank\">Download product manual <\/a><\/p>","protected":false},"excerpt":{"rendered":"<p>Meteorologin\u0117 stotel\u0117 Airbi CONTROL skirta matuoti vidaus temperat\u016br\u0105 nuo -10 &deg;C iki +50 &deg;C ir dr\u0117gm\u0119 nuo 20% iki 95%.<\/p>","protected":false},"featured_media":27019,"comment_status":"closed","ping_status":"open","template":"","meta":[],"product_brand":[],"product_cat":[23],"product_tag":[535],"class_list":{"0":"post-27017","1":"product","2":"type-product","3":"status-publish","4":"has-post-thumbnail","6":"product_cat-be-kategorijos","7":"product_tag-naujiena","9":"first","10":"onbackorder","11":"taxable","12":"shipping-taxable","13":"product-type-variable"},"_links":{"self":[{"href":"https:\/\/orotech.lt\/en\/wp-json\/wp\/v2\/product\/27017","targetHints":{"allow":["GET"]}}],"collection":[{"href":"https:\/\/orotech.lt\/en\/wp-json\/wp\/v2\/product"}],"about":[{"href":"https:\/\/orotech.lt\/en\/wp-json\/wp\/v2\/types\/product"}],"replies":[{"embeddable":true,"href":"https:\/\/orotech.lt\/en\/wp-json\/wp\/v2\/comments?post=27017"}],"version-history":[{"count":1,"href":"https:\/\/orotech.lt\/en\/wp-json\/wp\/v2\/product\/27017\/revisions"}],"predecessor-version":[{"id":27018,"href":"https:\/\/orotech.lt\/en\/wp-json\/wp\/v2\/product\/27017\/revisions\/27018"}],"wp:featuredmedia":[{"embeddable":true,"href":"https:\/\/orotech.lt\/en\/wp-json\/wp\/v2\/media\/27019"}],"wp:attachment":[{"href":"https:\/\/orotech.lt\/en\/wp-json\/wp\/v2\/media?parent=27017"}],"wp:term":[{"taxonomy":"product_brand","embeddable":true,"href":"https:\/\/orotech.lt\/en\/wp-json\/wp\/v2\/product_brand?post=27017"},{"taxonomy":"product_cat","embeddable":true,"href":"https:\/\/orotech.lt\/en\/wp-json\/wp\/v2\/product_cat?post=27017"},{"taxonomy":"product_tag","embeddable":true,"href":"https:\/\/orotech.lt\/en\/wp-json\/wp\/v2\/product_tag?post=27017"}],"curies":[{"name":"wp","href":"https:\/\/api.w.org\/{rel}","templated":true}]}}