{"id":27036,"date":"2025-09-09T08:15:02","date_gmt":"2025-09-09T08:15:02","guid":{"rendered":"https:\/\/orotech.lt\/ismanioji-oro-kokybes-stotele-feelspot-ws2022-new-ndir-wifi-tuya-matuoja-co2\/"},"modified":"2025-09-10T06:20:50","modified_gmt":"2025-09-10T06:20:50","slug":"ismanioji-oro-kokybes-stotele-feelspot-ws2022-new-ndir-wifi-tuya-matuoja-co2","status":"publish","type":"product","link":"https:\/\/orotech.lt\/en\/ismanioji-oro-kokybes-stotele-feelspot-ws2022-new-ndir-wifi-tuya-matuoja-co2\/","title":{"rendered":"Smart air quality station Feelspot WS2022 NEW NDIR, WIFI, Tuya (measures CO2)"},"content":{"rendered":"<p>&lt;p style=&quot;text-align: justify;&quot;&gt;&lt;strong&gt;I&amp;scaron;manioji oro kokyb\u0117s stotel\u0117&lt;\/strong&gt; Feelspot WS2022 NEW skirta matuoti vidaus temperat\u016br\u0105, dr\u0117gm\u0117s lyg\u012f bei oro kokyb\u0119. \u012emontuotas oro kokyb\u0117s jutiklis vis\u0105 par\u0105 stebi kambario klimat\u0105, NDIR technologija u\u017etikrina tiksl\u0173 ir patikim\u0105 CO2 lygio matavim\u0105. Tokiu b\u016bdu &lt;strong&gt;oro kokyb\u0117s stotel\u0117&lt;\/strong&gt; informuoja apie patalpos v\u0117dinimo poreik\u012f reikiamu momentu. Feelspot WS2022 NEW galima sujungti su &lt;strong&gt;Tuya arba Smart Life&lt;\/strong&gt; program\u0117le ir valdyti mobiliajame \u012frenginyje. I&amp;scaron;manioji stotel\u0117 veikia nurodydama informacij\u0105 ry&amp;scaron;kiame ekrane, o pasiekus maksimal\u0173 leid\u017eiam\u0105 CO2 lyg\u012f \u012fsijungia garsinis signalas. &amp;Scaron;is prietaisas tinkamas naudoti namuose, biure ar net automobilyje. Oro kokyb\u0117s stotel\u0119 reikia apsaugoti nuo tiesiogin\u0117s saul\u0117s.&lt;\/p&gt;<br \/>\n&lt;p&gt;&lt;strong&gt;Oro kokyb\u0117s stotel\u0117s privalumai:&lt;\/strong&gt;&lt;\/p&gt;<br \/>\n&lt;ul&gt;<br \/>\n&lt;li&gt;Vidaus temperat\u016bros matavimas.&lt;\/li&gt;<br \/>\n&lt;li&gt;CO2 matuoklis ir oro kokyb\u0117s indikatorius.&lt;\/li&gt;<br \/>\n&lt;li&gt;LED \u012fsp\u0117jamieji signalai apie oro kokyb\u0119.&lt;\/li&gt;<br \/>\n&lt;li&gt;Pastatomas ant stalo arba pakabinamas.&lt;\/li&gt;<br \/>\n&lt;li&gt;CO2 pasiekto lygio garsin\u0117 \u012fsp\u0117jimo funkcija.&lt;\/li&gt;<br \/>\n&lt;li&gt;Senkan\u010dios baterijos indikatorius.&lt;\/li&gt;<br \/>\n&lt;\/ul&gt;<br \/>\n&lt;p&gt;&lt;strong&gt;Oro kokyb\u0117s stotel\u0117s specifikacijos:&lt;\/strong&gt;&lt;\/p&gt;<br \/>\n&lt;ul&gt;<br \/>\n&lt;li&gt;I&amp;scaron;matavimai: 98 x 90 x 40 mm;&lt;\/li&gt;<br \/>\n&lt;li&gt;Maitinimo &amp;scaron;altinis: li\u010dio baterija (2400mAh, pridedamas USB A &#8211; USB C laidas);&lt;\/li&gt;<br \/>\n&lt;li&gt;\u012etampa: DC 5 V\u23931 A;&lt;\/li&gt;<br \/>\n&lt;li&gt;Rekomenduojamas temperat\u016bros intervalas: -10 &amp;deg;C &amp;ndash; +40 &amp;deg;C (paklaida &amp;plusmn;1 oC);&lt;\/li&gt;<br \/>\n&lt;li&gt;Dr\u0117gm\u0117s matavimo diapazonas: 20-80%;&lt;\/li&gt;<br \/>\n&lt;li&gt;CO2 ekvivalento ppm matavimo intervalas: 400&amp;ndash;5000 ppm.&lt;\/li&gt;<br \/>\n&lt;\/ul&gt;<br \/>\n&lt;p style=&quot;text-align: justify;&quot;&gt;&lt;a class=&quot;catalogue&quot; href=&quot;\/en\/images\/Userfiles\/www.rubisolis.lt_FEELSPOT_WS2022_NEW_wifi_Tuya_CO2_temperature_and_humidity_Monitor_manual.pdf\/&quot; target=&quot;blank&quot;&gt;Download product manual&lt;\/a&gt;&lt;\/p&gt;<\/p>","protected":false},"excerpt":{"rendered":"<p>&lt;p style=&quot;text-align: justify;&quot;&gt;&lt;strong&gt;I&amp;scaron;manioji oro kokyb\u0117s stotel\u0117&lt;\/strong&gt; Feelspot WS2022 NEW skirta matuoti vidaus temperat\u016br\u0105, dr\u0117gm\u0117s lyg\u012f bei oro kokyb\u0119. \u012emontuotas oro<\/p>","protected":false},"featured_media":27038,"comment_status":"closed","ping_status":"open","template":"","meta":[],"product_brand":[],"product_cat":[23],"product_tag":[535],"class_list":{"0":"post-27036","1":"product","2":"type-product","3":"status-publish","4":"has-post-thumbnail","6":"product_cat-be-kategorijos","7":"product_tag-naujiena","9":"first","10":"onbackorder","11":"taxable","12":"shipping-taxable","13":"product-type-variable"},"_links":{"self":[{"href":"https:\/\/orotech.lt\/en\/wp-json\/wp\/v2\/product\/27036","targetHints":{"allow":["GET"]}}],"collection":[{"href":"https:\/\/orotech.lt\/en\/wp-json\/wp\/v2\/product"}],"about":[{"href":"https:\/\/orotech.lt\/en\/wp-json\/wp\/v2\/types\/product"}],"replies":[{"embeddable":true,"href":"https:\/\/orotech.lt\/en\/wp-json\/wp\/v2\/comments?post=27036"}],"version-history":[{"count":1,"href":"https:\/\/orotech.lt\/en\/wp-json\/wp\/v2\/product\/27036\/revisions"}],"predecessor-version":[{"id":27037,"href":"https:\/\/orotech.lt\/en\/wp-json\/wp\/v2\/product\/27036\/revisions\/27037"}],"wp:featuredmedia":[{"embeddable":true,"href":"https:\/\/orotech.lt\/en\/wp-json\/wp\/v2\/media\/27038"}],"wp:attachment":[{"href":"https:\/\/orotech.lt\/en\/wp-json\/wp\/v2\/media?parent=27036"}],"wp:term":[{"taxonomy":"product_brand","embeddable":true,"href":"https:\/\/orotech.lt\/en\/wp-json\/wp\/v2\/product_brand?post=27036"},{"taxonomy":"product_cat","embeddable":true,"href":"https:\/\/orotech.lt\/en\/wp-json\/wp\/v2\/product_cat?post=27036"},{"taxonomy":"product_tag","embeddable":true,"href":"https:\/\/orotech.lt\/en\/wp-json\/wp\/v2\/product_tag?post=27036"}],"curies":[{"name":"wp","href":"https:\/\/api.w.org\/{rel}","templated":true}]}}