{"id":27116,"date":"2025-09-09T08:15:49","date_gmt":"2025-09-09T08:15:49","guid":{"rendered":"https:\/\/orotech.lt\/wifi-vienpolis-sensorinis-jungiklis-feelspot-baltas-600w\/"},"modified":"2025-09-10T06:21:03","modified_gmt":"2025-09-10T06:21:03","slug":"wifi-vienpolis-sensorinis-jungiklis-feelspot-baltas-600w","status":"publish","type":"product","link":"https:\/\/orotech.lt\/en\/wifi-vienpolis-sensorinis-jungiklis-feelspot-baltas-600w\/","title":{"rendered":"WiFi vienpolis sensorinis jungiklis Feelspot, baltas 600W"},"content":{"rendered":"<p style=\"text-align: justify;\">WiFi baltos spalvos stiklinis 600 W&nbsp;<strong>sensorinis vienpolis jungiklis&nbsp;<\/strong>Feelspot (komplektas). WiFi baltos spalvos stiklinis <strong>sensorinis vienpolis jungiklis<\/strong> pagamintas i\u0161 gr\u016bdinto stiklo, yra atsparus vandeniui ir ugniai. Auk\u0161tos kokyb\u0117s prietaisas leis m\u0117gautis patogiu valdymu bei paprasta prie\u017ei\u016bra. Su modernaus dizaino jungikliu vienu prisilietimu gal\u0117site valdyti vienos zonos ap\u0161vietim\u0105 patalpoje tada, kada labiausiai to reikia. <strong>Vienpolis sensorinis jungiklis<\/strong> Feelspot turi \u012fmontuot\u0105 LED indikatori\u0173, kuris rodo kada \u0161viesa yra \u012fjungta\/i\u0161jungta, o tai pad\u0117s lengvai rasti jungikl\u012f tamsoje, o integruotas WiFi ry\u0161ys leis i\u0161maniai valdyti namus nuotoliniu b\u016bdu.&nbsp;Paprasto valdymo ir patikimo veikimo <strong>vienpolis sensorinis jungiklis<\/strong> Feelspot \u012fgyvendins \u012fvairiausius techninius ir interjero dizaino sprendimus, atitinkan\u010dius i\u0161rankiausio kliento poreikius.<\/p>\n<p style=\"text-align: justify;\">Komplekt\u0105 sudaro: baltos spalvos gr\u016bdinto stiklo <strong>sensorinis vienpolis jungiklis,&nbsp;<\/strong>600 W su WiFi funkcija mechanizmas ir tvirtinimo r\u0117melis.&nbsp;<\/p>\n<p style=\"text-align: justify;\"><strong>Smart control<\/strong><\/p>\n<p style=\"text-align: justify;\">Integruotas WiFi ry\u0161ys leis i\u0161maniai naudotis jungikliu tada, kada J\u016bs\u0173 n\u0117ra namuose! Viskas, ko reikia, tai \u012f savo i\u0161man\u0173j\u012f mobil\u0173 telefon\u0105 per &bdquo;Google Play&quot;&nbsp;arba &bdquo;Apple store&quot; parduotuves atsisi\u0173skite&nbsp;&bdquo;Tuya&ldquo; arba &bdquo;Smart Life&ldquo;&nbsp;program\u0117l\u0119 ir suri\u0161kite \u012frengin\u012f (-ius). Mobilioje aplikacijoje galite \u012fjungti arba i\u0161jungti valdomus prietaisus nuotoliniu b\u016bdu arba nustatyti tam tikr\u0105 \u012fsijungimo\/i\u0161jungimo laik\u0105, taip sutaupydami elektros. Jeigu namuose turite daugiau negu vien\u0105 i\u0161man\u0173 \u012frengin\u012f, veikiant\u012f su&nbsp;&bdquo;Tuya&ldquo; arba &bdquo;Smart Life&ldquo; mobiliomis program\u0117l\u0117mis, gera \u017einia ta, kad visus prietaisus greitai ir patogiai galite valdyti vienoje vietoje net tada, kai J\u016bs\u0173 n\u0117ra namuose.<\/p>\n<p style=\"text-align: justify;\"><em><strong>Atsisi\u0173skite&nbsp;&bdquo;Tuya&ldquo;&nbsp;arba &bdquo;Smart Life&ldquo; program\u0117l\u0119 Android operacinei sistemai:<\/strong><\/em><\/p>\n<p style=\"text-align: justify;\"><a href=\"https:\/\/play.google.com\/store\/apps\/details?id=com.tuya.smart&amp;hl=lt&amp;gl=US\" target=\"_blank\" rel=\"nofollow noopener\"><img decoding=\"async\" alt=\"\" src=\"\/images\/Userfiles\/www.rubisolis.lt_tuya_app.png\" style=\"width: 80px; height: 80px;\" title=\"\"><\/a>&nbsp; &nbsp;<a href=\"https:\/\/play.google.com\/store\/apps\/details?id=com.tuya.smartlife&amp;hl=lt&amp;gl=US&amp;pli=1\" target=\"_blank\" rel=\"nofollow noopener\"><img decoding=\"async\" alt=\"\" src=\"\/images\/Userfiles\/www.rubisolis.lt_smart_life_app.png\" style=\"width: 80px; height: 80px;\" title=\"\"><\/a><\/p>\n<p style=\"text-align: justify;\"><em><strong>Atsisi\u0173skite &bdquo;Tuya&ldquo; arba &bdquo;Smart Life&ldquo; program\u0117l\u0119 iOS operacinei sistemai:&nbsp;<\/strong><\/em><\/p>\n<p style=\"text-align: justify;\"><a href=\"https:\/\/apps.apple.com\/us\/app\/tuya-smart\/id1034649547\" target=\"_blank\" rel=\"nofollow noopener\"><img decoding=\"async\" alt=\"\" src=\"\/images\/Userfiles\/www.rubisolis.lt_tuya_app.png\" style=\"width: 80px; height: 80px;\" title=\"\"><\/a>&nbsp; &nbsp;<a href=\"https:\/\/apps.apple.com\/us\/app\/smart-life-smart-living\/id1115101477\" target=\"_blank\" rel=\"nofollow noopener\"><img decoding=\"async\" alt=\"\" src=\"\/images\/Userfiles\/www.rubisolis.lt_smart_life_app.png\" style=\"width: 80px; height: 80px;\" title=\"\"><\/a><\/p>\n<p style=\"text-align: justify;\"><strong>Advantages:<\/strong><\/p>\n<ul>\n<li style=\"text-align: justify;\">\n\t\tEleganti\u0161kas, minimalistinis jungiklio dizainas puikiai tiks tiek klasikini\u0173, tiek moderni\u0173 nam\u0173, but\u0173, vie\u0161bu\u010di\u0173 ir biur\u0173 interjere;<\/li>\n<li style=\"text-align: justify;\">\n\t\tTobulai plok\u0161\u010di\u0105 skydel\u012f lengva valyti;<\/li>\n<li style=\"text-align: justify;\">\n\t\tPagaminta i\u0161 patvaraus gr\u016bdinto stiklo, pasi\u017eymin\u010dio dideliu atsparumu \u012fbr\u0117\u017eimams ir blukimui;<\/li>\n<li style=\"text-align: justify;\">\n\t\tAuk\u0161tos kokyb\u0117s jutiklinis jungiklis, kurio veikimo trukm\u0117 didesn\u0117 nei standartiniuose mechaniniuose jungikliuose &#8211; iki 100 000 cikl\u0173;<\/li>\n<li style=\"text-align: justify;\">\n\t\t\u0160velniai m\u0117lynas foninis ap\u0161vietimas tu\u0161\u010di\u0105ja eiga leid\u017eia daug lengviau rasti jungikl\u012f tamsoje;<\/li>\n<li style=\"text-align: justify;\">\n\t\tIndividualius jungiklius lengva naudoti ir lengva prijungti;<\/li>\n<li style=\"text-align: justify;\">\n\t\tSkirta vis\u0173 tip\u0173 lemput\u0117ms, \u012fskaitant tradicines lemputes, LED ap\u0161vietim\u0105, liuminescencin\u0117s lempas ir energij\u0105 taupan\u010dias lemputes.<\/li>\n<\/ul>\n<p style=\"text-align: justify;\"><strong>Technical information:<\/strong><\/p>\n<ul>\n<li style=\"text-align: justify;\">\n\t\tTipas: WiFi&nbsp;<strong>vienpolis sensorinis jungiklis<\/strong> (vienos grandin\u0117s, vieno modulio);<\/li>\n<li style=\"text-align: justify;\">\n\t\tGalia: 600W;<\/li>\n<li style=\"text-align: justify;\">\n\t\tMed\u017eiagos: gr\u016bdintas stiklas (4 mm, atsparus \u012fbr\u0117\u017eimams);<\/li>\n<li style=\"text-align: justify;\">\n\t\tJungiklio matmenys: 86 x 86 x 35 mm;<\/li>\n<li style=\"text-align: justify;\">\n\t\tLED ap\u0161vietimas: m\u0117lynas \u0161viesos diodas (\u0161velnus tu\u0161\u010di\u0105ja eiga ir intensyvus \u012fjungus);<\/li>\n<li style=\"text-align: justify;\">\n\t\tDarbin\u0117 \u012ftampa: 110-240V AC 50 \/ 60Hz;<\/li>\n<li style=\"text-align: justify;\">\n\t\tEnergijos s\u0105naudos: ~ 0,02W;<\/li>\n<li style=\"text-align: justify;\">\n\t\tDarbin\u0117 temperat\u016bra: -20&deg;C iki +70&deg;C;<\/li>\n<li style=\"text-align: justify;\">\n\t\tValdymo grandin\u0117s apkrova: 4-300W;<\/li>\n<li style=\"text-align: justify;\">\n\t\tLietimo jutiklio veikimo laikas: 100 000 paspaudim\u0173;<\/li>\n<li style=\"text-align: justify;\">\n\t\tSertifikatai: CE, RoHS;<\/li>\n<li style=\"text-align: justify;\">\n\t\tSuteikiama 5 met\u0173 garantija.<\/li>\n<\/ul>\n<p style=\"text-align: justify;\"><strong>Installation:<br \/>\n\t<\/strong><\/p>\n<ul>\n<li>\n\t\tPrie\u0161 prad\u0117dami surinkim\u0105, atjunkite atitinkamos grandin\u0117s maitinim\u0105. Tai labai svarbu ir b\u016btina, norint sukalibruoti jungikl\u012f. Jungiklio montavimas \u012fjungus maitinimo \u0161altin\u012f gali j\u012f sugadinti!<\/li>\n<li>\n\t\t\u012esitikinkite, kad lemput\u0117s\/lempu\u010di\u0173 sukuriama apkrova atitinka diapazon\u0105, apra\u0161yt\u0105 ant lipduko modulio gale.<\/li>\n<li>\n\t\tAtidarykite skydel\u012f sukdami plok\u0161\u010di\u0105 atsuktuv\u0105 pagal laikrod\u017eio rodykl\u0119 tam skirtoje vietoje.<\/li>\n<li>\n\t\tJungiklio mechanizm\u0105 prijunkite pagal nurodyt\u0105 schem\u0105.<\/li>\n<li>\n\t\tPritvirtinkite jungikl\u012f prie d\u0117\u017eut\u0117s. Nenupl\u0117\u0161kite balto lipduko nuo jungiklio jutiklio.<\/li>\n<li>\n\t\tU\u017ed\u0117kite stiklin\u0119 plok\u0161t\u0119 ant korpuso ir \u012fjunkite maitinim\u0105. Ne\u012fjunkite maitinimo neprid\u0117j\u0119 stiklo plok\u0161t\u0117s, nes jungiklis bus sukalibruotas neteisingai.<\/li>\n<li>\n\t\tPer kitas dvi minutes prisilietimas sukalibruojamas. \u0160viesa gali \u012fsijungti ir i\u0161sijungti savaime.<\/li>\n<li>\n\t\tPo kalibravimo jungiklis yra paruo\u0161tas naudoti.&nbsp;<\/li>\n<\/ul>\n<p style=\"text-align: center;\"><img decoding=\"async\" alt=\"\" src=\"\/images\/Userfiles\/www.rubisolis.lt_vienpolis_baltas_sensorinis_jungiklis_jutiklinis_jungiklis1.jpg\" style=\"width: 700px; height: 420px;\" title=\"\"><\/p>\n<p style=\"text-align: justify;\"><strong>Sujungimas:<\/strong><\/p>\n<p style=\"text-align: justify;\"><strong><img decoding=\"async\" alt=\"\" src=\"\/images\/Userfiles\/Vienpolis_Wi-Fi_jungiklis.jpg\" style=\"width: 700px; height: 350px;\" title=\"\"><\/strong><\/p>\n<p style=\"text-align: center;\"><iframe allow=\"accelerometer; autoplay; clipboard-write; encrypted-media; gyroscope; picture-in-picture; web-share\" allowfullscreen=\"\" frameborder=\"0\" height=\"315\" referrerpolicy=\"strict-origin-when-cross-origin\" src=\"https:\/\/www.youtube.com\/embed\/lmxQBqwtVWg?si=vYyYtmXV1mbWOG-w\" title=\"YouTube video player\" width=\"560\"><\/iframe><\/p>\n<p style=\"text-align: justify;\"><a class=\"catalogue\" href=\"https:\/\/rubisolis.lt\/images\/Userfiles\/My_folder\/Instrukcijos\/Feelspot_WIFI_perjungejo_funkcija1.pdf\" target=\"blank\" rel=\"nofollow noopener\">Download product manual<\/a><\/p>","protected":false},"excerpt":{"rendered":"<p>WiFi baltos spalvos stiklinis 600 W&nbsp;sensorinis vienpolis jungiklis&nbsp;Feelspot (komplektas). WiFi baltos spalvos stiklinis sensorinis vienpolis jungiklis pagamintas i\u0161 gr\u016bdinto stiklo,<\/p>","protected":false},"featured_media":27118,"comment_status":"closed","ping_status":"open","template":"","meta":[],"product_brand":[],"product_cat":[23],"product_tag":[535],"class_list":{"0":"post-27116","1":"product","2":"type-product","3":"status-publish","4":"has-post-thumbnail","6":"product_cat-be-kategorijos","7":"product_tag-naujiena","9":"first","10":"onbackorder","11":"taxable","12":"shipping-taxable","13":"product-type-variable"},"_links":{"self":[{"href":"https:\/\/orotech.lt\/en\/wp-json\/wp\/v2\/product\/27116","targetHints":{"allow":["GET"]}}],"collection":[{"href":"https:\/\/orotech.lt\/en\/wp-json\/wp\/v2\/product"}],"about":[{"href":"https:\/\/orotech.lt\/en\/wp-json\/wp\/v2\/types\/product"}],"replies":[{"embeddable":true,"href":"https:\/\/orotech.lt\/en\/wp-json\/wp\/v2\/comments?post=27116"}],"version-history":[{"count":1,"href":"https:\/\/orotech.lt\/en\/wp-json\/wp\/v2\/product\/27116\/revisions"}],"predecessor-version":[{"id":27117,"href":"https:\/\/orotech.lt\/en\/wp-json\/wp\/v2\/product\/27116\/revisions\/27117"}],"wp:featuredmedia":[{"embeddable":true,"href":"https:\/\/orotech.lt\/en\/wp-json\/wp\/v2\/media\/27118"}],"wp:attachment":[{"href":"https:\/\/orotech.lt\/en\/wp-json\/wp\/v2\/media?parent=27116"}],"wp:term":[{"taxonomy":"product_brand","embeddable":true,"href":"https:\/\/orotech.lt\/en\/wp-json\/wp\/v2\/product_brand?post=27116"},{"taxonomy":"product_cat","embeddable":true,"href":"https:\/\/orotech.lt\/en\/wp-json\/wp\/v2\/product_cat?post=27116"},{"taxonomy":"product_tag","embeddable":true,"href":"https:\/\/orotech.lt\/en\/wp-json\/wp\/v2\/product_tag?post=27116"}],"curies":[{"name":"wp","href":"https:\/\/api.w.org\/{rel}","templated":true}]}}