{"id":27242,"date":"2025-09-09T08:20:50","date_gmt":"2025-09-09T08:20:50","guid":{"rendered":"https:\/\/orotech.lt\/keturvietis-wifi-kistukinis-lizdas-su-stikliniu-remeliu-feelspot-juodas\/"},"modified":"2025-09-10T06:25:28","modified_gmt":"2025-09-10T06:25:28","slug":"keturvietis-wifi-kistukinis-lizdas-su-stikliniu-remeliu-feelspot-juodas","status":"publish","type":"product","link":"https:\/\/orotech.lt\/en\/keturvietis-wifi-kistukinis-lizdas-su-stikliniu-remeliu-feelspot-juodas\/","title":{"rendered":"Keturvietis WiFi ki\u0161tukinis lizdas su stikliniu r\u0117meliu Feelspot, juodas"},"content":{"rendered":"<p style=\"text-align: justify;\">Juodos spalvos WiFi keturvietis <strong>ki\u0161tukinis lizdas<\/strong> &ndash; rozet\u0117 su stikliniu r\u0117meliu&nbsp;Feelspot FSSR4B-KW. <strong>Ki\u0161tukinis lizdas<\/strong>&nbsp;&ndash; rozet\u0117&nbsp;pasi\u017eymi i\u0161skirtiniu moderniu dizainu, o stiklinis r\u0117melis tiks bet kuriame interjero dizaine.&nbsp;<strong>Ki\u0161tukinis lizdas<\/strong> &ndash; rozet\u0117&nbsp;turi WiFi funkcij\u0105, kuri leis valdyti lizd\u0105 nuotoliniu b\u016bd\u0173 savo telefone ar plan\u0161etiniame kompiuteryje. Taip pat, lizde rasite LED indikatori\u0173 ir WiFi funkcijos \u012fjungimo\/i\u0161jungimo mygtuk\u0105.&nbsp;<\/p>\n<p style=\"text-align: justify;\">Juodos spalvos<strong> ki\u0161tukinis lizdas<\/strong> &ndash; rozet\u0117&nbsp;Feelspot FSSR4B-KW&nbsp;yra \u012f\u017eeminta, turi apsaug\u0105 nuo vaik\u0173 bei yra pritaikytas naudoti pagal Europin\u012f standart\u0105.<\/p>\n<p style=\"text-align: justify;\"><strong>Advantages:<\/strong><\/p>\n<ul>\n<li>\n\t\tEleganti\u0161kas, minimalistinis dizainas puikiai tiks tiek klasikini\u0173, tiek moderni\u0173 nam\u0173, but\u0173, vie\u0161bu\u010di\u0173 ir biur\u0173 interjere;<\/li>\n<li>\n\t\tLengva naudoti ir lengva prijungti;<\/li>\n<li>\n\t\tWiFi function;<\/li>\n<li>\n\t\tRemote control;<\/li>\n<li>\n\t\tPaprasta prie\u017ei\u016bra;<\/li>\n<li>\n\t\tApsauga nuo vaik\u0173;<\/li>\n<\/ul>\n<p style=\"text-align: justify;\"><strong>Technical information:<\/strong><\/p>\n<ul>\n<li>\n\t\tTipas: <strong>WiFi<\/strong>&nbsp;<strong>keturvietis&nbsp;ki\u0161tukinis lizdas&nbsp;<\/strong>&ndash; rozet\u0117;<\/li>\n<li>\n\t\tMatmenys: 86 &times; 299 mm;&nbsp;<\/li>\n<li>\n\t\tDarbin\u0117 \u012ftampa: 110-240V AC 50 \/ 60Hz;<\/li>\n<li>\n\t\tColor: black;<\/li>\n<li>\n\t\tSrov\u0117: 16A;<\/li>\n<li>\n\t\tSertifikatai: CE, RoHS.&nbsp;<\/li>\n<\/ul>","protected":false},"excerpt":{"rendered":"<p>Juodos spalvos WiFi keturvietis ki\u0161tukinis lizdas &ndash; rozet\u0117 su stikliniu r\u0117meliu&nbsp;Feelspot FSSR4B-KW. Ki\u0161tukinis lizdas&nbsp;&ndash; rozet\u0117&nbsp;pasi\u017eymi i\u0161skirtiniu moderniu dizainu, o stiklinis<\/p>","protected":false},"featured_media":27244,"comment_status":"closed","ping_status":"open","template":"","meta":[],"product_brand":[],"product_cat":[23],"product_tag":[535],"class_list":{"0":"post-27242","1":"product","2":"type-product","3":"status-publish","4":"has-post-thumbnail","6":"product_cat-be-kategorijos","7":"product_tag-naujiena","9":"first","10":"onbackorder","11":"taxable","12":"shipping-taxable","13":"product-type-variable"},"_links":{"self":[{"href":"https:\/\/orotech.lt\/en\/wp-json\/wp\/v2\/product\/27242","targetHints":{"allow":["GET"]}}],"collection":[{"href":"https:\/\/orotech.lt\/en\/wp-json\/wp\/v2\/product"}],"about":[{"href":"https:\/\/orotech.lt\/en\/wp-json\/wp\/v2\/types\/product"}],"replies":[{"embeddable":true,"href":"https:\/\/orotech.lt\/en\/wp-json\/wp\/v2\/comments?post=27242"}],"version-history":[{"count":1,"href":"https:\/\/orotech.lt\/en\/wp-json\/wp\/v2\/product\/27242\/revisions"}],"predecessor-version":[{"id":27243,"href":"https:\/\/orotech.lt\/en\/wp-json\/wp\/v2\/product\/27242\/revisions\/27243"}],"wp:featuredmedia":[{"embeddable":true,"href":"https:\/\/orotech.lt\/en\/wp-json\/wp\/v2\/media\/27244"}],"wp:attachment":[{"href":"https:\/\/orotech.lt\/en\/wp-json\/wp\/v2\/media?parent=27242"}],"wp:term":[{"taxonomy":"product_brand","embeddable":true,"href":"https:\/\/orotech.lt\/en\/wp-json\/wp\/v2\/product_brand?post=27242"},{"taxonomy":"product_cat","embeddable":true,"href":"https:\/\/orotech.lt\/en\/wp-json\/wp\/v2\/product_cat?post=27242"},{"taxonomy":"product_tag","embeddable":true,"href":"https:\/\/orotech.lt\/en\/wp-json\/wp\/v2\/product_tag?post=27242"}],"curies":[{"name":"wp","href":"https:\/\/api.w.org\/{rel}","templated":true}]}}