{"id":27248,"date":"2025-09-09T08:20:50","date_gmt":"2025-09-09T08:20:50","guid":{"rendered":"https:\/\/orotech.lt\/vienvietis-kistukinis-lizdas-su-stikliniu-remeliu-feelspot-su-usbc-jungtimis-pilkas\/"},"modified":"2025-09-10T06:25:30","modified_gmt":"2025-09-10T06:25:30","slug":"vienvietis-kistukinis-lizdas-su-stikliniu-remeliu-feelspot-su-usbc-jungtimis-pilkas","status":"publish","type":"product","link":"https:\/\/orotech.lt\/en\/vienvietis-kistukinis-lizdas-su-stikliniu-remeliu-feelspot-su-usbc-jungtimis-pilkas\/","title":{"rendered":"Vienvietis ki\u0161tukinis lizdas su stikliniu r\u0117meliu Feelspot, su USB+C jungtimis, pilkas"},"content":{"rendered":"<p style=\"text-align: justify;\"><strong>Ki\u0161tukinis lizdas Feelspot su <\/strong>integruotomis <strong>USB+C jungtimis<\/strong> leid\u017eia patogiai prijungti tiek elektros prietaisus, tiek i\u0161maniuosius \u012frenginius be papildom\u0173 adapteri\u0173. <strong>Stiklinis r\u0117melis<\/strong> suteikia tvarking\u0105 instaliacijos u\u017ebaigim\u0105 ir dera prie moderni\u0173 interjer\u0173.&nbsp;<\/p>\n<p style=\"text-align: justify;\">&nbsp;<\/p>\n<p style=\"text-align: justify;\"><strong>KI\u0160TUKINIS LIZDAS FEELSPOT SU USB+C JUNGTIMIS&nbsp;<\/strong><\/p>\n<p style=\"text-align: justify;\">Pilkos spalvos <strong>ki\u0161tukinis lizdas Feelspot FSKL1USB1CG su USB+C jungtimis<\/strong>. <strong>Ki\u0161tukinis lizdas<\/strong> pasi\u017eymi i\u0161skirtiniu moderniu dizainu, o pasirinktas r\u0117melis tiks bet kuriame interjero dizaine. Pilkos spalvos <strong>ki\u0161tukinis lizdas<\/strong> Feelspot yra \u012f\u017eemintas, turi apsaug\u0105 nuo vaik\u0173 bei yra pritaikytas naudoti pagal Europin\u012f standart\u0105.<\/p>\n<p style=\"text-align: justify;\"><strong>Advantages<\/strong>:<\/p>\n<ul>\n<li style=\"text-align: justify;\">\n\t\tEleganti\u0161kas, minimalistinis dizainas puikiai tiks tiek klasikini\u0173, tiek moderni\u0173 nam\u0173, but\u0173, vie\u0161bu\u010di\u0173 ir biur\u0173 interjere;<\/li>\n<li style=\"text-align: justify;\">\n\t\tLengva naudoti ir lengva prijungti;<\/li>\n<li style=\"text-align: justify;\">\n\t\tApsauga nuo vaik\u0173;<\/li>\n<li style=\"text-align: justify;\">\n\t\tGalima naudoti \u012fvairius laiko re\u017eimus.<\/li>\n<\/ul>\n<p style=\"text-align: justify;\"><strong>Technical information:<\/strong><\/p>\n<ul>\n<li style=\"text-align: justify;\">\n\t\tTipas: <strong>ki\u0161tukinis lizdas<\/strong>;<\/li>\n<li style=\"text-align: justify;\">\n\t\tDarbin\u0117 \u012ftampa: 110-240V AC 50 \/ 60Hz;<\/li>\n<li style=\"text-align: justify;\">\n\t\tKrovimo srov\u0117: 3.1A;<\/li>\n<li style=\"text-align: justify;\">\n\t\tSpalva: pilka;<\/li>\n<li style=\"text-align: justify;\">\n\t\tSrov\u0117: 16A;<\/li>\n<li style=\"text-align: justify;\">\n\t\tSertifikatai: CE, RoHS.<\/li>\n<\/ul>\n<p style=\"text-align: justify;\">&nbsp;&nbsp;<\/p>\n<p style=\"text-align: justify;\"><strong>VIENVIETIS STIKLO R\u0116MELIS FEELSPOT<\/strong><\/p>\n<p style=\"text-align: justify;\">Modernaus dizaino <strong>vienvietis stiklo r\u0117melis Feelspot<\/strong>. Pilkos spalvos <strong>vienvietis stiklo r\u0117melis<\/strong> sukurs i\u0161skirtin\u012f nam\u0173 interjer\u0105, o auk\u0161ta med\u017eiag\u0173 kokyb\u0117 ir korpuso atsparumas ugniai u\u017etikrins ilgaam\u017e\u012f bei patikim\u0105 prietaiso naudojim\u0105. <strong>Vienvietis stiklo r\u0117melis Feelspot<\/strong>&nbsp;gali b\u016bti komplektuojamas su bet kuriuo Feelspot ki\u0161tukiniu, TV, USB, HDMI, interneto lizdu ar rozete.<\/p>\n<p style=\"text-align: justify;\"><strong>Advantages<\/strong>:<\/p>\n<ul>\n<li style=\"text-align: justify;\">\n\t\tModernus dizainas;<\/li>\n<li style=\"text-align: justify;\">\n\t\tGr\u016bdintas stiklas;<\/li>\n<li style=\"text-align: justify;\">\n\t\tUgniai atsparus korpusas;<\/li>\n<li style=\"text-align: justify;\">\n\t\tBrai\u017eymams atsparus stiklo r\u0117melis;<\/li>\n<li style=\"text-align: justify;\">\n\t\tMetalinis tvirtinimo r\u0117melis.<\/li>\n<\/ul>\n<p style=\"text-align: justify;\"><strong>Technical information:<\/strong><\/p>\n<ul>\n<li style=\"text-align: justify;\">\n\t\tSpalva: pilka;<\/li>\n<li style=\"text-align: justify;\">\n\t\tMatmenys: 86 &times; 86 mm.&nbsp;&nbsp;<\/li>\n<\/ul>","protected":false},"excerpt":{"rendered":"<p>Ki\u0161tukinis lizdas Feelspot su integruotomis USB+C jungtimis leid\u017eia patogiai prijungti tiek elektros prietaisus, tiek i\u0161maniuosius \u012frenginius be papildom\u0173 adapteri\u0173. Stiklinis<\/p>","protected":false},"featured_media":27250,"comment_status":"closed","ping_status":"open","template":"","meta":[],"product_brand":[],"product_cat":[23],"product_tag":[535],"class_list":{"0":"post-27248","1":"product","2":"type-product","3":"status-publish","4":"has-post-thumbnail","6":"product_cat-be-kategorijos","7":"product_tag-naujiena","9":"first","10":"onbackorder","11":"taxable","12":"shipping-taxable","13":"product-type-variable"},"_links":{"self":[{"href":"https:\/\/orotech.lt\/en\/wp-json\/wp\/v2\/product\/27248","targetHints":{"allow":["GET"]}}],"collection":[{"href":"https:\/\/orotech.lt\/en\/wp-json\/wp\/v2\/product"}],"about":[{"href":"https:\/\/orotech.lt\/en\/wp-json\/wp\/v2\/types\/product"}],"replies":[{"embeddable":true,"href":"https:\/\/orotech.lt\/en\/wp-json\/wp\/v2\/comments?post=27248"}],"version-history":[{"count":1,"href":"https:\/\/orotech.lt\/en\/wp-json\/wp\/v2\/product\/27248\/revisions"}],"predecessor-version":[{"id":27249,"href":"https:\/\/orotech.lt\/en\/wp-json\/wp\/v2\/product\/27248\/revisions\/27249"}],"wp:featuredmedia":[{"embeddable":true,"href":"https:\/\/orotech.lt\/en\/wp-json\/wp\/v2\/media\/27250"}],"wp:attachment":[{"href":"https:\/\/orotech.lt\/en\/wp-json\/wp\/v2\/media?parent=27248"}],"wp:term":[{"taxonomy":"product_brand","embeddable":true,"href":"https:\/\/orotech.lt\/en\/wp-json\/wp\/v2\/product_brand?post=27248"},{"taxonomy":"product_cat","embeddable":true,"href":"https:\/\/orotech.lt\/en\/wp-json\/wp\/v2\/product_cat?post=27248"},{"taxonomy":"product_tag","embeddable":true,"href":"https:\/\/orotech.lt\/en\/wp-json\/wp\/v2\/product_tag?post=27248"}],"curies":[{"name":"wp","href":"https:\/\/api.w.org\/{rel}","templated":true}]}}