{"id":27485,"date":"2025-09-09T08:31:02","date_gmt":"2025-09-09T08:31:02","guid":{"rendered":"https:\/\/orotech.lt\/sensorinis-jungiklio-dimerio-dangtelis-feelspot-baltas-47x47mm\/"},"modified":"2025-09-10T06:30:26","modified_gmt":"2025-09-10T06:30:26","slug":"sensorinis-jungiklio-dimerio-dangtelis-feelspot-baltas-47x47mm","status":"publish","type":"product","link":"https:\/\/orotech.lt\/en\/sensorinis-jungiklio-dimerio-dangtelis-feelspot-baltas-47x47mm\/","title":{"rendered":"Sensorinis jungiklio dimerio dangtelis Feelspot, baltas, 47x47mm"},"content":{"rendered":"<p style=\"text-align: justify;\">Baltos spalvos stiklinis <strong>sensorinis jungiklio dimerio dangtelis <\/strong>Feelspot FSSDMD4W (be lizdo). Baltos spalvos stiklinis <strong>sensorinis jungiklio dimerio dangtelis&nbsp;<\/strong>pagamintas i\u0161 gr\u016bdinto stiklo, yra atsparus vandeniui ir ugniai. Auk\u0161tos kokyb\u0117s prietaisas leis m\u0117gautis patogiu valdymu bei paprasta prie\u017ei\u016bra. Su modernaus dizaino jungikliu vienu prisilietimu gal\u0117site \u012fjungti arba i\u0161jungti ap\u0161vietim\u0105 patalpoje bei reguliuoti ap\u0161vietimo intensyvum\u0105 (\u0161viesiau\/tamsiau). <strong>Sensorinis jungiklio dimerio dangtelis<\/strong>&nbsp;Feelspot turi \u012fmontuot\u0105 LED indikatori\u0173, kuris pad\u0117s lengvai rasti jungikl\u012f tamsoje. Paprasto valdymo ir patikimo veikimo sensorinis jungiklis Feelspot \u012fgyvendins \u012fvairiausius techninius ir interjero dizaino sprendimus, atitinkan\u010dius i\u0161rankiausio kliento poreikius.&nbsp;<\/p>\n<p style=\"text-align: justify;\"><strong>Advantages:<\/strong><\/p>\n<ul>\n<li>\n\t\tEleganti\u0161kas, minimalistinis jungiklio dizainas puikiai tiks tiek klasikini\u0173, tiek moderni\u0173 nam\u0173, but\u0173, vie\u0161bu\u010di\u0173 ir biur\u0173 interjere;<\/li>\n<li>\n\t\tTobulai plok\u0161\u010di\u0105 skydel\u012f lengva valyti ir pri\u017ei\u016br\u0117ti;<\/li>\n<li>\n\t\tPagaminta i\u0161 patvaraus gr\u016bdinto stiklo, pasi\u017eymin\u010dio dideliu atsparumu \u012fbr\u0117\u017eimams ir blukimui;<\/li>\n<li>\n\t\tAuk\u0161tos kokyb\u0117s jutiklinis jungiklis, kurio veikimo trukm\u0117 didesn\u0117 nei standartiniuose mechaniniuose jungikliuose &#8211; iki 100 000 cikl\u0173;<\/li>\n<li>\n\t\t\u0160velniai m\u0117lynas foninis ap\u0161vietimas tu\u0161\u010di\u0105ja eiga leid\u017eia daug lengviau rasti jungikl\u012f tamsoje;<\/li>\n<li>\n\t\tIndividualius jungiklius lengva naudoti ir lengva prijungti;<\/li>\n<\/ul>\n<p style=\"text-align: justify;\"><strong>Technical information:<\/strong><\/p>\n<ul>\n<li>\n\t\tTipas: <strong>sensorinis jungiklio dimerio dangtelis<\/strong>&nbsp;(viena grandin\u0117, vieno modulio);<\/li>\n<li>\n\t\tMed\u017eiagos: gr\u016bdintas stiklas (4 mm, atsparus \u012fbr\u0117\u017eimams);<\/li>\n<li>\n\t\tJungiklio matmenys: 47 x 47 x 35 mm;<\/li>\n<li>\n\t\tLED ap\u0161vietimas: m\u0117lynas \u0161viesos diodas (\u0161velnus tu\u0161\u010di\u0105ja eiga ir intensyvus \u012fjungus);<\/li>\n<li>\n\t\tDarbin\u0117 \u012ftampa: 110-240V AC 50 \/ 60Hz;<\/li>\n<li>\n\t\tEnergijos s\u0105naudos: ~ 0,02W;<\/li>\n<li>\n\t\tDarbin\u0117 temperat\u016bra: -20&deg;C iki +70&deg;C;<\/li>\n<li>\n\t\tValdymo grandin\u0117s apkrova: 4-300W;<\/li>\n<li>\n\t\tLietimo jutiklio veikimo laikas: 100 000 paspaudim\u0173;<\/li>\n<li>\n\t\tSertifikatai: CE, RoHS.&nbsp;<\/li>\n<\/ul>\n<p style=\"text-align: justify;\"><strong>Installation:<\/strong><\/p>\n<ul>\n<li>\n\t\tPrie\u0161 prad\u0117dami surinkim\u0105, atjunkite atitinkamos grandin\u0117s maitinim\u0105. Tai labai svarbu ir b\u016btina, norint sukalibruoti jungikl\u012f. Jungiklio montavimas \u012fjungus maitinimo \u0161altin\u012f gali j\u012f sugadinti!<\/li>\n<li>\n\t\t\u012esitikinkite, kad lemput\u0117s\/lempu\u010di\u0173 sukuriama apkrova atitinka diapazon\u0105, apra\u0161yt\u0105 ant lipduko modulio gale.<\/li>\n<li>\n\t\tAtidarykite skydel\u012f sukdami plok\u0161\u010di\u0105 atsuktuv\u0105 pagal laikrod\u017eio rodykl\u0119 tam skirtoje vietoje.<\/li>\n<li>\n\t\tJungiklio mechanizm\u0105 prijunkite pagal nurodyt\u0105 schem\u0105.<\/li>\n<li>\n\t\tPritvirtinkite jungikl\u012f prie d\u0117\u017eut\u0117s. Nenupl\u0117\u0161kite balto lipduko nuo jungiklio jutiklio.<\/li>\n<li>\n\t\tU\u017ed\u0117kite stiklin\u0119 plok\u0161t\u0119 ant korpuso ir \u012fjunkite maitinim\u0105. Ne\u012fjunkite maitinimo neprid\u0117j\u0119 stiklo plok\u0161t\u0117s, nes jungiklis bus sukalibruotas neteisingai.<\/li>\n<li>\n\t\tPer kitas dvi minutes prisilietimas sukalibruojamas. \u0160viesa gali \u012fsijungti ir i\u0161sijungti savaime.<\/li>\n<li>\n\t\tPo kalibravimo jungiklis yra paruo\u0161tas naudoti.&nbsp;<\/li>\n<\/ul>","protected":false},"excerpt":{"rendered":"<p>Baltos spalvos stiklinis sensorinis jungiklio dimerio dangtelis Feelspot FSSDMD4W (be lizdo). Baltos spalvos stiklinis sensorinis jungiklio dimerio dangtelis&nbsp;pagamintas i\u0161 gr\u016bdinto<\/p>","protected":false},"featured_media":27487,"comment_status":"closed","ping_status":"open","template":"","meta":[],"product_brand":[],"product_cat":[23],"product_tag":[535],"class_list":{"0":"post-27485","1":"product","2":"type-product","3":"status-publish","4":"has-post-thumbnail","6":"product_cat-be-kategorijos","7":"product_tag-naujiena","9":"first","10":"onbackorder","11":"taxable","12":"shipping-taxable","13":"product-type-variable"},"_links":{"self":[{"href":"https:\/\/orotech.lt\/en\/wp-json\/wp\/v2\/product\/27485","targetHints":{"allow":["GET"]}}],"collection":[{"href":"https:\/\/orotech.lt\/en\/wp-json\/wp\/v2\/product"}],"about":[{"href":"https:\/\/orotech.lt\/en\/wp-json\/wp\/v2\/types\/product"}],"replies":[{"embeddable":true,"href":"https:\/\/orotech.lt\/en\/wp-json\/wp\/v2\/comments?post=27485"}],"version-history":[{"count":1,"href":"https:\/\/orotech.lt\/en\/wp-json\/wp\/v2\/product\/27485\/revisions"}],"predecessor-version":[{"id":27486,"href":"https:\/\/orotech.lt\/en\/wp-json\/wp\/v2\/product\/27485\/revisions\/27486"}],"wp:featuredmedia":[{"embeddable":true,"href":"https:\/\/orotech.lt\/en\/wp-json\/wp\/v2\/media\/27487"}],"wp:attachment":[{"href":"https:\/\/orotech.lt\/en\/wp-json\/wp\/v2\/media?parent=27485"}],"wp:term":[{"taxonomy":"product_brand","embeddable":true,"href":"https:\/\/orotech.lt\/en\/wp-json\/wp\/v2\/product_brand?post=27485"},{"taxonomy":"product_cat","embeddable":true,"href":"https:\/\/orotech.lt\/en\/wp-json\/wp\/v2\/product_cat?post=27485"},{"taxonomy":"product_tag","embeddable":true,"href":"https:\/\/orotech.lt\/en\/wp-json\/wp\/v2\/product_tag?post=27485"}],"curies":[{"name":"wp","href":"https:\/\/api.w.org\/{rel}","templated":true}]}}