{"id":27518,"date":"2025-09-09T08:35:02","date_gmt":"2025-09-09T08:35:02","guid":{"rendered":"https:\/\/orotech.lt\/tripolis-sensorinis-dangtelis-su-vienvieciu-remeliu-feelspot-juodas\/"},"modified":"2025-09-10T06:30:35","modified_gmt":"2025-09-10T06:30:35","slug":"tripolis-sensorinis-dangtelis-su-vienvieciu-remeliu-feelspot-juodas","status":"publish","type":"product","link":"https:\/\/orotech.lt\/en\/tripolis-sensorinis-dangtelis-su-vienvieciu-remeliu-feelspot-juodas\/","title":{"rendered":"Tripolis sensorinis dangtelis su vienvie\u010diu r\u0117meliu Feelspot, juodas"},"content":{"rendered":"<p>&lt;p style=&quot;text-align: justify;&quot;&gt;Modernaus dizaino &lt;strong&gt;tripolis sensorinis dangtelis&lt;\/strong&gt; su vienvie\u010diu r\u0117meliu Feelspot FSSR23+1B. Juodos spalvos &lt;strong&gt;tripolis sensorinis dangtelis&lt;\/strong&gt; Feelspot turi \u012fmontuot\u0105 LED indikatori\u0173, kuris rodo kada &amp;scaron;viesa yra \u012fjungta\/i&amp;scaron;jungta, o tai padeda lengvai rasti jungikl\u012f tamsoje. &lt;strong&gt;Tripolis sensorinis dangtelis&lt;\/strong&gt; leid\u017eia valdyti trij\u0173 zon\u0173 ap&amp;scaron;vietim\u0105, o vienvietis r\u0117melis gali b\u016bti komplektuojama su bet kuriuo Feelspot ki&amp;scaron;tukiniu, TV, USB, HDMI, interneto lizdu ir kt.&amp;nbsp;&lt;\/p&gt;<br \/>\n&lt;p style=&quot;text-align: justify;&quot;&gt;&lt;strong&gt;The package includes:&lt;\/strong&gt;&lt;\/p&gt;<br \/>\n&lt;ul&gt;<br \/>\n&lt;li&gt;Juodas&amp;nbsp;&lt;strong&gt;tripolis sensorinis dangtelis&lt;\/strong&gt; su vienvie\u010diu r\u0117meliu&amp;nbsp;(matmenys 157 &amp;times; 86 mm);&lt;\/li&gt;<br \/>\n&lt;\/ul&gt;<br \/>\n&lt;p style=&quot;text-align: justify;&quot;&gt;&lt;strong&gt;Advantages:&lt;\/strong&gt;&lt;\/p&gt;<br \/>\n&lt;ul&gt;<br \/>\n&lt;li&gt;Eleganti&amp;scaron;kas, minimalistinis jungiklio dizainas puikiai tiks tiek klasikini\u0173, tiek moderni\u0173 nam\u0173, but\u0173, vie&amp;scaron;bu\u010di\u0173 ir biur\u0173 interjeruose;&lt;\/li&gt;<br \/>\n&lt;li&gt;Pagaminta i&amp;scaron; patvaraus gr\u016bdinto stiklo, pasi\u017eymin\u010dio dideliu atsparumu \u012fbr\u0117\u017eimams ir blukimui.&lt;\/li&gt;<br \/>\n&lt;li&gt;Tobulai plok&amp;scaron;\u010di\u0105 skydel\u012f lengva valyti;&amp;nbsp;&lt;\/li&gt;<br \/>\n&lt;\/ul&gt;<\/p>","protected":false},"excerpt":{"rendered":"<p>&lt;p style=&quot;text-align: justify;&quot;&gt;Modernaus dizaino &lt;strong&gt;tripolis sensorinis dangtelis&lt;\/strong&gt; su vienvie\u010diu r\u0117meliu Feelspot FSSR23+1B. Juodos spalvos &lt;strong&gt;tripolis sensorinis dangtelis&lt;\/strong&gt; Feelspot turi \u012fmontuot\u0105<\/p>","protected":false},"featured_media":27520,"comment_status":"closed","ping_status":"open","template":"","meta":[],"product_brand":[],"product_cat":[23],"product_tag":[535],"class_list":{"0":"post-27518","1":"product","2":"type-product","3":"status-publish","4":"has-post-thumbnail","6":"product_cat-be-kategorijos","7":"product_tag-naujiena","9":"first","10":"onbackorder","11":"taxable","12":"shipping-taxable","13":"product-type-variable"},"_links":{"self":[{"href":"https:\/\/orotech.lt\/en\/wp-json\/wp\/v2\/product\/27518","targetHints":{"allow":["GET"]}}],"collection":[{"href":"https:\/\/orotech.lt\/en\/wp-json\/wp\/v2\/product"}],"about":[{"href":"https:\/\/orotech.lt\/en\/wp-json\/wp\/v2\/types\/product"}],"replies":[{"embeddable":true,"href":"https:\/\/orotech.lt\/en\/wp-json\/wp\/v2\/comments?post=27518"}],"version-history":[{"count":1,"href":"https:\/\/orotech.lt\/en\/wp-json\/wp\/v2\/product\/27518\/revisions"}],"predecessor-version":[{"id":27519,"href":"https:\/\/orotech.lt\/en\/wp-json\/wp\/v2\/product\/27518\/revisions\/27519"}],"wp:featuredmedia":[{"embeddable":true,"href":"https:\/\/orotech.lt\/en\/wp-json\/wp\/v2\/media\/27520"}],"wp:attachment":[{"href":"https:\/\/orotech.lt\/en\/wp-json\/wp\/v2\/media?parent=27518"}],"wp:term":[{"taxonomy":"product_brand","embeddable":true,"href":"https:\/\/orotech.lt\/en\/wp-json\/wp\/v2\/product_brand?post=27518"},{"taxonomy":"product_cat","embeddable":true,"href":"https:\/\/orotech.lt\/en\/wp-json\/wp\/v2\/product_cat?post=27518"},{"taxonomy":"product_tag","embeddable":true,"href":"https:\/\/orotech.lt\/en\/wp-json\/wp\/v2\/product_tag?post=27518"}],"curies":[{"name":"wp","href":"https:\/\/api.w.org\/{rel}","templated":true}]}}