{"id":27550,"date":"2025-09-09T08:35:21","date_gmt":"2025-09-09T08:35:21","guid":{"rendered":"https:\/\/orotech.lt\/dimerio-dangtelis-su-dvivieciu-remeliu-feelspot-pilkas\/"},"modified":"2025-09-10T06:30:46","modified_gmt":"2025-09-10T06:30:46","slug":"dimerio-dangtelis-su-dvivieciu-remeliu-feelspot-pilkas","status":"publish","type":"product","link":"https:\/\/orotech.lt\/en\/dimerio-dangtelis-su-dvivieciu-remeliu-feelspot-pilkas\/","title":{"rendered":"Dimerio dangtelis su dvivie\u010diu r\u0117meliu Feelspot, pilkas"},"content":{"rendered":"<p>&lt;p style=&quot;text-align: justify;&quot;&gt;Modernaus dizaino sensorinis dangtelis dimeriui su dvivie\u010diu r\u0117meliu Feelspot FSSRD3+2G&amp;nbsp;(be lizdo). Pilkos spalvos stiklinis sensorinis jungiklio dangtelis dimeriui pagamintas i&amp;scaron; gr\u016bdinto stiklo, yra atsparus vandeniui ir ugniai. Auk&amp;scaron;tos kokyb\u0117s prietaisas leis m\u0117gautis patogiu valdymu bei paprasta prie\u017ei\u016bra. Su modernaus dizaino jungikliu vienu prisilietimu gal\u0117site \u012fjungti arba i&amp;scaron;jungti ap&amp;scaron;vietim\u0105 patalpoje bei reguliuoti ap&amp;scaron;vietimo intensyvum\u0105 (&amp;scaron;viesiau\/tamsiau). &lt;strong&gt;Sensorinis jungiklis&lt;\/strong&gt; Feelspot turi \u012fmontuot\u0105 LED indikatori\u0173, kuris pad\u0117s lengvai rasti jungikl\u012f tamsoje. Dvivietis r\u0117melis gali b\u016bti komplektuojamas su bet kuriuo Feelspot ki&amp;scaron;tukiniu, TV, USB, HDMI, interneto lizdu ir kt Paprasto valdymo ir patikimo veikimo dangtelis dimeriui Feelspot \u012fgyvendins \u012fvairiausius techninius ir interjero dizaino sprendimus, atitinkan\u010dius i&amp;scaron;rankiausio kliento poreikius.&lt;\/p&gt;<br \/>\n&lt;p style=&quot;text-align: justify;&quot;&gt;&lt;strong&gt;The package includes:&lt;\/strong&gt;&lt;\/p&gt;<br \/>\n&lt;ul&gt;<br \/>\n&lt;li&gt;Pilko stiklo dvivietis dimerio dangtelis (matmenys 228 &amp;times; 86 mm);&amp;nbsp;&lt;\/li&gt;<br \/>\n&lt;\/ul&gt;<br \/>\n&lt;p style=&quot;text-align: justify;&quot;&gt;&lt;strong&gt;Advantages:&lt;\/strong&gt;&lt;\/p&gt;<br \/>\n&lt;ul&gt;<br \/>\n&lt;li&gt;Eleganti&amp;scaron;kas, minimalistinis jungiklio dizainas puikiai tiks tiek klasikini\u0173, tiek moderni\u0173 nam\u0173, but\u0173, vie&amp;scaron;bu\u010di\u0173 ir biur\u0173 interjeruose;&lt;\/li&gt;<br \/>\n&lt;li&gt;Pagaminta i&amp;scaron; patvaraus gr\u016bdinto stiklo, pasi\u017eymin\u010dio dideliu atsparumu \u012fbr\u0117\u017eimams ir blukimui.&lt;\/li&gt;<br \/>\n&lt;li&gt;Tobulai plok&amp;scaron;\u010di\u0105 skydel\u012f lengva valyti;&amp;nbsp;&lt;\/li&gt;<br \/>\n&lt;\/ul&gt;<\/p>","protected":false},"excerpt":{"rendered":"<p>&lt;p style=&quot;text-align: justify;&quot;&gt;Modernaus dizaino sensorinis dangtelis dimeriui su dvivie\u010diu r\u0117meliu Feelspot FSSRD3+2G&amp;nbsp;(be lizdo). Pilkos spalvos stiklinis sensorinis jungiklio dangtelis dimeriui<\/p>","protected":false},"featured_media":27552,"comment_status":"closed","ping_status":"open","template":"","meta":[],"product_brand":[],"product_cat":[23],"product_tag":[535],"class_list":{"0":"post-27550","1":"product","2":"type-product","3":"status-publish","4":"has-post-thumbnail","6":"product_cat-be-kategorijos","7":"product_tag-naujiena","9":"first","10":"onbackorder","11":"taxable","12":"shipping-taxable","13":"product-type-variable"},"_links":{"self":[{"href":"https:\/\/orotech.lt\/en\/wp-json\/wp\/v2\/product\/27550","targetHints":{"allow":["GET"]}}],"collection":[{"href":"https:\/\/orotech.lt\/en\/wp-json\/wp\/v2\/product"}],"about":[{"href":"https:\/\/orotech.lt\/en\/wp-json\/wp\/v2\/types\/product"}],"replies":[{"embeddable":true,"href":"https:\/\/orotech.lt\/en\/wp-json\/wp\/v2\/comments?post=27550"}],"version-history":[{"count":1,"href":"https:\/\/orotech.lt\/en\/wp-json\/wp\/v2\/product\/27550\/revisions"}],"predecessor-version":[{"id":27551,"href":"https:\/\/orotech.lt\/en\/wp-json\/wp\/v2\/product\/27550\/revisions\/27551"}],"wp:featuredmedia":[{"embeddable":true,"href":"https:\/\/orotech.lt\/en\/wp-json\/wp\/v2\/media\/27552"}],"wp:attachment":[{"href":"https:\/\/orotech.lt\/en\/wp-json\/wp\/v2\/media?parent=27550"}],"wp:term":[{"taxonomy":"product_brand","embeddable":true,"href":"https:\/\/orotech.lt\/en\/wp-json\/wp\/v2\/product_brand?post=27550"},{"taxonomy":"product_cat","embeddable":true,"href":"https:\/\/orotech.lt\/en\/wp-json\/wp\/v2\/product_cat?post=27550"},{"taxonomy":"product_tag","embeddable":true,"href":"https:\/\/orotech.lt\/en\/wp-json\/wp\/v2\/product_tag?post=27550"}],"curies":[{"name":"wp","href":"https:\/\/api.w.org\/{rel}","templated":true}]}}