{"id":27567,"date":"2025-09-09T08:35:21","date_gmt":"2025-09-09T08:35:21","guid":{"rendered":"https:\/\/orotech.lt\/dvipolis-sensorinis-dangtelis-su-dvivieciu-remeliu-feelspot-baltas\/"},"modified":"2025-09-10T06:30:50","modified_gmt":"2025-09-10T06:30:50","slug":"dvipolis-sensorinis-dangtelis-su-dvivieciu-remeliu-feelspot-baltas","status":"publish","type":"product","link":"https:\/\/orotech.lt\/en\/dvipolis-sensorinis-dangtelis-su-dvivieciu-remeliu-feelspot-baltas\/","title":{"rendered":"Dvipolis sensorinis dangtelis su dvivie\u010diu r\u0117meliu Feelspot, baltas"},"content":{"rendered":"<p>&lt;p style=&quot;text-align: justify;&quot;&gt;Modernaus dizaino &lt;strong&gt;dvipolis sensorinis dangtelis&lt;\/strong&gt; su dvivie\u010diu r\u0117meliu Feelspot FSSR32+2W. Baltos spalvos &lt;strong&gt;dvipolis sensorinis dangtelis&lt;\/strong&gt; Feelspot turi \u012fmontuot\u0105 LED indikatori\u0173, kuris rodo kada &amp;scaron;viesa yra \u012fjungta\/i&amp;scaron;jungta, o tai padeda lengvai rasti jungikl\u012f tamsoje. Dangtelis gali b\u016bti komplektuojama su bet kuriuo Feelspot ki&amp;scaron;tukiniu, TV, USB, HDMI, interneto lizdu ir kt. Su modernaus dizaino dvipoliu sensoriniu dangteliu vienu prisilietimu gal\u0117site valdyti dvi ap&amp;scaron;vietimo zonas.&lt;\/p&gt;<br \/>\n&lt;p style=&quot;text-align: justify;&quot;&gt;&lt;strong&gt;The package includes:&lt;\/strong&gt;&lt;\/p&gt;<br \/>\n&lt;ul&gt;<br \/>\n&lt;li&gt;Balto stiklo dvipolis dangtelis su dvivie\u010diu r\u0117meliu (matmenys 228 &amp;times; 86 mm);&amp;nbsp;&lt;\/li&gt;<br \/>\n&lt;\/ul&gt;<br \/>\n&lt;p style=&quot;text-align: justify;&quot;&gt;&lt;strong&gt;Advantages:&lt;\/strong&gt;&lt;\/p&gt;<br \/>\n&lt;ul&gt;<br \/>\n&lt;li&gt;Eleganti&amp;scaron;kas, minimalistinis jungiklio dizainas puikiai tiks tiek klasikini\u0173, tiek moderni\u0173 nam\u0173, but\u0173, vie&amp;scaron;bu\u010di\u0173 ir biur\u0173 interjeruose;&lt;\/li&gt;<br \/>\n&lt;li&gt;Pagaminta i&amp;scaron; patvaraus gr\u016bdinto stiklo, pasi\u017eymin\u010dio dideliu atsparumu \u012fbr\u0117\u017eimams ir blukimui.&lt;\/li&gt;<br \/>\n&lt;li&gt;Tobulai plok&amp;scaron;\u010di\u0105 skydel\u012f lengva valyti;&amp;nbsp;&lt;\/li&gt;<br \/>\n&lt;\/ul&gt;<\/p>","protected":false},"excerpt":{"rendered":"<p>&lt;p style=&quot;text-align: justify;&quot;&gt;Modernaus dizaino &lt;strong&gt;dvipolis sensorinis dangtelis&lt;\/strong&gt; su dvivie\u010diu r\u0117meliu Feelspot FSSR32+2W. Baltos spalvos &lt;strong&gt;dvipolis sensorinis dangtelis&lt;\/strong&gt; Feelspot turi \u012fmontuot\u0105<\/p>","protected":false},"featured_media":27569,"comment_status":"closed","ping_status":"open","template":"","meta":[],"product_brand":[],"product_cat":[23],"product_tag":[535],"class_list":{"0":"post-27567","1":"product","2":"type-product","3":"status-publish","4":"has-post-thumbnail","6":"product_cat-be-kategorijos","7":"product_tag-naujiena","9":"first","10":"onbackorder","11":"taxable","12":"shipping-taxable","13":"product-type-variable"},"_links":{"self":[{"href":"https:\/\/orotech.lt\/en\/wp-json\/wp\/v2\/product\/27567","targetHints":{"allow":["GET"]}}],"collection":[{"href":"https:\/\/orotech.lt\/en\/wp-json\/wp\/v2\/product"}],"about":[{"href":"https:\/\/orotech.lt\/en\/wp-json\/wp\/v2\/types\/product"}],"replies":[{"embeddable":true,"href":"https:\/\/orotech.lt\/en\/wp-json\/wp\/v2\/comments?post=27567"}],"version-history":[{"count":1,"href":"https:\/\/orotech.lt\/en\/wp-json\/wp\/v2\/product\/27567\/revisions"}],"predecessor-version":[{"id":27568,"href":"https:\/\/orotech.lt\/en\/wp-json\/wp\/v2\/product\/27567\/revisions\/27568"}],"wp:featuredmedia":[{"embeddable":true,"href":"https:\/\/orotech.lt\/en\/wp-json\/wp\/v2\/media\/27569"}],"wp:attachment":[{"href":"https:\/\/orotech.lt\/en\/wp-json\/wp\/v2\/media?parent=27567"}],"wp:term":[{"taxonomy":"product_brand","embeddable":true,"href":"https:\/\/orotech.lt\/en\/wp-json\/wp\/v2\/product_brand?post=27567"},{"taxonomy":"product_cat","embeddable":true,"href":"https:\/\/orotech.lt\/en\/wp-json\/wp\/v2\/product_cat?post=27567"},{"taxonomy":"product_tag","embeddable":true,"href":"https:\/\/orotech.lt\/en\/wp-json\/wp\/v2\/product_tag?post=27567"}],"curies":[{"name":"wp","href":"https:\/\/api.w.org\/{rel}","templated":true}]}}