{"id":27577,"date":"2025-09-09T08:35:37","date_gmt":"2025-09-09T08:35:37","guid":{"rendered":"https:\/\/orotech.lt\/dvipolis-sensorinis-dangtelis-su-dvivieciu-remeliu-feelspot-pilkas\/"},"modified":"2025-09-10T06:30:52","modified_gmt":"2025-09-10T06:30:52","slug":"dvipolis-sensorinis-dangtelis-su-dvivieciu-remeliu-feelspot-pilkas","status":"publish","type":"product","link":"https:\/\/orotech.lt\/en\/dvipolis-sensorinis-dangtelis-su-dvivieciu-remeliu-feelspot-pilkas\/","title":{"rendered":"Dvipolis sensorinis dangtelis su dvivie\u010diu r\u0117meliu Feelspot, pilkas"},"content":{"rendered":"<p style=\"text-align: justify;\">Modernaus dizaino <strong>dvipolis sensorinis dangtelis<\/strong> su dvivie\u010diu r\u0117meliu Feelspot FSSR32+2G. Pilkos spalvos <strong>dvipolis sensorinis dangtelis<\/strong> Feelspot turi \u012fmontuot\u0105 LED indikatori\u0173, kuris rodo kada \u0161viesa yra \u012fjungta\/i\u0161jungta, o tai padeda lengvai rasti jungikl\u012f tamsoje. Dangtelis gali b\u016bti komplektuojama su bet kuriuo Feelspot ki\u0161tukiniu, TV, USB, HDMI, interneto lizdu ir kt. Su modernaus dizaino dvipoliu sensoriniu dangteliu vienu prisilietimu gal\u0117site valdyti dvi ap\u0161vietimo zonas.<\/p>\n<p style=\"text-align: justify;\"><strong>The package includes:<\/strong><\/p>\n<ul>\n<li>\n\t\tPilko stiklo dvipolis dangtelis su dvivie\u010diu r\u0117meliu (matmenys 228 &times; 86 mm);&nbsp;<\/li>\n<\/ul>\n<p style=\"text-align: justify;\"><strong>Advantages:<\/strong><\/p>\n<ul>\n<li>\n\t\tEleganti\u0161kas, minimalistinis jungiklio dizainas puikiai tiks tiek klasikini\u0173, tiek moderni\u0173 nam\u0173, but\u0173, vie\u0161bu\u010di\u0173 ir biur\u0173 interjeruose;<\/li>\n<li>\n\t\tPagaminta i\u0161 patvaraus gr\u016bdinto stiklo, pasi\u017eymin\u010dio dideliu atsparumu \u012fbr\u0117\u017eimams ir blukimui.<\/li>\n<li>\n\t\tTobulai plok\u0161\u010di\u0105 skydel\u012f lengva valyti;&nbsp;<\/li>\n<\/ul>","protected":false},"excerpt":{"rendered":"<p>Modernaus dizaino dvipolis sensorinis dangtelis su dvivie\u010diu r\u0117meliu Feelspot FSSR32+2G. Pilkos spalvos dvipolis sensorinis dangtelis Feelspot turi \u012fmontuot\u0105 LED indikatori\u0173,<\/p>","protected":false},"featured_media":27579,"comment_status":"closed","ping_status":"open","template":"","meta":[],"product_brand":[],"product_cat":[23],"product_tag":[535],"class_list":{"0":"post-27577","1":"product","2":"type-product","3":"status-publish","4":"has-post-thumbnail","6":"product_cat-be-kategorijos","7":"product_tag-naujiena","9":"first","10":"onbackorder","11":"taxable","12":"shipping-taxable","13":"product-type-variable"},"_links":{"self":[{"href":"https:\/\/orotech.lt\/en\/wp-json\/wp\/v2\/product\/27577","targetHints":{"allow":["GET"]}}],"collection":[{"href":"https:\/\/orotech.lt\/en\/wp-json\/wp\/v2\/product"}],"about":[{"href":"https:\/\/orotech.lt\/en\/wp-json\/wp\/v2\/types\/product"}],"replies":[{"embeddable":true,"href":"https:\/\/orotech.lt\/en\/wp-json\/wp\/v2\/comments?post=27577"}],"version-history":[{"count":1,"href":"https:\/\/orotech.lt\/en\/wp-json\/wp\/v2\/product\/27577\/revisions"}],"predecessor-version":[{"id":27578,"href":"https:\/\/orotech.lt\/en\/wp-json\/wp\/v2\/product\/27577\/revisions\/27578"}],"wp:featuredmedia":[{"embeddable":true,"href":"https:\/\/orotech.lt\/en\/wp-json\/wp\/v2\/media\/27579"}],"wp:attachment":[{"href":"https:\/\/orotech.lt\/en\/wp-json\/wp\/v2\/media?parent=27577"}],"wp:term":[{"taxonomy":"product_brand","embeddable":true,"href":"https:\/\/orotech.lt\/en\/wp-json\/wp\/v2\/product_brand?post=27577"},{"taxonomy":"product_cat","embeddable":true,"href":"https:\/\/orotech.lt\/en\/wp-json\/wp\/v2\/product_cat?post=27577"},{"taxonomy":"product_tag","embeddable":true,"href":"https:\/\/orotech.lt\/en\/wp-json\/wp\/v2\/product_tag?post=27577"}],"curies":[{"name":"wp","href":"https:\/\/api.w.org\/{rel}","templated":true}]}}