{"id":27640,"date":"2025-09-09T08:35:54","date_gmt":"2025-09-09T08:35:54","guid":{"rendered":"https:\/\/orotech.lt\/penkiavietis-stiklo-remelis-feelspot-pilkas\/"},"modified":"2025-09-10T06:31:08","modified_gmt":"2025-09-10T06:31:08","slug":"penkiavietis-stiklo-remelis-feelspot-pilkas","status":"publish","type":"product","link":"https:\/\/orotech.lt\/en\/penkiavietis-stiklo-remelis-feelspot-pilkas\/","title":{"rendered":"Penkiavietis stiklo r\u0117melis Feelspot, pilkas"},"content":{"rendered":"<p style=\"text-align: justify;\">Modernaus dizaino <strong>penkiavietis stiklo r\u0117melis<\/strong> Feelspot FSSR5G. Pilkos spalvos <strong>penkiavietis<\/strong>&nbsp;<strong>stiklo r\u0117melis<\/strong> sukurs i\u0161skirtin\u012f nam\u0173 interjer\u0105, o auk\u0161ta med\u017eiag\u0173 kokyb\u0117 ir korpuso atsparumas ugniai u\u017etikrins ilgaam\u017e\u012f bei patikim\u0105 prietaiso naudojim\u0105. <strong>Penkiavietis stiklo r\u0117melis<\/strong> Feelspot FSSR5G&nbsp;gali b\u016bti komplektuojamas su bet kuriuo Feelspot ki\u0161tukiniu, TV, USB, HDMI, interneto lizdu ar rozete.<\/p>\n<p style=\"text-align: justify;\"><strong>The package includes:<\/strong><\/p>\n<ul>\n<li>\n\t\t<strong>Penkiavietis stiklo r\u0117melis<\/strong>, pilkas (matmenys 86 &times; 370 mm);<\/li>\n<\/ul>\n<p style=\"text-align: justify;\"><strong>Advantages:&nbsp;<\/strong><\/p>\n<ul>\n<li>\n\t\tModernus dizainas;<\/li>\n<li>\n\t\tGr\u016bdintas stiklas;<\/li>\n<li>\n\t\tUgniai atsparus korpusas<\/li>\n<li>\n\t\tBrai\u017eymams atsparus stiklo r\u0117melis;<\/li>\n<li>\n\t\tMetalinis tvirtinimo r\u0117melis.&nbsp;<\/li>\n<\/ul>","protected":false},"excerpt":{"rendered":"<p>Modernaus dizaino penkiavietis stiklo r\u0117melis Feelspot FSSR5G. Pilkos spalvos penkiavietis&nbsp;stiklo r\u0117melis sukurs i\u0161skirtin\u012f nam\u0173 interjer\u0105, o auk\u0161ta med\u017eiag\u0173 kokyb\u0117 ir<\/p>","protected":false},"featured_media":27642,"comment_status":"closed","ping_status":"open","template":"","meta":[],"product_brand":[],"product_cat":[23],"product_tag":[535],"class_list":{"0":"post-27640","1":"product","2":"type-product","3":"status-publish","4":"has-post-thumbnail","6":"product_cat-be-kategorijos","7":"product_tag-naujiena","9":"first","10":"onbackorder","11":"taxable","12":"shipping-taxable","13":"product-type-variable"},"_links":{"self":[{"href":"https:\/\/orotech.lt\/en\/wp-json\/wp\/v2\/product\/27640","targetHints":{"allow":["GET"]}}],"collection":[{"href":"https:\/\/orotech.lt\/en\/wp-json\/wp\/v2\/product"}],"about":[{"href":"https:\/\/orotech.lt\/en\/wp-json\/wp\/v2\/types\/product"}],"replies":[{"embeddable":true,"href":"https:\/\/orotech.lt\/en\/wp-json\/wp\/v2\/comments?post=27640"}],"version-history":[{"count":1,"href":"https:\/\/orotech.lt\/en\/wp-json\/wp\/v2\/product\/27640\/revisions"}],"predecessor-version":[{"id":27641,"href":"https:\/\/orotech.lt\/en\/wp-json\/wp\/v2\/product\/27640\/revisions\/27641"}],"wp:featuredmedia":[{"embeddable":true,"href":"https:\/\/orotech.lt\/en\/wp-json\/wp\/v2\/media\/27642"}],"wp:attachment":[{"href":"https:\/\/orotech.lt\/en\/wp-json\/wp\/v2\/media?parent=27640"}],"wp:term":[{"taxonomy":"product_brand","embeddable":true,"href":"https:\/\/orotech.lt\/en\/wp-json\/wp\/v2\/product_brand?post=27640"},{"taxonomy":"product_cat","embeddable":true,"href":"https:\/\/orotech.lt\/en\/wp-json\/wp\/v2\/product_cat?post=27640"},{"taxonomy":"product_tag","embeddable":true,"href":"https:\/\/orotech.lt\/en\/wp-json\/wp\/v2\/product_tag?post=27640"}],"curies":[{"name":"wp","href":"https:\/\/api.w.org\/{rel}","templated":true}]}}