{"id":27643,"date":"2025-09-09T08:40:03","date_gmt":"2025-09-09T08:40:03","guid":{"rendered":"https:\/\/orotech.lt\/remelis-pusems-itvirtinti-feelspot\/"},"modified":"2025-09-10T06:35:03","modified_gmt":"2025-09-10T06:35:03","slug":"remelis-pusems-itvirtinti-feelspot","status":"publish","type":"product","link":"https:\/\/orotech.lt\/en\/remelis-pusems-itvirtinti-feelspot\/","title":{"rendered":"R\u0117melis pus\u0117ms \u012ftvirtinti Feelspot"},"content":{"rendered":"<p>&lt;p style=&quot;text-align: justify;&quot;&gt;Minimalist design &lt;strong&gt;r\u0117melis pus\u0117ms \u012ftvirtinti&lt;\/strong&gt;&amp;nbsp;Feelspot FSG05. R\u0117melis padalintas \u012f dvi dalis, tod\u0117l galima \u012fmontuoti bei kombinuoti kartu su kitais Feelspot serijos produktais: akle, HDMI, interneto ar TV lizdus.&lt;\/p&gt;<\/p>","protected":false},"excerpt":{"rendered":"<p>&lt;p style=&quot;text-align: justify;&quot;&gt;Minimalist design &lt;strong&gt;r\u0117melis pus\u0117ms \u012ftvirtinti&lt;\/strong&gt;&amp;nbsp;Feelspot FSG05. R\u0117melis padalintas \u012f dvi dalis, tod\u0117l galima \u012fmontuoti bei kombinuoti kartu su<\/p>","protected":false},"featured_media":27645,"comment_status":"closed","ping_status":"open","template":"","meta":[],"product_brand":[],"product_cat":[23],"product_tag":[535],"class_list":{"0":"post-27643","1":"product","2":"type-product","3":"status-publish","4":"has-post-thumbnail","6":"product_cat-be-kategorijos","7":"product_tag-naujiena","9":"first","10":"onbackorder","11":"taxable","12":"shipping-taxable","13":"product-type-variable"},"_links":{"self":[{"href":"https:\/\/orotech.lt\/en\/wp-json\/wp\/v2\/product\/27643","targetHints":{"allow":["GET"]}}],"collection":[{"href":"https:\/\/orotech.lt\/en\/wp-json\/wp\/v2\/product"}],"about":[{"href":"https:\/\/orotech.lt\/en\/wp-json\/wp\/v2\/types\/product"}],"replies":[{"embeddable":true,"href":"https:\/\/orotech.lt\/en\/wp-json\/wp\/v2\/comments?post=27643"}],"version-history":[{"count":1,"href":"https:\/\/orotech.lt\/en\/wp-json\/wp\/v2\/product\/27643\/revisions"}],"predecessor-version":[{"id":27644,"href":"https:\/\/orotech.lt\/en\/wp-json\/wp\/v2\/product\/27643\/revisions\/27644"}],"wp:featuredmedia":[{"embeddable":true,"href":"https:\/\/orotech.lt\/en\/wp-json\/wp\/v2\/media\/27645"}],"wp:attachment":[{"href":"https:\/\/orotech.lt\/en\/wp-json\/wp\/v2\/media?parent=27643"}],"wp:term":[{"taxonomy":"product_brand","embeddable":true,"href":"https:\/\/orotech.lt\/en\/wp-json\/wp\/v2\/product_brand?post=27643"},{"taxonomy":"product_cat","embeddable":true,"href":"https:\/\/orotech.lt\/en\/wp-json\/wp\/v2\/product_cat?post=27643"},{"taxonomy":"product_tag","embeddable":true,"href":"https:\/\/orotech.lt\/en\/wp-json\/wp\/v2\/product_tag?post=27643"}],"curies":[{"name":"wp","href":"https:\/\/api.w.org\/{rel}","templated":true}]}}