{"id":27660,"date":"2025-09-09T08:40:03","date_gmt":"2025-09-09T08:40:03","guid":{"rendered":"https:\/\/orotech.lt\/wifi-vienpolis-sensorinis-jungiklis-feelspot-1000w\/"},"modified":"2025-09-10T06:35:07","modified_gmt":"2025-09-10T06:35:07","slug":"wifi-vienpolis-sensorinis-jungiklis-feelspot-1000w","status":"publish","type":"product","link":"https:\/\/orotech.lt\/en\/wifi-vienpolis-sensorinis-jungiklis-feelspot-1000w\/","title":{"rendered":"WiFi vienpolis sensorinis jungiklis Feelspot, 1000W"},"content":{"rendered":"<p style=\"text-align: justify;\">Vienpolis sensorinis jungiklis Feelspot FSSW101W, WiFi, 1000W (be dangtelio). Su modernaus dizaino jungikliu vienu prisilietimu gal\u0117site valdyti ap\u0161vietim\u0105 patalpoje tada, kada labiausiai to reikia. Vienpolis sensorinis jungiklis Feelspot turi \u012fmontuot\u0105 LED indikatori\u0173, kuris rodo kada \u0161viesa yra \u012fjungta\/i\u0161jungta, o tai pad\u0117s lengvai rasti jungikl\u012f tamsoje. Paprasto valdymo ir patikimo veikimo sensorinis jungiklis Feelspot \u012fgyvendins \u012fvairiausius techninius ir interjero dizaino sprendimus, atitinkan\u010dius i\u0161rankiausio kliento poreikius.&nbsp;<\/p>\n<p style=\"text-align: justify;\"><strong>Advantages:<\/strong><\/p>\n<ul>\n<li>\n\t\tEleganti\u0161kas, minimalistinis jungiklio dizainas puikiai tiks tiek klasikini\u0173, tiek moderni\u0173 nam\u0173, but\u0173, vie\u0161bu\u010di\u0173 ir biur\u0173 interjere;<\/li>\n<li>\n\t\tAuk\u0161tos kokyb\u0117s jutiklinis jungiklis, kurio veikimo trukm\u0117 didesn\u0117 nei standartiniuose mechaniniuose jungikliuose &#8211; iki 100 000 cikl\u0173;<\/li>\n<li>\n\t\tIndividualius jungiklius lengva naudoti ir lengva prijungti;<\/li>\n<li>\n\t\tSkirta vis\u0173 tip\u0173 lemput\u0117ms, \u012fskaitant tradicines lemputes, LED ap\u0161vietim\u0105, liuminescencin\u0117s lempas ir energij\u0105 taupan\u010dias lemputes.<\/li>\n<\/ul>\n<p style=\"text-align: justify;\"><strong>Technical information:<\/strong><\/p>\n<ul>\n<li>\n\t\tTipas: WiFi vienpolis jungiklis;<\/li>\n<li>\n\t\tDarbin\u0117 \u012ftampa: 110-240V AC 50 \/ 60Hz;<\/li>\n<li>\n\t\tGalingumas: 1000W;<\/li>\n<li>\n\t\tSertifikatai: CE, RoHS.<\/li>\n<\/ul>\n<p><strong>WiFi jungikli\u0173 privalumai:<br \/>\n\t<\/strong><\/p>\n<ul>\n<li>\n\t\tPrijungus jungikl\u012f prie nam\u0173 tinklo ir telefone \/ plan\u0161et\u0117je esan\u010dios aplikacijos, valdykite j\u012f i\u0161 bet kurios pasaulio vietos &ndash; kur tik turite interneto prieig\u0105;<\/li>\n<li>\n\t\tPrograma &bdquo;Smart Life&ldquo; leis ai\u0161kiai ir paprastai valdyti &bdquo;Google Play&ldquo; ir &bdquo;App Store&ldquo;;<\/li>\n<li>\n\t\tProgramoje galite valdyti vien\u0105, kelis pasirinktus arba visus jungiklius vienu metu;<\/li>\n<li>\n\t\tVisi\u0161kas suderinamumas su Android ir iOS;<\/li>\n<li>\n\t\tGalimyb\u0117 nustatyti jungikli\u0173 veikimo grafik\u0105;<\/li>\n<li>\n\t\tDaugyb\u0117 papildom\u0173 funkcij\u0173: vis\u0173 grandini\u0173 i\u0161jungimas vienu metu, jungikli\u0173 b\u016bsen\u0173 rodymas ir i\u0161jungimas po i\u0161 anksto nustatyto laiko.<\/li>\n<\/ul>\n<p style=\"text-align: justify;\"><strong>Installation:<\/strong><\/p>\n<ul>\n<li>\n\t\tPrie\u0161 prad\u0117dami surinkim\u0105, atjunkite atitinkamos grandin\u0117s maitinim\u0105. Tai labai svarbu ir b\u016btina, norint sukalibruoti jungikl\u012f. Jungiklio montavimas \u012fjungus maitinimo \u0161altin\u012f gali j\u012f sugadinti!<\/li>\n<li>\n\t\t\u012esitikinkite, kad lemput\u0117s\/lempu\u010di\u0173 sukuriama apkrova atitinka diapazon\u0105, apra\u0161yt\u0105 ant lipduko modulio gale.<\/li>\n<li>\n\t\tAtidarykite skydel\u012f sukdami plok\u0161\u010di\u0105 atsuktuv\u0105 pagal laikrod\u017eio rodykl\u0119 tam skirtoje vietoje.<\/li>\n<li>\n\t\tJungiklio mechanizm\u0105 prijunkite pagal nurodyt\u0105 schem\u0105.<\/li>\n<li>\n\t\tPritvirtinkite jungikl\u012f prie d\u0117\u017eut\u0117s. Nenupl\u0117\u0161kite balto lipduko nuo jungiklio jutiklio.<\/li>\n<li>\n\t\tU\u017ed\u0117kite stiklin\u0119 plok\u0161t\u0119 ant korpuso ir \u012fjunkite maitinim\u0105. Ne\u012fjunkite maitinimo neprid\u0117j\u0119 stiklo plok\u0161t\u0117s, nes jungiklis bus sukalibruotas neteisingai.<\/li>\n<li>\n\t\tPer kitas dvi minutes prisilietimas sukalibruojamas. \u0160viesa gali \u012fsijungti ir i\u0161sijungti savaime.<\/li>\n<li>\n\t\tPo kalibravimo jungiklis yra paruo\u0161tas naudoti.&nbsp;<\/li>\n<\/ul>\n<p><strong>Sujungimas:<\/strong><\/p>\n<p><img decoding=\"async\" alt=\"\" src=\"\/images\/Userfiles\/Vienpolis_Wi-Fi_jungiklis.jpg\" style=\"width: 700px; height: 350px;\" title=\"\"><\/p>","protected":false},"excerpt":{"rendered":"<p>Vienpolis sensorinis jungiklis Feelspot FSSW101W, WiFi, 1000W (be dangtelio). Su modernaus dizaino jungikliu vienu prisilietimu gal\u0117site valdyti ap\u0161vietim\u0105 patalpoje tada,<\/p>","protected":false},"featured_media":27662,"comment_status":"closed","ping_status":"open","template":"","meta":[],"product_brand":[],"product_cat":[23],"product_tag":[535],"class_list":{"0":"post-27660","1":"product","2":"type-product","3":"status-publish","4":"has-post-thumbnail","6":"product_cat-be-kategorijos","7":"product_tag-naujiena","9":"first","10":"onbackorder","11":"taxable","12":"shipping-taxable","13":"product-type-variable"},"_links":{"self":[{"href":"https:\/\/orotech.lt\/en\/wp-json\/wp\/v2\/product\/27660","targetHints":{"allow":["GET"]}}],"collection":[{"href":"https:\/\/orotech.lt\/en\/wp-json\/wp\/v2\/product"}],"about":[{"href":"https:\/\/orotech.lt\/en\/wp-json\/wp\/v2\/types\/product"}],"replies":[{"embeddable":true,"href":"https:\/\/orotech.lt\/en\/wp-json\/wp\/v2\/comments?post=27660"}],"version-history":[{"count":1,"href":"https:\/\/orotech.lt\/en\/wp-json\/wp\/v2\/product\/27660\/revisions"}],"predecessor-version":[{"id":27661,"href":"https:\/\/orotech.lt\/en\/wp-json\/wp\/v2\/product\/27660\/revisions\/27661"}],"wp:featuredmedia":[{"embeddable":true,"href":"https:\/\/orotech.lt\/en\/wp-json\/wp\/v2\/media\/27662"}],"wp:attachment":[{"href":"https:\/\/orotech.lt\/en\/wp-json\/wp\/v2\/media?parent=27660"}],"wp:term":[{"taxonomy":"product_brand","embeddable":true,"href":"https:\/\/orotech.lt\/en\/wp-json\/wp\/v2\/product_brand?post=27660"},{"taxonomy":"product_cat","embeddable":true,"href":"https:\/\/orotech.lt\/en\/wp-json\/wp\/v2\/product_cat?post=27660"},{"taxonomy":"product_tag","embeddable":true,"href":"https:\/\/orotech.lt\/en\/wp-json\/wp\/v2\/product_tag?post=27660"}],"curies":[{"name":"wp","href":"https:\/\/api.w.org\/{rel}","templated":true}]}}