{"id":27672,"date":"2025-09-09T08:40:03","date_gmt":"2025-09-09T08:40:03","guid":{"rendered":"https:\/\/orotech.lt\/wifi-sensorinis-uzuolaidu-ir-zaliuziu-jungiklis-feelspot-2000w\/"},"modified":"2025-09-10T06:35:11","modified_gmt":"2025-09-10T06:35:11","slug":"wifi-sensorinis-uzuolaidu-ir-zaliuziu-jungiklis-feelspot-2000w","status":"publish","type":"product","link":"https:\/\/orotech.lt\/en\/wifi-sensorinis-uzuolaidu-ir-zaliuziu-jungiklis-feelspot-2000w\/","title":{"rendered":"WiFi sensorinis u\u017euolaid\u0173 ir \u017ealiuzi\u0173 jungiklis Feelspot, 2000W"},"content":{"rendered":"<p>&lt;p style=&quot;text-align: justify;&quot;&gt;Modernaus dizaino &lt;strong&gt;sensorinis u\u017euolaid\u0173 ir \u017ealiuzi\u0173 jungiklis&lt;\/strong&gt; Feelspot FSSWU201W, WiFi, 2000W (be dangtelio). I&amp;scaron;manus &lt;strong&gt;sensorinis u\u017euolaid\u0173 ir \u017ealiuzi\u0173 jungiklis&lt;\/strong&gt; turi Wifi funkcij\u0105, kuri leid\u017eia valdyti vis\u0105 sistem\u0105 nuotoliniu b\u016bdu per program\u0117l\u0119 telefone. &lt;strong&gt;Sensorinis u\u017euolaid\u0173 ir \u017ealiuzi\u0173 jungiklis&lt;\/strong&gt; Feelspot turi \u012fmontuot\u0105 LED indikatori\u0173, kuris padeda lengvai jungikl\u012f rasti tamsoje. &lt;strong&gt;Sensorinis u\u017euolaid\u0173 ir \u017ealiuzi\u0173 jungiklis&lt;\/strong&gt; Feelspot pad\u0117s \u012fgyvendinti \u012fvairiausius techninius sprendimus, atitinkan\u010dius i&amp;scaron;rankiausio kliento poreikius.&amp;nbsp;&lt;\/p&gt;<br \/>\n&lt;p style=&quot;text-align: justify;&quot;&gt;&lt;strong&gt;Advantages:&lt;\/strong&gt;&lt;\/p&gt;<br \/>\n&lt;ul&gt;<br \/>\n&lt;li&gt;Eleganti&amp;scaron;kas, minimalistinis jungiklio dizainas puikiai tiks tiek klasikini\u0173, tiek moderni\u0173 nam\u0173, but\u0173, vie&amp;scaron;bu\u010di\u0173 ir biur\u0173 interjeruose;&lt;\/li&gt;<br \/>\n&lt;li&gt;Auk&amp;scaron;tos kokyb\u0117s jutiklinis jungiklis, kurio veikimo trukm\u0117 didesn\u0117 nei standartiniuose mechaniniuose jungikliuose &#8211; iki 100 000 cikl\u0173;&lt;\/li&gt;<br \/>\n&lt;li&gt;Individualius jungiklius lengva naudoti ir lengva prijungti.&lt;\/li&gt;<br \/>\n&lt;\/ul&gt;<br \/>\n&lt;p style=&quot;text-align: justify;&quot;&gt;&lt;strong&gt;Technical information:&lt;\/strong&gt;&lt;\/p&gt;<br \/>\n&lt;ul&gt;<br \/>\n&lt;li&gt;Tipas: &lt;strong&gt;WiFi \u017ealiu\u017ei\u0173 ir u\u017euolaid\u0173 jungiklis&lt;\/strong&gt; (vieno modulio);&lt;\/li&gt;<br \/>\n&lt;li&gt;Galingumas: 2000W;&lt;\/li&gt;<br \/>\n&lt;li&gt;Sertifikatai: CE, RoHS.&amp;nbsp;&lt;\/li&gt;<br \/>\n&lt;\/ul&gt;<br \/>\n&lt;p&gt;&lt;strong&gt;WiFi jungikli\u0173 privalumai:&lt;br \/&gt;&lt;\/strong&gt;&lt;\/p&gt;<br \/>\n&lt;ul&gt;<br \/>\n&lt;li&gt;Prijungus jungikl\u012f prie nam\u0173 tinklo ir telefone \/ plan&amp;scaron;et\u0117je esan\u010dios aplikacijos, valdykite j\u012f i&amp;scaron; bet kurios pasaulio vietos &amp;ndash; kur tik turite interneto prieig\u0105;&lt;\/li&gt;<br \/>\n&lt;li&gt;Programa &amp;bdquo;Smart Life&amp;ldquo; leis ai&amp;scaron;kiai ir paprastai valdyti &amp;bdquo;Google Play&amp;ldquo; ir &amp;bdquo;App Store&amp;ldquo;;&lt;\/li&gt;<br \/>\n&lt;li&gt;Programoje galite valdyti vien\u0105, kelis pasirinktus arba visus jungiklius vienu metu;&lt;\/li&gt;<br \/>\n&lt;li&gt;Visi&amp;scaron;kas suderinamumas su Android ir iOS;&lt;\/li&gt;<br \/>\n&lt;li&gt;Galimyb\u0117 nustatyti jungikli\u0173 veikimo grafik\u0105;&lt;\/li&gt;<br \/>\n&lt;li&gt;Daugyb\u0117 papildom\u0173 funkcij\u0173: vis\u0173 grandini\u0173 i&amp;scaron;jungimas vienu metu, jungikli\u0173 b\u016bsen\u0173 rodymas ir i&amp;scaron;jungimas po i&amp;scaron; anksto nustatyto laiko.&lt;\/li&gt;<br \/>\n&lt;\/ul&gt;<br \/>\n&lt;p style=&quot;text-align: justify;&quot;&gt;&lt;strong&gt;Installation:&lt;\/strong&gt;&lt;\/p&gt;<br \/>\n&lt;ul&gt;<br \/>\n&lt;li&gt;Prie&amp;scaron; prad\u0117dami surinkim\u0105, atjunkite atitinkamos grandin\u0117s maitinim\u0105. Tai labai svarbu ir b\u016btina, norint sukalibruoti jungikl\u012f. Jungiklio montavimas \u012fjungus maitinimo &amp;scaron;altin\u012f gali j\u012f sugadinti!&lt;\/li&gt;<br \/>\n&lt;li&gt;\u012esitikinkite, kad lemput\u0117s\/lempu\u010di\u0173 sukuriama apkrova atitinka diapazon\u0105, apra&amp;scaron;yt\u0105 ant lipduko modulio gale.&lt;\/li&gt;<br \/>\n&lt;li&gt;Atidarykite skydel\u012f sukdami plok&amp;scaron;\u010di\u0105 atsuktuv\u0105 pagal laikrod\u017eio rodykl\u0119 tam skirtoje vietoje.&lt;\/li&gt;<br \/>\n&lt;li&gt;Jungiklio mechanizm\u0105 prijunkite pagal nurodyt\u0105 schem\u0105.&lt;\/li&gt;<br \/>\n&lt;li&gt;Pritvirtinkite jungikl\u012f prie d\u0117\u017eut\u0117s. Nenupl\u0117&amp;scaron;kite balto lipduko nuo jungiklio jutiklio.&lt;\/li&gt;<br \/>\n&lt;li&gt;U\u017ed\u0117kite stiklin\u0119 plok&amp;scaron;t\u0119 ant korpuso ir \u012fjunkite maitinim\u0105. Ne\u012fjunkite maitinimo neprid\u0117j\u0119 stiklo plok&amp;scaron;t\u0117s, nes jungiklis bus sukalibruotas neteisingai.&lt;\/li&gt;<br \/>\n&lt;li&gt;Per kitas dvi minutes prisilietimas sukalibruojamas. &amp;Scaron;viesa gali \u012fsijungti ir i&amp;scaron;sijungti savaime.&lt;\/li&gt;<br \/>\n&lt;li&gt;Po kalibravimo jungiklis yra paruo&amp;scaron;tas naudoti.&amp;nbsp;&lt;\/li&gt;<br \/>\n&lt;\/ul&gt;<\/p>","protected":false},"excerpt":{"rendered":"<p>&lt;p style=&quot;text-align: justify;&quot;&gt;Modernaus dizaino &lt;strong&gt;sensorinis u\u017euolaid\u0173 ir \u017ealiuzi\u0173 jungiklis&lt;\/strong&gt; Feelspot FSSWU201W, WiFi, 2000W (be dangtelio). I&amp;scaron;manus &lt;strong&gt;sensorinis u\u017euolaid\u0173 ir \u017ealiuzi\u0173<\/p>","protected":false},"featured_media":27674,"comment_status":"closed","ping_status":"open","template":"","meta":[],"product_brand":[],"product_cat":[23],"product_tag":[535],"class_list":{"0":"post-27672","1":"product","2":"type-product","3":"status-publish","4":"has-post-thumbnail","6":"product_cat-be-kategorijos","7":"product_tag-naujiena","9":"first","10":"onbackorder","11":"taxable","12":"shipping-taxable","13":"product-type-variable"},"_links":{"self":[{"href":"https:\/\/orotech.lt\/en\/wp-json\/wp\/v2\/product\/27672","targetHints":{"allow":["GET"]}}],"collection":[{"href":"https:\/\/orotech.lt\/en\/wp-json\/wp\/v2\/product"}],"about":[{"href":"https:\/\/orotech.lt\/en\/wp-json\/wp\/v2\/types\/product"}],"replies":[{"embeddable":true,"href":"https:\/\/orotech.lt\/en\/wp-json\/wp\/v2\/comments?post=27672"}],"version-history":[{"count":1,"href":"https:\/\/orotech.lt\/en\/wp-json\/wp\/v2\/product\/27672\/revisions"}],"predecessor-version":[{"id":27673,"href":"https:\/\/orotech.lt\/en\/wp-json\/wp\/v2\/product\/27672\/revisions\/27673"}],"wp:featuredmedia":[{"embeddable":true,"href":"https:\/\/orotech.lt\/en\/wp-json\/wp\/v2\/media\/27674"}],"wp:attachment":[{"href":"https:\/\/orotech.lt\/en\/wp-json\/wp\/v2\/media?parent=27672"}],"wp:term":[{"taxonomy":"product_brand","embeddable":true,"href":"https:\/\/orotech.lt\/en\/wp-json\/wp\/v2\/product_brand?post=27672"},{"taxonomy":"product_cat","embeddable":true,"href":"https:\/\/orotech.lt\/en\/wp-json\/wp\/v2\/product_cat?post=27672"},{"taxonomy":"product_tag","embeddable":true,"href":"https:\/\/orotech.lt\/en\/wp-json\/wp\/v2\/product_tag?post=27672"}],"curies":[{"name":"wp","href":"https:\/\/api.w.org\/{rel}","templated":true}]}}