{"id":27705,"date":"2025-09-09T08:40:35","date_gmt":"2025-09-09T08:40:35","guid":{"rendered":"https:\/\/orotech.lt\/sensorinis-uzuolaidu-ir-zaliuziu-jungiklis-feelspot-2000w\/"},"modified":"2025-09-10T06:35:22","modified_gmt":"2025-09-10T06:35:22","slug":"sensorinis-uzuolaidu-ir-zaliuziu-jungiklis-feelspot-2000w","status":"publish","type":"product","link":"https:\/\/orotech.lt\/en\/sensorinis-uzuolaidu-ir-zaliuziu-jungiklis-feelspot-2000w\/","title":{"rendered":"Sensorinis u\u017euolaid\u0173 ir \u017ealiuzi\u0173 jungiklis Feelspot, 2000W"},"content":{"rendered":"<p>&lt;p style=&quot;text-align: justify;&quot;&gt;Modernaus dizaino sensorinis &lt;strong&gt;u\u017euolaid\u0173 ir \u017ealiuzi\u0173 jungiklis&lt;\/strong&gt; Feelspot FSSWU201, 2000W (be dangtelio). &amp;Scaron;is jungiklis leis atverti ir u\u017everti patalpos u\u017euolaidas ar \u017ealiuzes. Sensorinis &lt;strong&gt;u\u017euolaid\u0173 ir \u017ealiuzi\u0173 jungiklis&lt;\/strong&gt; Feelspot turi \u012fmontuot\u0105 LED indikatori\u0173, kuris padeda lengvai jungikl\u012f rasti tamsoje. Sensorinis &lt;strong&gt;u\u017euolaid\u0173 ir \u017ealiuzi\u0173 jungiklis&lt;\/strong&gt; Feelspot pad\u0117s \u012fgyvendinti \u012fvairiausius techninius sprendimus, atitinkan\u010dius i&amp;scaron;rankiausio kliento poreikius.&amp;nbsp;&lt;\/p&gt;<br \/>\n&lt;p style=&quot;text-align: justify;&quot;&gt;&lt;strong&gt;Advantages:&lt;\/strong&gt;&lt;\/p&gt;<br \/>\n&lt;ul&gt;<br \/>\n&lt;li&gt;Eleganti&amp;scaron;kas, minimalistinis jungiklio dizainas puikiai tiks tiek klasikini\u0173, tiek moderni\u0173 nam\u0173, but\u0173, vie&amp;scaron;bu\u010di\u0173 ir biur\u0173 interjeruose;&lt;\/li&gt;<br \/>\n&lt;li&gt;Auk&amp;scaron;tos kokyb\u0117s jutiklinis jungiklis, kurio veikimo trukm\u0117 didesn\u0117 nei standartiniuose mechaniniuose jungikliuose &#8211; iki 100 000 cikl\u0173;&lt;\/li&gt;<br \/>\n&lt;li&gt;Individualius jungiklius lengva naudoti ir lengva prijungti.&lt;\/li&gt;<br \/>\n&lt;\/ul&gt;<br \/>\n&lt;p style=&quot;text-align: justify;&quot;&gt;&lt;strong&gt;Technical information:&lt;\/strong&gt;&lt;\/p&gt;<br \/>\n&lt;ul&gt;<br \/>\n&lt;li&gt;Tipas: &lt;strong&gt;u\u017euolaid\u0173 ir \u017ealiuzi\u0173 jungiklis&lt;\/strong&gt;;&amp;nbsp;&lt;\/li&gt;<br \/>\n&lt;li&gt;Galingumas: 2000W;&lt;\/li&gt;<br \/>\n&lt;li&gt;Sertifikatai: CE, RoHS.&amp;nbsp;&lt;\/li&gt;<br \/>\n&lt;\/ul&gt;<br \/>\n&lt;p style=&quot;text-align: justify;&quot;&gt;&lt;strong&gt;Installation:&lt;\/strong&gt;&lt;\/p&gt;<br \/>\n&lt;ul&gt;<br \/>\n&lt;li&gt;Prie&amp;scaron; prad\u0117dami surinkim\u0105, atjunkite tam tikros grandin\u0117s maitinim\u0105;&lt;\/li&gt;<br \/>\n&lt;li&gt;Kad jungiklis su WiFi funkcija veikt\u0173 teisingai, b\u016btina prijungti nulin\u012f laid\u0105 N;&lt;\/li&gt;<br \/>\n&lt;li&gt;\u012esitikinkite, kad apkrova nevir&amp;scaron;ija 700 W vienam mygtukui, maksimaliai 800 W vienai grandinei (L);&lt;\/li&gt;<br \/>\n&lt;li&gt;Atidarykite skydel\u012f, sukdami plok&amp;scaron;\u010di\u0105 atsuktuv\u0105 pagal laikrod\u017eio rodykl\u0119 tam skirtoje vietoje;&lt;\/li&gt;<br \/>\n&lt;li&gt;Prijunkite laidus, kaip parodyta grandin\u0117s pertraukiklio schemoje;&lt;\/li&gt;<br \/>\n&lt;li&gt;Pritvirtinkite jungikl\u012f prie d\u0117\u017eut\u0117s;&lt;\/li&gt;<br \/>\n&lt;li&gt;U\u017ed\u0117kite stiklin\u0119 plok&amp;scaron;t\u0119 ant korpuso ir \u012fjunkite maitinim\u0105;&lt;\/li&gt;<br \/>\n&lt;li&gt;Per kitas dvi minutes prisilietimas sukalibruojamas. Po kalibravimo jungiklis yra paruo&amp;scaron;tas naudoti.&amp;nbsp;&lt;img style=&quot;text-align: justify; width: 700px; height: 304px;&quot; src=&quot;\/images\/Userfiles\/Uzuolaidu_valdiklio_sujungimo_shema.png&quot; alt=&quot;&quot; \/&gt;&lt;\/li&gt;<br \/>\n&lt;\/ul&gt;<\/p>","protected":false},"excerpt":{"rendered":"<p>&lt;p style=&quot;text-align: justify;&quot;&gt;Modernaus dizaino sensorinis &lt;strong&gt;u\u017euolaid\u0173 ir \u017ealiuzi\u0173 jungiklis&lt;\/strong&gt; Feelspot FSSWU201, 2000W (be dangtelio). &amp;Scaron;is jungiklis leis atverti ir u\u017everti<\/p>","protected":false},"featured_media":27707,"comment_status":"closed","ping_status":"open","template":"","meta":[],"product_brand":[],"product_cat":[23],"product_tag":[535],"class_list":{"0":"post-27705","1":"product","2":"type-product","3":"status-publish","4":"has-post-thumbnail","6":"product_cat-be-kategorijos","7":"product_tag-naujiena","9":"first","10":"onbackorder","11":"taxable","12":"shipping-taxable","13":"product-type-variable"},"_links":{"self":[{"href":"https:\/\/orotech.lt\/en\/wp-json\/wp\/v2\/product\/27705","targetHints":{"allow":["GET"]}}],"collection":[{"href":"https:\/\/orotech.lt\/en\/wp-json\/wp\/v2\/product"}],"about":[{"href":"https:\/\/orotech.lt\/en\/wp-json\/wp\/v2\/types\/product"}],"replies":[{"embeddable":true,"href":"https:\/\/orotech.lt\/en\/wp-json\/wp\/v2\/comments?post=27705"}],"version-history":[{"count":1,"href":"https:\/\/orotech.lt\/en\/wp-json\/wp\/v2\/product\/27705\/revisions"}],"predecessor-version":[{"id":27706,"href":"https:\/\/orotech.lt\/en\/wp-json\/wp\/v2\/product\/27705\/revisions\/27706"}],"wp:featuredmedia":[{"embeddable":true,"href":"https:\/\/orotech.lt\/en\/wp-json\/wp\/v2\/media\/27707"}],"wp:attachment":[{"href":"https:\/\/orotech.lt\/en\/wp-json\/wp\/v2\/media?parent=27705"}],"wp:term":[{"taxonomy":"product_brand","embeddable":true,"href":"https:\/\/orotech.lt\/en\/wp-json\/wp\/v2\/product_brand?post=27705"},{"taxonomy":"product_cat","embeddable":true,"href":"https:\/\/orotech.lt\/en\/wp-json\/wp\/v2\/product_cat?post=27705"},{"taxonomy":"product_tag","embeddable":true,"href":"https:\/\/orotech.lt\/en\/wp-json\/wp\/v2\/product_tag?post=27705"}],"curies":[{"name":"wp","href":"https:\/\/api.w.org\/{rel}","templated":true}]}}