{"id":27708,"date":"2025-09-09T08:40:35","date_gmt":"2025-09-09T08:40:35","guid":{"rendered":"https:\/\/orotech.lt\/sensorinis-duru-skambucio-jungiklis-feelspot-1000w\/"},"modified":"2025-09-10T06:35:23","modified_gmt":"2025-09-10T06:35:23","slug":"sensorinis-duru-skambucio-jungiklis-feelspot-1000w","status":"publish","type":"product","link":"https:\/\/orotech.lt\/en\/sensorinis-duru-skambucio-jungiklis-feelspot-1000w\/","title":{"rendered":"Sensorinis dur\u0173 skambu\u010dio jungiklis Feelspot, 1000W"},"content":{"rendered":"<p style=\"text-align: justify;\">Modernaus dizaino sensorinis <strong>dur\u0173 skambu\u010dio jungiklis<\/strong> Feelspot FSSWS101, 1000W (be dangtelio). Sensorinis <strong>dur\u0173 skambu\u010dio jungiklis<\/strong> Feelspot turi \u012fmontuot\u0105 LED indikatori\u0173, kuris padeda lengvai jungikl\u012f rasti tamsoje. Sensorinis <strong>dur\u0173 skambu\u010dio jungiklis<\/strong> Feelspot pad\u0117s \u012fgyvendinti \u012fvairiausius techninius sprendimus, atitinkan\u010dius i\u0161rankiausio kliento poreikius.&nbsp;<\/p>\n<p style=\"text-align: justify;\"><strong>Advantages:<\/strong><\/p>\n<ul>\n<li>\n\t\tEleganti\u0161kas, minimalistinis jungiklio dizainas puikiai tiks tiek klasikini\u0173, tiek moderni\u0173 nam\u0173, but\u0173, vie\u0161bu\u010di\u0173 ir biur\u0173 interjeruose;<\/li>\n<li>\n\t\tAuk\u0161tos kokyb\u0117s jutiklinis jungiklis, kurio veikimo trukm\u0117 didesn\u0117 nei standartiniuose mechaniniuose jungikliuose &#8211; iki 100 000 cikl\u0173;<\/li>\n<li>\n\t\tIndividualius jungiklius lengva naudoti ir lengva prijungti.<\/li>\n<\/ul>\n<p style=\"text-align: justify;\"><strong>Technical information:<\/strong><\/p>\n<ul>\n<li>\n\t\tTipas: <strong>dur\u0173 skambu\u010dio jungiklis<\/strong>;&nbsp;<\/li>\n<li>\n\t\tGalingumas: 1000W;<\/li>\n<li>\n\t\tSertifikatai: CE, RoHS.&nbsp;<\/li>\n<\/ul>\n<p style=\"text-align: justify;\"><strong>Installation:<\/strong><\/p>\n<ul>\n<li>\n\t\tPrie\u0161 prad\u0117dami surinkim\u0105, atjunkite tam tikros grandin\u0117s maitinim\u0105;<\/li>\n<li>\n\t\tKad jungiklis su WiFi funkcija veikt\u0173 teisingai, b\u016btina prijungti nulin\u012f laid\u0105 N;<\/li>\n<li>\n\t\t\u012esitikinkite, kad apkrova nevir\u0161ija 700 W vienam mygtukui, maksimaliai 800 W vienai grandinei (L);<\/li>\n<li>\n\t\tAtidarykite skydel\u012f, sukdami plok\u0161\u010di\u0105 atsuktuv\u0105 pagal laikrod\u017eio rodykl\u0119 tam skirtoje vietoje;<\/li>\n<li>\n\t\tPrijunkite laidus, kaip parodyta grandin\u0117s pertraukiklio schemoje;<\/li>\n<li>\n\t\tPritvirtinkite jungikl\u012f prie d\u0117\u017eut\u0117s;<\/li>\n<li>\n\t\tU\u017ed\u0117kite stiklin\u0119 plok\u0161t\u0119 ant korpuso ir \u012fjunkite maitinim\u0105;<\/li>\n<li>\n\t\tPer kitas dvi minutes prisilietimas sukalibruojamas. Po kalibravimo jungiklis yra paruo\u0161tas naudoti.&nbsp;<\/li>\n<\/ul>","protected":false},"excerpt":{"rendered":"<p>Modernaus dizaino sensorinis dur\u0173 skambu\u010dio jungiklis Feelspot FSSWS101, 1000W (be dangtelio). Sensorinis dur\u0173 skambu\u010dio jungiklis Feelspot turi \u012fmontuot\u0105 LED indikatori\u0173,<\/p>","protected":false},"featured_media":27710,"comment_status":"closed","ping_status":"open","template":"","meta":[],"product_brand":[],"product_cat":[23],"product_tag":[535],"class_list":{"0":"post-27708","1":"product","2":"type-product","3":"status-publish","4":"has-post-thumbnail","6":"product_cat-be-kategorijos","7":"product_tag-naujiena","9":"first","10":"onbackorder","11":"taxable","12":"shipping-taxable","13":"product-type-variable"},"_links":{"self":[{"href":"https:\/\/orotech.lt\/en\/wp-json\/wp\/v2\/product\/27708","targetHints":{"allow":["GET"]}}],"collection":[{"href":"https:\/\/orotech.lt\/en\/wp-json\/wp\/v2\/product"}],"about":[{"href":"https:\/\/orotech.lt\/en\/wp-json\/wp\/v2\/types\/product"}],"replies":[{"embeddable":true,"href":"https:\/\/orotech.lt\/en\/wp-json\/wp\/v2\/comments?post=27708"}],"version-history":[{"count":1,"href":"https:\/\/orotech.lt\/en\/wp-json\/wp\/v2\/product\/27708\/revisions"}],"predecessor-version":[{"id":27709,"href":"https:\/\/orotech.lt\/en\/wp-json\/wp\/v2\/product\/27708\/revisions\/27709"}],"wp:featuredmedia":[{"embeddable":true,"href":"https:\/\/orotech.lt\/en\/wp-json\/wp\/v2\/media\/27710"}],"wp:attachment":[{"href":"https:\/\/orotech.lt\/en\/wp-json\/wp\/v2\/media?parent=27708"}],"wp:term":[{"taxonomy":"product_brand","embeddable":true,"href":"https:\/\/orotech.lt\/en\/wp-json\/wp\/v2\/product_brand?post=27708"},{"taxonomy":"product_cat","embeddable":true,"href":"https:\/\/orotech.lt\/en\/wp-json\/wp\/v2\/product_cat?post=27708"},{"taxonomy":"product_tag","embeddable":true,"href":"https:\/\/orotech.lt\/en\/wp-json\/wp\/v2\/product_tag?post=27708"}],"curies":[{"name":"wp","href":"https:\/\/api.w.org\/{rel}","templated":true}]}}