{"id":27723,"date":"2025-09-09T08:40:35","date_gmt":"2025-09-09T08:40:35","guid":{"rendered":"https:\/\/orotech.lt\/tripolis-wifi-sensorinis-jungiklis-dimeris-trailing-edge-feelspot-120w-led-be-dangtelio\/"},"modified":"2025-09-10T06:35:27","modified_gmt":"2025-09-10T06:35:27","slug":"tripolis-wifi-sensorinis-jungiklis-dimeris-trailing-edge-feelspot-120w-led-be-dangtelio","status":"publish","type":"product","link":"https:\/\/orotech.lt\/en\/tripolis-wifi-sensorinis-jungiklis-dimeris-trailing-edge-feelspot-120w-led-be-dangtelio\/","title":{"rendered":"Tripolis WiFi sensorinis jungiklis dimeris (trailing edge) Feelspot, 120W (LED), be dangtelio"},"content":{"rendered":"<p style=\"text-align: justify;\">Modernaus dizaino <strong>sensorinis jungiklis<\/strong> &ndash; dimeris Feelspot FSSWD51TEW WiFi, 120W (LED, be dangtelio). <strong>Sensorinis jungiklis<\/strong>, da\u017eniau \u017einomas kaip <strong>dimeris<\/strong> &ndash; tai i\u0161skirtinio dizaino, auk\u0161tos kokyb\u0117s ap\u0161vietimo jutiklinis jungiklis, leid\u017eiantis valdyti patalp\u0173 ap\u0161vietim\u0105 bei koreguoti \u0161viesos intensyvum\u0105 (tamsiau, \u0161viesiau) rankiniu arba nuotoliniu b\u016bdu per mobiliojo telefono spec. program\u0117l\u0119. <strong>Sensorinis jungiklis<\/strong> &ndash; <strong>dimeris<\/strong>&nbsp;Feelspot turi \u012fmontuot\u0105 LED indikatori\u0173, kuris parodo, kada \u0161viesa yra \u012fjungta\/i\u0161jungta ir padeda lengvai rasti jungikl\u012f tamsoje. <strong>Sensorinis jungiklis<\/strong> &ndash; <strong>dimeris<\/strong> pad\u0117s \u012fgyvendinti \u012fvairiausius techninius sprendimus, atitinkan\u010dius i\u0161rankiausio kliento poreikius.&nbsp;<\/p>\n<p style=\"text-align: justify;\"><strong>&quot;Trailing edge&quot; tipo sensorinis jungikliai &#8211; dimeriai<\/strong> &#8211; tai modernesni jungikliai &#8211; dimeriai, kurie turi daugiau prana\u0161um\u0173, palyginti su &quot;leading edge&quot; tipo jungikliais &#8211; dimeriais. \u0160ie patobulinimai apima sklandesn\u012f pritemdym\u0105 su ma\u017eiau triuk\u0161mo ir trukd\u017ei\u0173. &quot;Trailing edge&quot; arba kitaip vadinami &quot;galinio kra\u0161to&quot; dimeriuojami jungikliai turi daug ma\u017eesn\u0119 minimali\u0105 apkrov\u0105 nei &quot;Leading edge&quot; arba kitaip vadinami &quot;Priekinio kra\u0161to&quot;, tod\u0117l jie daug labiau tinka \u0161viesos diodams maitinti.<\/p>\n<p style=\"text-align: justify;\"><strong>Advantages:<\/strong><\/p>\n<ul>\n<li>\n\t\t<strong>Trailing egde tipo<\/strong> dimeriuojamas sensorinis jungiklis;<\/li>\n<li>\n\t\tEleganti\u0161kas, minimalistinis jungiklio dizainas puikiai tiks tiek klasikini\u0173, tiek moderni\u0173 nam\u0173, but\u0173, vie\u0161bu\u010di\u0173 ir biur\u0173 interjeruose;<\/li>\n<li>\n\t\tPatogus ap\u0161vietimo valdymas;<\/li>\n<li>\n\t\tAuk\u0161tos kokyb\u0117s jutiklinis jungiklis, kurio veikimo trukm\u0117 didesn\u0117 nei standartiniuose mechaniniuose jungikliuose &#8211; iki 100 000 cikl\u0173;<\/li>\n<li>\n\t\tIndividualius jungiklius lengva naudoti ir lengva prijungti.&nbsp;<\/li>\n<\/ul>\n<p style=\"text-align: justify;\"><strong>Technical information:<\/strong><\/p>\n<ul>\n<li>\n\t\tTipas: WiFi dimeris;<\/li>\n<li>\n\t\tDimerio tipas &ndash;&nbsp;trailing edge;&nbsp;<\/li>\n<li>\n\t\tGalingumas: 120W (LED);<\/li>\n<li>\n\t\tSertifikatai: CE, RoHS.&nbsp;<\/li>\n<\/ul>\n<p><strong>WiFi jungikli\u0173 privalumai:<br \/>\n\t<\/strong><\/p>\n<ul>\n<li>\n\t\tPrijungus jungikl\u012f prie nam\u0173 tinklo ir telefone \/ plan\u0161et\u0117je esan\u010dios aplikacijos, valdykite j\u012f i\u0161 bet kurios pasaulio vietos &ndash; kur tik turite interneto prieig\u0105;<\/li>\n<li>\n\t\tPrograma &bdquo;Smart Life&ldquo; leis ai\u0161kiai ir paprastai valdyti &bdquo;Google Play&ldquo; ir &bdquo;App Store&ldquo;;<\/li>\n<li>\n\t\tProgramoje galite valdyti vien\u0105, kelis pasirinktus arba visus jungiklius vienu metu;<\/li>\n<li>\n\t\tVisi\u0161kas suderinamumas su Android ir iOS;<\/li>\n<li>\n\t\tGalimyb\u0117 nustatyti jungikli\u0173 veikimo grafik\u0105;<\/li>\n<li>\n\t\tDaugyb\u0117 papildom\u0173 funkcij\u0173: vis\u0173 grandini\u0173 i\u0161jungimas vienu metu, jungikli\u0173 b\u016bsen\u0173 rodymas ir i\u0161jungimas po i\u0161 anksto nustatyto laiko.<\/li>\n<\/ul>\n<p style=\"text-align: justify;\"><strong>Installation:<\/strong><\/p>\n<ul>\n<li>\n\t\tPrie\u0161 prad\u0117dami surinkim\u0105, atjunkite atitinkamos grandin\u0117s maitinim\u0105. Tai labai svarbu ir b\u016btina, norint sukalibruoti jungikl\u012f. Jungiklio montavimas \u012fjungus maitinimo \u0161altin\u012f gali j\u012f sugadinti!<\/li>\n<li>\n\t\t\u012esitikinkite, kad lemput\u0117s\/lempu\u010di\u0173 sukuriama apkrova atitinka diapazon\u0105, apra\u0161yt\u0105 ant lipduko modulio gale.<\/li>\n<li>\n\t\tAtidarykite skydel\u012f sukdami plok\u0161\u010di\u0105 atsuktuv\u0105 pagal laikrod\u017eio rodykl\u0119 tam skirtoje vietoje.<\/li>\n<li>\n\t\tJungiklio mechanizm\u0105 prijunkite pagal nurodyt\u0105 schem\u0105.<\/li>\n<li>\n\t\tPritvirtinkite jungikl\u012f prie d\u0117\u017eut\u0117s. Nenupl\u0117\u0161kite balto lipduko nuo jungiklio jutiklio.<\/li>\n<li>\n\t\tU\u017ed\u0117kite stiklin\u0119 plok\u0161t\u0119 ant korpuso ir \u012fjunkite maitinim\u0105. Ne\u012fjunkite maitinimo neprid\u0117j\u0119 stiklo plok\u0161t\u0117s, nes jungiklis bus sukalibruotas neteisingai.<\/li>\n<li>\n\t\tPer kitas dvi minutes prisilietimas sukalibruojamas. \u0160viesa gali \u012fsijungti ir i\u0161sijungti savaime.<\/li>\n<li>\n\t\tPo kalibravimo jungiklis yra paruo\u0161tas naudoti.&nbsp;<\/li>\n<\/ul>\n<p><strong>Sujungimas:<\/strong><\/p>\n<p><strong><img decoding=\"async\" alt=\"\" src=\"\/images\/Userfiles\/Tripolis_Wi-Fi_jungiklis.jpg\" style=\"width: 700px; height: 350px;\" title=\"\"><\/strong><\/p>","protected":false},"excerpt":{"rendered":"<p>Modernaus dizaino sensorinis jungiklis &ndash; dimeris Feelspot FSSWD51TEW WiFi, 120W (LED, be dangtelio). Sensorinis jungiklis, da\u017eniau \u017einomas kaip dimeris &ndash;<\/p>","protected":false},"featured_media":27725,"comment_status":"closed","ping_status":"open","template":"","meta":[],"product_brand":[],"product_cat":[23],"product_tag":[535],"class_list":{"0":"post-27723","1":"product","2":"type-product","3":"status-publish","4":"has-post-thumbnail","6":"product_cat-be-kategorijos","7":"product_tag-naujiena","9":"first","10":"onbackorder","11":"taxable","12":"shipping-taxable","13":"product-type-variable"},"_links":{"self":[{"href":"https:\/\/orotech.lt\/en\/wp-json\/wp\/v2\/product\/27723","targetHints":{"allow":["GET"]}}],"collection":[{"href":"https:\/\/orotech.lt\/en\/wp-json\/wp\/v2\/product"}],"about":[{"href":"https:\/\/orotech.lt\/en\/wp-json\/wp\/v2\/types\/product"}],"replies":[{"embeddable":true,"href":"https:\/\/orotech.lt\/en\/wp-json\/wp\/v2\/comments?post=27723"}],"version-history":[{"count":1,"href":"https:\/\/orotech.lt\/en\/wp-json\/wp\/v2\/product\/27723\/revisions"}],"predecessor-version":[{"id":27724,"href":"https:\/\/orotech.lt\/en\/wp-json\/wp\/v2\/product\/27723\/revisions\/27724"}],"wp:featuredmedia":[{"embeddable":true,"href":"https:\/\/orotech.lt\/en\/wp-json\/wp\/v2\/media\/27725"}],"wp:attachment":[{"href":"https:\/\/orotech.lt\/en\/wp-json\/wp\/v2\/media?parent=27723"}],"wp:term":[{"taxonomy":"product_brand","embeddable":true,"href":"https:\/\/orotech.lt\/en\/wp-json\/wp\/v2\/product_brand?post=27723"},{"taxonomy":"product_cat","embeddable":true,"href":"https:\/\/orotech.lt\/en\/wp-json\/wp\/v2\/product_cat?post=27723"},{"taxonomy":"product_tag","embeddable":true,"href":"https:\/\/orotech.lt\/en\/wp-json\/wp\/v2\/product_tag?post=27723"}],"curies":[{"name":"wp","href":"https:\/\/api.w.org\/{rel}","templated":true}]}}