{"id":27773,"date":"2025-09-09T08:45:03","date_gmt":"2025-09-09T08:45:03","guid":{"rendered":"https:\/\/orotech.lt\/kistukinis-lizdas-su-sanaudu-matuokliu-feelspot-wifi-tuya-3\/"},"modified":"2025-09-10T06:35:37","modified_gmt":"2025-09-10T06:35:37","slug":"kistukinis-lizdas-su-sanaudu-matuokliu-feelspot-wifi-tuya-3","status":"publish","type":"product","link":"https:\/\/orotech.lt\/en\/kistukinis-lizdas-su-sanaudu-matuokliu-feelspot-wifi-tuya-3\/","title":{"rendered":"Ki\u0161tukinis lizdas su s\u0105naudu matuokliu Feelspot, WiFi Tuya"},"content":{"rendered":"<p style=\"text-align: justify;\">Pilkos spalvos WiFi<strong> ki\u0161tukinis lizdas<\/strong> Feelspot FSKLWS16G su integruota s\u0105naud\u0173 matavimo funkcija. WiFi <strong>ki\u0161tukinis lizdas<\/strong> pasi\u017eymi i\u0161skirtiniu moderniu dizainu, o pasirinktas r\u0117melis der\u0117s bet kuriame interjero dizaine. <strong>Ki\u0161tukinis lizdas <\/strong>turi WiFi funkcij\u0105, kuri leis valdyti rozet\u0119 nuotoliniu b\u016bd\u0173 savo telefone ar plan\u0161etiniame kompiuteryje. Taip pat, \u0161i rozet\u0117 turi LED indikatori\u0173, WiFi funkcijos \u012fjungimo\/i\u0161jungimo mygtuk\u0105 bei suvartojamos elektros s\u0105naud\u0173 monitoringo funkcij\u0105. Pilkos spalvos WiFi <strong>ki\u0161tukinis lizdas <\/strong>Feelspot yra \u012f\u017eemintas, turi apsaug\u0105 nuo vaik\u0173 bei yra pritaikytas naudoti pagal Europin\u012f standart\u0105.&nbsp;<\/p>\n<p><strong>Advantages:<\/strong><\/p>\n<ul>\n<li>\n\t\tEleganti\u0161kas, minimalistinis dizainas puikiai tiks tiek klasikini\u0173, tiek moderni\u0173 nam\u0173, but\u0173, vie\u0161bu\u010di\u0173 ir biur\u0173 interjere;<\/li>\n<li>\n\t\tI\u0161manus valdymas WiFi ry\u0161iu;<\/li>\n<li>\n\t\tLengva naudoti ir lengva prijungti;<\/li>\n<li>\n\t\tGalima naudoti \u012fvairius laiko re\u017eimus.<\/li>\n<\/ul>\n<p><strong>Technical information:<\/strong><\/p>\n<ul>\n<li>\n\t\tTipas: WiFi <strong>ki\u0161tukinis lizdas<\/strong> su s\u0105naud\u0173 matuokliu;<\/li>\n<li>\n\t\tDarbin\u0117 \u012ftampa: 110-240V AC 50 \/ 60Hz;<\/li>\n<li>\n\t\tSrov\u0117: 16A;<\/li>\n<li>\n\t\tSpalva: pilka;<\/li>\n<li>\n\t\tSertifikatai: CE, RoHS.&nbsp;<\/li>\n<\/ul>","protected":false},"excerpt":{"rendered":"<p>Pilkos spalvos WiFi ki\u0161tukinis lizdas Feelspot FSKLWS16G su integruota s\u0105naud\u0173 matavimo funkcija. WiFi ki\u0161tukinis lizdas pasi\u017eymi i\u0161skirtiniu moderniu dizainu, o<\/p>","protected":false},"featured_media":27775,"comment_status":"closed","ping_status":"open","template":"","meta":[],"product_brand":[],"product_cat":[23],"product_tag":[535],"class_list":{"0":"post-27773","1":"product","2":"type-product","3":"status-publish","4":"has-post-thumbnail","6":"product_cat-be-kategorijos","7":"product_tag-naujiena","9":"first","10":"onbackorder","11":"taxable","12":"shipping-taxable","13":"product-type-variable"},"_links":{"self":[{"href":"https:\/\/orotech.lt\/en\/wp-json\/wp\/v2\/product\/27773","targetHints":{"allow":["GET"]}}],"collection":[{"href":"https:\/\/orotech.lt\/en\/wp-json\/wp\/v2\/product"}],"about":[{"href":"https:\/\/orotech.lt\/en\/wp-json\/wp\/v2\/types\/product"}],"replies":[{"embeddable":true,"href":"https:\/\/orotech.lt\/en\/wp-json\/wp\/v2\/comments?post=27773"}],"version-history":[{"count":1,"href":"https:\/\/orotech.lt\/en\/wp-json\/wp\/v2\/product\/27773\/revisions"}],"predecessor-version":[{"id":27774,"href":"https:\/\/orotech.lt\/en\/wp-json\/wp\/v2\/product\/27773\/revisions\/27774"}],"wp:featuredmedia":[{"embeddable":true,"href":"https:\/\/orotech.lt\/en\/wp-json\/wp\/v2\/media\/27775"}],"wp:attachment":[{"href":"https:\/\/orotech.lt\/en\/wp-json\/wp\/v2\/media?parent=27773"}],"wp:term":[{"taxonomy":"product_brand","embeddable":true,"href":"https:\/\/orotech.lt\/en\/wp-json\/wp\/v2\/product_brand?post=27773"},{"taxonomy":"product_cat","embeddable":true,"href":"https:\/\/orotech.lt\/en\/wp-json\/wp\/v2\/product_cat?post=27773"},{"taxonomy":"product_tag","embeddable":true,"href":"https:\/\/orotech.lt\/en\/wp-json\/wp\/v2\/product_tag?post=27773"}],"curies":[{"name":"wp","href":"https:\/\/api.w.org\/{rel}","templated":true}]}}