{"id":27777,"date":"2025-09-09T08:45:03","date_gmt":"2025-09-09T08:45:03","guid":{"rendered":"https:\/\/orotech.lt\/kistukinis-lizdas-feelspot\/"},"modified":"2025-09-10T06:35:38","modified_gmt":"2025-09-10T06:35:38","slug":"kistukinis-lizdas-feelspot","status":"publish","type":"product","link":"https:\/\/orotech.lt\/en\/kistukinis-lizdas-feelspot\/","title":{"rendered":"Ki\u0161tukinis lizdas Feelspot"},"content":{"rendered":"<p style=\"text-align: justify;\">Baltos spalvos <strong>ki\u0161tukinis lizdas<\/strong> Feelspot FSKL1W. <strong>Ki\u0161tukinis lizdas<\/strong> pasi\u017eymi i\u0161skirtiniu moderniu dizainu, o pasirinktas r\u0117melis tiks bet kuriame interjero dizaine. Baltos spalvos<strong> ki\u0161tukinis lizdas<\/strong> Feelspot yra \u012f\u017eemintas, turi apsaug\u0105 nuo vaik\u0173 bei yra pritaikytas naudoti pagal Europin\u012f standart\u0105.<\/p>\n<p style=\"text-align: justify;\"><strong>Advantages:<\/strong><\/p>\n<ul>\n<li>\n\t\tEleganti\u0161kas, minimalistinis dizainas puikiai tiks tiek klasikini\u0173, tiek moderni\u0173 nam\u0173, but\u0173, vie\u0161bu\u010di\u0173 ir biur\u0173 interjere;<\/li>\n<li>\n\t\tLengva naudoti ir lengva prijungti;<\/li>\n<li>\n\t\tApsauga nuo vaik\u0173;<\/li>\n<li>\n\t\tGalima naudoti \u012fvairius laiko re\u017eimus.<\/li>\n<\/ul>\n<p style=\"text-align: justify;\"><strong>Technical information:<\/strong><\/p>\n<ul>\n<li>\n\t\tTipas:&nbsp;<strong>ki\u0161tukinis lizdas<\/strong>;<\/li>\n<li>\n\t\tDarbin\u0117 \u012ftampa: 110-240V AC 50 \/ 60Hz;<\/li>\n<li>\n\t\tColor: white;<\/li>\n<li>\n\t\tSrov\u0117: 16A;<\/li>\n<li>\n\t\tSertifikatai: CE, RoHS.&nbsp;<\/li>\n<\/ul>","protected":false},"excerpt":{"rendered":"<p>Baltos spalvos ki\u0161tukinis lizdas Feelspot FSKL1W. Ki\u0161tukinis lizdas pasi\u017eymi i\u0161skirtiniu moderniu dizainu, o pasirinktas r\u0117melis tiks bet kuriame interjero dizaine.<\/p>","protected":false},"featured_media":27779,"comment_status":"closed","ping_status":"open","template":"","meta":[],"product_brand":[],"product_cat":[23],"product_tag":[535],"class_list":{"0":"post-27777","1":"product","2":"type-product","3":"status-publish","4":"has-post-thumbnail","6":"product_cat-be-kategorijos","7":"product_tag-naujiena","9":"first","10":"onbackorder","11":"taxable","12":"shipping-taxable","13":"product-type-variable"},"_links":{"self":[{"href":"https:\/\/orotech.lt\/en\/wp-json\/wp\/v2\/product\/27777","targetHints":{"allow":["GET"]}}],"collection":[{"href":"https:\/\/orotech.lt\/en\/wp-json\/wp\/v2\/product"}],"about":[{"href":"https:\/\/orotech.lt\/en\/wp-json\/wp\/v2\/types\/product"}],"replies":[{"embeddable":true,"href":"https:\/\/orotech.lt\/en\/wp-json\/wp\/v2\/comments?post=27777"}],"version-history":[{"count":1,"href":"https:\/\/orotech.lt\/en\/wp-json\/wp\/v2\/product\/27777\/revisions"}],"predecessor-version":[{"id":27778,"href":"https:\/\/orotech.lt\/en\/wp-json\/wp\/v2\/product\/27777\/revisions\/27778"}],"wp:featuredmedia":[{"embeddable":true,"href":"https:\/\/orotech.lt\/en\/wp-json\/wp\/v2\/media\/27779"}],"wp:attachment":[{"href":"https:\/\/orotech.lt\/en\/wp-json\/wp\/v2\/media?parent=27777"}],"wp:term":[{"taxonomy":"product_brand","embeddable":true,"href":"https:\/\/orotech.lt\/en\/wp-json\/wp\/v2\/product_brand?post=27777"},{"taxonomy":"product_cat","embeddable":true,"href":"https:\/\/orotech.lt\/en\/wp-json\/wp\/v2\/product_cat?post=27777"},{"taxonomy":"product_tag","embeddable":true,"href":"https:\/\/orotech.lt\/en\/wp-json\/wp\/v2\/product_tag?post=27777"}],"curies":[{"name":"wp","href":"https:\/\/api.w.org\/{rel}","templated":true}]}}