{"id":27794,"date":"2025-09-09T08:45:27","date_gmt":"2025-09-09T08:45:27","guid":{"rendered":"https:\/\/orotech.lt\/vandeniui-atsparus-kistukinis-lizdas-feelspot-juodas\/"},"modified":"2025-09-10T06:35:41","modified_gmt":"2025-09-10T06:35:41","slug":"vandeniui-atsparus-kistukinis-lizdas-feelspot-juodas","status":"publish","type":"product","link":"https:\/\/orotech.lt\/en\/vandeniui-atsparus-kistukinis-lizdas-feelspot-juodas\/","title":{"rendered":"Vandeniui atsparus ki\u0161tukinis lizdas Feelspot, juodas"},"content":{"rendered":"<p style=\"text-align: justify;\">Juodos skaidrios spalvos vandeniui atsparus <strong>ki\u0161tukinis lizdas<\/strong> Feelspot FSKLW49B su permatomu dangteliu. <strong>Ki\u0161tukinis lizdas<\/strong> (rozet\u0117) pasi\u017eymi i\u0161skirtiniu moderniu dizainu, o pasirinktas r\u0117melis der\u0117s bet kuriame interjero dizaine. Juodos spalvos <strong>ki\u0161tukinis lizdas<\/strong> Feelspot yra atsparus vandeniui bei yra pritaikytas naudoti pagal Europin\u012f standart\u0105.&nbsp;<\/p>\n<p style=\"text-align: justify;\"><strong>Advantages:<\/strong><\/p>\n<ul>\n<li>\n\t\tEleganti\u0161kas, minimalistinis dizainas puikiai tiks tiek klasikini\u0173, tiek moderni\u0173 nam\u0173, but\u0173, vie\u0161bu\u010di\u0173 ir biur\u0173 interjere;<\/li>\n<li>\n\t\tVandeniui atsparus;<\/li>\n<li>\n\t\tLengva naudoti ir lengva prijungti;&nbsp;<\/li>\n<li>\n\t\tGalima naudoti \u012fvairius laiko re\u017eimus.<\/li>\n<\/ul>\n<p style=\"text-align: justify;\"><strong>Technical information:<\/strong><\/p>\n<ul>\n<li>\n\t\tTipas: vandeniui atsparus&nbsp;<strong>ki\u0161tukinis lizdas<\/strong>;<\/li>\n<li>\n\t\tDarbin\u0117 \u012ftampa: 110-240V AC 50 \/ 60Hz;<\/li>\n<li>\n\t\tSpalva: juoda (skaidrus dangtelis);<\/li>\n<li>\n\t\tSrov\u0117: 16A;<\/li>\n<li>\n\t\tSertifikatai: CE, RoHS.&nbsp;<\/li>\n<\/ul>","protected":false},"excerpt":{"rendered":"<p>Juodos skaidrios spalvos vandeniui atsparus ki\u0161tukinis lizdas Feelspot FSKLW49B su permatomu dangteliu. Ki\u0161tukinis lizdas (rozet\u0117) pasi\u017eymi i\u0161skirtiniu moderniu dizainu, o<\/p>","protected":false},"featured_media":27796,"comment_status":"closed","ping_status":"open","template":"","meta":[],"product_brand":[],"product_cat":[23],"product_tag":[535],"class_list":{"0":"post-27794","1":"product","2":"type-product","3":"status-publish","4":"has-post-thumbnail","6":"product_cat-be-kategorijos","7":"product_tag-naujiena","9":"first","10":"onbackorder","11":"taxable","12":"shipping-taxable","13":"product-type-variable"},"_links":{"self":[{"href":"https:\/\/orotech.lt\/en\/wp-json\/wp\/v2\/product\/27794","targetHints":{"allow":["GET"]}}],"collection":[{"href":"https:\/\/orotech.lt\/en\/wp-json\/wp\/v2\/product"}],"about":[{"href":"https:\/\/orotech.lt\/en\/wp-json\/wp\/v2\/types\/product"}],"replies":[{"embeddable":true,"href":"https:\/\/orotech.lt\/en\/wp-json\/wp\/v2\/comments?post=27794"}],"version-history":[{"count":1,"href":"https:\/\/orotech.lt\/en\/wp-json\/wp\/v2\/product\/27794\/revisions"}],"predecessor-version":[{"id":27795,"href":"https:\/\/orotech.lt\/en\/wp-json\/wp\/v2\/product\/27794\/revisions\/27795"}],"wp:featuredmedia":[{"embeddable":true,"href":"https:\/\/orotech.lt\/en\/wp-json\/wp\/v2\/media\/27796"}],"wp:attachment":[{"href":"https:\/\/orotech.lt\/en\/wp-json\/wp\/v2\/media?parent=27794"}],"wp:term":[{"taxonomy":"product_brand","embeddable":true,"href":"https:\/\/orotech.lt\/en\/wp-json\/wp\/v2\/product_brand?post=27794"},{"taxonomy":"product_cat","embeddable":true,"href":"https:\/\/orotech.lt\/en\/wp-json\/wp\/v2\/product_cat?post=27794"},{"taxonomy":"product_tag","embeddable":true,"href":"https:\/\/orotech.lt\/en\/wp-json\/wp\/v2\/product_tag?post=27794"}],"curies":[{"name":"wp","href":"https:\/\/api.w.org\/{rel}","templated":true}]}}