{"id":27807,"date":"2025-09-09T08:45:27","date_gmt":"2025-09-09T08:45:27","guid":{"rendered":"https:\/\/orotech.lt\/kistukinis-lizdas-su-usb-feelspot-2\/"},"modified":"2025-09-10T06:35:44","modified_gmt":"2025-09-10T06:35:44","slug":"kistukinis-lizdas-su-usb-feelspot-2","status":"publish","type":"product","link":"https:\/\/orotech.lt\/en\/kistukinis-lizdas-su-usb-feelspot-2\/","title":{"rendered":"Ki\u0161tukinis lizdas su USB Feelspot"},"content":{"rendered":"<p style=\"text-align: justify;\">Juodos spalvos <strong>ki\u0161tukinis lizdas<\/strong> Feelspot FSKL2USB1B (be dangtelio) su 2 vnt. USB jungtimis. <strong>Ki\u0161tukinis lizdas<\/strong> (rozet\u0117) pasi\u017eymi i\u0161skirtiniu moderniu dizainu, o pasirinktas r\u0117melis der\u0117s bet kuriame interjero dizaine. <strong>Ki\u0161tukinis lizdas<\/strong>&nbsp;turi 2 vnt. USB lizdus, kurie leis greitai ir lengvai \u012fkrauti mobil\u0173j\u012f telefon\u0105 ar kit\u0105, USB jungtimi kraunam\u0105, \u012frengin\u012f. Juodos spalvos <strong>ki\u0161tukinis lizdas<\/strong> Feelspot turi \u012f\u017eeminim\u0105, apsaug\u0105 nuo vaik\u0173 bei yra pritaikytas naudoti pagal Europin\u012f standart\u0105.&nbsp;<\/p>\n<p style=\"text-align: justify;\"><strong>Advantages:<\/strong><\/p>\n<ul>\n<li>\n\t\tEleganti\u0161kas, minimalistinis dizainas puikiai tiks tiek klasikini\u0173, tiek moderni\u0173 nam\u0173, but\u0173, vie\u0161bu\u010di\u0173 ir biur\u0173 interjere;<\/li>\n<li>\n\t\t2 vnt. USB jungtys, kurios leis greitai ir lengvai \u012fkrauti \u012frenginius;<\/li>\n<li>\n\t\tLengva naudoti ir lengva prijungti;<\/li>\n<li>\n\t\tGalima naudoti \u012fvairius laiko re\u017eimus.<\/li>\n<\/ul>\n<p style=\"text-align: justify;\"><strong>Technical information:<\/strong><\/p>\n<ul>\n<li>\n\t\tTipas:&nbsp;<strong>ki\u0161tukinis lizdas<\/strong> su USB;<\/li>\n<li>\n\t\tDarbin\u0117 \u012ftampa: 110-240V AC 50 \/ 60Hz;<\/li>\n<li>\n\t\tKrovimo srov\u0117: 2.4A;<\/li>\n<li>\n\t\tColor: black;<\/li>\n<li>\n\t\tSrov\u0117: 16A;<\/li>\n<li>\n\t\tSertifikatai: CE, RoHS.&nbsp;<\/li>\n<\/ul>","protected":false},"excerpt":{"rendered":"<p>Juodos spalvos ki\u0161tukinis lizdas Feelspot FSKL2USB1B (be dangtelio) su 2 vnt. USB jungtimis. Ki\u0161tukinis lizdas (rozet\u0117) pasi\u017eymi i\u0161skirtiniu moderniu dizainu,<\/p>","protected":false},"featured_media":27809,"comment_status":"closed","ping_status":"open","template":"","meta":[],"product_brand":[],"product_cat":[23],"product_tag":[535],"class_list":{"0":"post-27807","1":"product","2":"type-product","3":"status-publish","4":"has-post-thumbnail","6":"product_cat-be-kategorijos","7":"product_tag-naujiena","9":"first","10":"onbackorder","11":"taxable","12":"shipping-taxable","13":"product-type-variable"},"_links":{"self":[{"href":"https:\/\/orotech.lt\/en\/wp-json\/wp\/v2\/product\/27807","targetHints":{"allow":["GET"]}}],"collection":[{"href":"https:\/\/orotech.lt\/en\/wp-json\/wp\/v2\/product"}],"about":[{"href":"https:\/\/orotech.lt\/en\/wp-json\/wp\/v2\/types\/product"}],"replies":[{"embeddable":true,"href":"https:\/\/orotech.lt\/en\/wp-json\/wp\/v2\/comments?post=27807"}],"version-history":[{"count":1,"href":"https:\/\/orotech.lt\/en\/wp-json\/wp\/v2\/product\/27807\/revisions"}],"predecessor-version":[{"id":27808,"href":"https:\/\/orotech.lt\/en\/wp-json\/wp\/v2\/product\/27807\/revisions\/27808"}],"wp:featuredmedia":[{"embeddable":true,"href":"https:\/\/orotech.lt\/en\/wp-json\/wp\/v2\/media\/27809"}],"wp:attachment":[{"href":"https:\/\/orotech.lt\/en\/wp-json\/wp\/v2\/media?parent=27807"}],"wp:term":[{"taxonomy":"product_brand","embeddable":true,"href":"https:\/\/orotech.lt\/en\/wp-json\/wp\/v2\/product_brand?post=27807"},{"taxonomy":"product_cat","embeddable":true,"href":"https:\/\/orotech.lt\/en\/wp-json\/wp\/v2\/product_cat?post=27807"},{"taxonomy":"product_tag","embeddable":true,"href":"https:\/\/orotech.lt\/en\/wp-json\/wp\/v2\/product_tag?post=27807"}],"curies":[{"name":"wp","href":"https:\/\/api.w.org\/{rel}","templated":true}]}}