{"id":27813,"date":"2025-09-09T08:45:27","date_gmt":"2025-09-09T08:45:27","guid":{"rendered":"https:\/\/orotech.lt\/vandeniui-atsparus-kistukinis-lizdas-feelspot-fs-wsk02we-ip55-wifi-tuya\/"},"modified":"2025-09-10T06:35:47","modified_gmt":"2025-09-10T06:35:47","slug":"vandeniui-atsparus-kistukinis-lizdas-feelspot-fs-wsk02we-ip55-wifi-tuya","status":"publish","type":"product","link":"https:\/\/orotech.lt\/en\/vandeniui-atsparus-kistukinis-lizdas-feelspot-fs-wsk02we-ip55-wifi-tuya\/","title":{"rendered":"Vandeniui atsparus ki\u0161tukinis lizdas Feelspot FS-WSK02WE IP55 WiFi, Tuya"},"content":{"rendered":"<p>&lt;p style=&quot;text-align: justify;&quot;&gt;Vandeniui atsparus ki&amp;scaron;tukinis lizdas Feelspot FS-WSK02WE WiFi. &lt;strong&gt;Ki&amp;scaron;tukinis lizdas&lt;\/strong&gt; (rozet\u0117) pasi\u017eymi i&amp;scaron;skirtiniu moderniu dizainu. Pilkos spalvos i&amp;scaron;manusis&amp;nbsp;&lt;strong&gt;ki&amp;scaron;tukinis lizdas&lt;\/strong&gt; &lt;strong&gt;Feelspot yra atsparus vandeniui&lt;\/strong&gt; bei yra pritaikytas naudoti pagal Europin\u012f standart\u0105.&amp;nbsp;&amp;nbsp;&lt;\/p&gt;<br \/>\n&lt;p style=&quot;text-align: justify;&quot;&gt;&lt;strong&gt;Technical information:&lt;\/strong&gt;&lt;\/p&gt;<br \/>\n&lt;ul&gt;<br \/>\n&lt;li&gt;Nominali \u012ftampa: AC 85-230V &amp;plusmn;10% ;50\/60Hz&lt;\/li&gt;<br \/>\n&lt;li&gt;Maksimali srov\u0117: 16A&lt;\/li&gt;<br \/>\n&lt;li&gt;Belaid\u017eio ry&amp;scaron;io tipas: 2,4 GHz&lt;\/li&gt;<br \/>\n&lt;li&gt;WiFi atstumas:45m&lt;\/li&gt;<br \/>\n&lt;li&gt;Belaid\u017eio ry&amp;scaron;io da\u017enis: 2.412~2.484GHz&lt;\/li&gt;<br \/>\n&lt;li&gt;Darbin\u0117s s\u0105lygos: 0\u2103\uff5e +40\u2103&lt;\/li&gt;<br \/>\n&lt;li&gt;Dr\u0117gm\u0117: 20 % \uff5e 85 %&lt;\/li&gt;<br \/>\n&lt;li&gt;Palaiko Amazon Alexa, Google Home&lt;\/li&gt;<br \/>\n&lt;li&gt;Atsparus vandeniui &lt;strong&gt;IP55&amp;nbsp;&lt;\/strong&gt;&lt;\/li&gt;<br \/>\n&lt;li&gt;Valdomas per Tuya mobili\u0105j\u0105 aplikacij\u0105&lt;\/li&gt;<br \/>\n&lt;\/ul&gt;<br \/>\n&lt;p style=&quot;text-align: justify;&quot;&gt;&lt;em&gt;&lt;strong&gt;Atsisi\u0173skite&amp;nbsp;&amp;bdquo;Tuya&amp;ldquo;&amp;nbsp;arba &amp;bdquo;Smart Life&amp;ldquo; program\u0117l\u0119 Android operacinei sistemai:&lt;\/strong&gt;&lt;\/em&gt;&lt;\/p&gt;<br \/>\n&lt;p style=&quot;text-align: justify;&quot;&gt;&lt;a href=&quot;https:\/\/play.google.com\/store\/apps\/details?id=com.tuya.smart&amp;amp;hl=lt&amp;amp;gl=US&quot; target=&quot;_blank&quot; rel=&quot;noopener&quot;&gt;&lt;img style=&quot;width: 80px; height: 80px;&quot; src=&quot;\/images\/Userfiles\/www.rubisolis.lt_tuya_app.png&quot; alt=&quot;&quot; \/&gt;&lt;\/a&gt;&amp;nbsp; &amp;nbsp;&lt;a href=&quot;https:\/\/play.google.com\/store\/apps\/details?id=com.tuya.smartlife&amp;amp;hl=lt&amp;amp;gl=US&amp;amp;pli=1&quot; target=&quot;_blank&quot; rel=&quot;noopener&quot;&gt;&lt;img style=&quot;width: 80px; height: 80px;&quot; src=&quot;\/images\/Userfiles\/www.rubisolis.lt_smart_life_app.png&quot; alt=&quot;&quot; \/&gt;&lt;\/a&gt;&lt;\/p&gt;<br \/>\n&lt;p style=&quot;text-align: justify;&quot;&gt;&lt;em&gt;&lt;strong&gt;Atsisi\u0173skite &amp;bdquo;Tuya&amp;ldquo; arba &amp;bdquo;Smart Life&amp;ldquo; program\u0117l\u0119 iOS operacinei sistemai:&amp;nbsp;&lt;\/strong&gt;&lt;\/em&gt;&lt;\/p&gt;<br \/>\n&lt;p style=&quot;text-align: justify;&quot;&gt;&lt;a href=&quot;https:\/\/apps.apple.com\/us\/app\/tuya-smart\/id1034649547&quot; target=&quot;_blank&quot; rel=&quot;noopener&quot;&gt;&lt;img style=&quot;width: 80px; height: 80px;&quot; src=&quot;\/images\/Userfiles\/www.rubisolis.lt_tuya_app.png&quot; alt=&quot;&quot; \/&gt;&lt;\/a&gt;&amp;nbsp; &amp;nbsp;&lt;a href=&quot;https:\/\/apps.apple.com\/us\/app\/smart-life-smart-living\/id1115101477&quot; target=&quot;_blank&quot; rel=&quot;noopener&quot;&gt;&lt;img style=&quot;width: 80px; height: 80px;&quot; src=&quot;\/images\/Userfiles\/www.rubisolis.lt_smart_life_app.png&quot; alt=&quot;&quot; \/&gt;&lt;\/a&gt;&lt;\/p&gt;<br \/>\n&lt;p style=&quot;text-align: justify;&quot;&gt;&lt;a class=&quot;catalogue&quot; href=&quot;\/en\/images\/Userfiles\/www.rubisolis.lt_vandeniui_atspari_wifi_rozet_feelspot_fs-wsk02we_WiFi_Waterproof_Wall_Socket_User_Manual.pdf\/&quot; target=&quot;blank&quot;&gt;Download product manual&lt;\/a&gt;&lt;\/p&gt;<\/p>","protected":false},"excerpt":{"rendered":"<p>&lt;p style=&quot;text-align: justify;&quot;&gt;Vandeniui atsparus ki&amp;scaron;tukinis lizdas Feelspot FS-WSK02WE WiFi. &lt;strong&gt;Ki&amp;scaron;tukinis lizdas&lt;\/strong&gt; (rozet\u0117) pasi\u017eymi i&amp;scaron;skirtiniu moderniu dizainu. Pilkos spalvos i&amp;scaron;manusis&amp;nbsp;&lt;strong&gt;ki&amp;scaron;tukinis lizdas&lt;\/strong&gt;<\/p>","protected":false},"featured_media":27815,"comment_status":"closed","ping_status":"open","template":"","meta":[],"product_brand":[],"product_cat":[23],"product_tag":[535],"class_list":{"0":"post-27813","1":"product","2":"type-product","3":"status-publish","4":"has-post-thumbnail","6":"product_cat-be-kategorijos","7":"product_tag-naujiena","9":"first","10":"onbackorder","11":"taxable","12":"shipping-taxable","13":"product-type-variable"},"_links":{"self":[{"href":"https:\/\/orotech.lt\/en\/wp-json\/wp\/v2\/product\/27813","targetHints":{"allow":["GET"]}}],"collection":[{"href":"https:\/\/orotech.lt\/en\/wp-json\/wp\/v2\/product"}],"about":[{"href":"https:\/\/orotech.lt\/en\/wp-json\/wp\/v2\/types\/product"}],"replies":[{"embeddable":true,"href":"https:\/\/orotech.lt\/en\/wp-json\/wp\/v2\/comments?post=27813"}],"version-history":[{"count":1,"href":"https:\/\/orotech.lt\/en\/wp-json\/wp\/v2\/product\/27813\/revisions"}],"predecessor-version":[{"id":27814,"href":"https:\/\/orotech.lt\/en\/wp-json\/wp\/v2\/product\/27813\/revisions\/27814"}],"wp:featuredmedia":[{"embeddable":true,"href":"https:\/\/orotech.lt\/en\/wp-json\/wp\/v2\/media\/27815"}],"wp:attachment":[{"href":"https:\/\/orotech.lt\/en\/wp-json\/wp\/v2\/media?parent=27813"}],"wp:term":[{"taxonomy":"product_brand","embeddable":true,"href":"https:\/\/orotech.lt\/en\/wp-json\/wp\/v2\/product_brand?post=27813"},{"taxonomy":"product_cat","embeddable":true,"href":"https:\/\/orotech.lt\/en\/wp-json\/wp\/v2\/product_cat?post=27813"},{"taxonomy":"product_tag","embeddable":true,"href":"https:\/\/orotech.lt\/en\/wp-json\/wp\/v2\/product_tag?post=27813"}],"curies":[{"name":"wp","href":"https:\/\/api.w.org\/{rel}","templated":true}]}}