{"id":27835,"date":"2025-09-09T08:45:59","date_gmt":"2025-09-09T08:45:59","guid":{"rendered":"https:\/\/orotech.lt\/greito-krovimo-rozete-feelspot-su-usbcc-jungtimis-65w-balta\/"},"modified":"2025-09-10T06:35:51","modified_gmt":"2025-09-10T06:35:51","slug":"greito-krovimo-rozete-feelspot-su-usbcc-jungtimis-65w-balta","status":"publish","type":"product","link":"https:\/\/orotech.lt\/en\/greito-krovimo-rozete-feelspot-su-usbcc-jungtimis-65w-balta\/","title":{"rendered":"Greito krovimo rozet\u0117 Feelspot su USB+C+C jungtimis, 65W, balta"},"content":{"rendered":"<p style=\"text-align: justify;\">Baltos spalvos 65 W greito krovimo rozet\u0117 Feelspot&nbsp;FSMP65W kartu su USB ir dviejomis C tipo jungtimis. Greito krovimo rozet\u0117 parduodama be r\u0117melio.<\/p>\n<p style=\"text-align: justify;\"><strong>Technical information:<\/strong><\/p>\n<ul>\n<li>\n\t\tTipas:&nbsp;<strong>greito krovimo rozet\u0117&nbsp;<\/strong>Feelspot FSMP65W;<\/li>\n<li>\n\t\tPaskirtis: USB, 2 x C tipo jungtys;<\/li>\n<li>\n\t\tDarbin\u0117 \u012ftampa: 100-240V AC 50 \/ 60Hz;<\/li>\n<li>\n\t\tGalia: 65W;<\/li>\n<li>\n\t\tColor: white;<\/li>\n<li>\n\t\tSertifikatai: CE, RoHS.&nbsp;<\/li>\n<\/ul>","protected":false},"excerpt":{"rendered":"<p>Baltos spalvos 65 W greito krovimo rozet\u0117 Feelspot&nbsp;FSMP65W kartu su USB ir dviejomis C tipo jungtimis. Greito krovimo rozet\u0117 parduodama<\/p>","protected":false},"featured_media":27837,"comment_status":"closed","ping_status":"open","template":"","meta":[],"product_brand":[],"product_cat":[23],"product_tag":[535],"class_list":{"0":"post-27835","1":"product","2":"type-product","3":"status-publish","4":"has-post-thumbnail","6":"product_cat-be-kategorijos","7":"product_tag-naujiena","9":"first","10":"onbackorder","11":"taxable","12":"shipping-taxable","13":"product-type-variable"},"_links":{"self":[{"href":"https:\/\/orotech.lt\/en\/wp-json\/wp\/v2\/product\/27835","targetHints":{"allow":["GET"]}}],"collection":[{"href":"https:\/\/orotech.lt\/en\/wp-json\/wp\/v2\/product"}],"about":[{"href":"https:\/\/orotech.lt\/en\/wp-json\/wp\/v2\/types\/product"}],"replies":[{"embeddable":true,"href":"https:\/\/orotech.lt\/en\/wp-json\/wp\/v2\/comments?post=27835"}],"version-history":[{"count":1,"href":"https:\/\/orotech.lt\/en\/wp-json\/wp\/v2\/product\/27835\/revisions"}],"predecessor-version":[{"id":27836,"href":"https:\/\/orotech.lt\/en\/wp-json\/wp\/v2\/product\/27835\/revisions\/27836"}],"wp:featuredmedia":[{"embeddable":true,"href":"https:\/\/orotech.lt\/en\/wp-json\/wp\/v2\/media\/27837"}],"wp:attachment":[{"href":"https:\/\/orotech.lt\/en\/wp-json\/wp\/v2\/media?parent=27835"}],"wp:term":[{"taxonomy":"product_brand","embeddable":true,"href":"https:\/\/orotech.lt\/en\/wp-json\/wp\/v2\/product_brand?post=27835"},{"taxonomy":"product_cat","embeddable":true,"href":"https:\/\/orotech.lt\/en\/wp-json\/wp\/v2\/product_cat?post=27835"},{"taxonomy":"product_tag","embeddable":true,"href":"https:\/\/orotech.lt\/en\/wp-json\/wp\/v2\/product_tag?post=27835"}],"curies":[{"name":"wp","href":"https:\/\/api.w.org\/{rel}","templated":true}]}}