{"id":27856,"date":"2025-09-09T08:45:59","date_gmt":"2025-09-09T08:45:59","guid":{"rendered":"https:\/\/orotech.lt\/mechaninis-dimeris-feelspot-juodas\/"},"modified":"2025-09-10T06:35:55","modified_gmt":"2025-09-10T06:35:55","slug":"mechaninis-dimeris-feelspot-juodas","status":"publish","type":"product","link":"https:\/\/orotech.lt\/en\/mechaninis-dimeris-feelspot-juodas\/","title":{"rendered":"Mechaninis dimeris Feelspot, juodas"},"content":{"rendered":"<p style=\"text-align: justify;\">Juodos spalvos <strong>mechaninis dimeris<\/strong> Feelspot FSDM51B (be r\u0117melio). Auk\u0161tos kokyb\u0117s <strong>jungiklis<\/strong> leis m\u0117gautis patogiu valdymu bei paprasta prie\u017ei\u016bra net ir pa\u010diam i\u0161rankiausiam naudotojui! Modernaus dizaino <strong>mechaninis dimeris<\/strong> lengvu paspaudimu leis \u012fjungti arba i\u0161jungti ap\u0161vietim\u0105 patalpoje bei reguliuoti ap\u0161vietimo intensyvum\u0105 (\u0161viesiau\/tamsiau). Jungiklis lengvai gali b\u016bti komplektuojamas kartu su bet kuriuo Feelspot vienvie\u010diu, dvivie\u010diu, trivie\u010diu ir t.t. r\u0117meliu bei derinamas kartu su kitais sensoriniais jungikliais.<\/p>\n<p style=\"text-align: justify;\"><strong>Technical information:<\/strong><\/p>\n<ul>\n<li>\n\t\tNominali \u012ftampa: 220V AC;<\/li>\n<li>\n\t\tApkrova:: LED iki 80W;<\/li>\n<li>\n\t\tGalingumas: 500W;<\/li>\n<li>\n\t\tDarbin\u0117 temperat\u016bra: -20&deg;C~ +70&Prime;C;<\/li>\n<li>\n\t\tSantykin\u0117 dr\u0117gm\u0117: 10% -93% (nekondensuojanti)<\/li>\n<li>\n\t\tDarbinis da\u017enis: 50\/60Hz;<\/li>\n<\/ul>","protected":false},"excerpt":{"rendered":"<p>Juodos spalvos mechaninis dimeris Feelspot FSDM51B (be r\u0117melio). Auk\u0161tos kokyb\u0117s jungiklis leis m\u0117gautis patogiu valdymu bei paprasta prie\u017ei\u016bra net ir<\/p>","protected":false},"featured_media":27858,"comment_status":"closed","ping_status":"open","template":"","meta":[],"product_brand":[],"product_cat":[23],"product_tag":[535],"class_list":{"0":"post-27856","1":"product","2":"type-product","3":"status-publish","4":"has-post-thumbnail","6":"product_cat-be-kategorijos","7":"product_tag-naujiena","9":"first","10":"onbackorder","11":"taxable","12":"shipping-taxable","13":"product-type-variable"},"_links":{"self":[{"href":"https:\/\/orotech.lt\/en\/wp-json\/wp\/v2\/product\/27856","targetHints":{"allow":["GET"]}}],"collection":[{"href":"https:\/\/orotech.lt\/en\/wp-json\/wp\/v2\/product"}],"about":[{"href":"https:\/\/orotech.lt\/en\/wp-json\/wp\/v2\/types\/product"}],"replies":[{"embeddable":true,"href":"https:\/\/orotech.lt\/en\/wp-json\/wp\/v2\/comments?post=27856"}],"version-history":[{"count":1,"href":"https:\/\/orotech.lt\/en\/wp-json\/wp\/v2\/product\/27856\/revisions"}],"predecessor-version":[{"id":27857,"href":"https:\/\/orotech.lt\/en\/wp-json\/wp\/v2\/product\/27856\/revisions\/27857"}],"wp:featuredmedia":[{"embeddable":true,"href":"https:\/\/orotech.lt\/en\/wp-json\/wp\/v2\/media\/27858"}],"wp:attachment":[{"href":"https:\/\/orotech.lt\/en\/wp-json\/wp\/v2\/media?parent=27856"}],"wp:term":[{"taxonomy":"product_brand","embeddable":true,"href":"https:\/\/orotech.lt\/en\/wp-json\/wp\/v2\/product_brand?post=27856"},{"taxonomy":"product_cat","embeddable":true,"href":"https:\/\/orotech.lt\/en\/wp-json\/wp\/v2\/product_cat?post=27856"},{"taxonomy":"product_tag","embeddable":true,"href":"https:\/\/orotech.lt\/en\/wp-json\/wp\/v2\/product_tag?post=27856"}],"curies":[{"name":"wp","href":"https:\/\/api.w.org\/{rel}","templated":true}]}}