{"id":27868,"date":"2025-09-09T08:45:59","date_gmt":"2025-09-09T08:45:59","guid":{"rendered":"https:\/\/orotech.lt\/judesio-daviklis-feelspot-baltas\/"},"modified":"2025-09-10T06:35:57","modified_gmt":"2025-09-10T06:35:57","slug":"judesio-daviklis-feelspot-baltas","status":"publish","type":"product","link":"https:\/\/orotech.lt\/en\/judesio-daviklis-feelspot-baltas\/","title":{"rendered":"Judesio daviklis Feelspot, baltas"},"content":{"rendered":"<p style=\"text-align: justify;\">Baltos spalvos <strong>judesio daviklis<\/strong> Feelspot FSJ1W&nbsp;(be r\u0117melio), 200 W. Kompakti\u0161ko dyd\u017eio<strong> judesio daviklis<\/strong> Feelspot atpa\u017e\u012fsta \u017emogaus jud\u0117sius ir juos fiksuoja 4-8 metr\u0173 atstumu.&nbsp;&nbsp;<\/p>\n<p style=\"text-align: justify;\"><strong>Technical information:<\/strong><\/p>\n<ul>\n<li>\n\t\tNominali \u012ftampa: 220V AC;<\/li>\n<li>\n\t\tApkrova: 200W;<\/li>\n<li>\n\t\tLED apkrova: 60W;<\/li>\n<li>\n\t\tJutimo atstumas: 4-8 metrai;&nbsp;<\/li>\n<li>\n\t\tV\u0117lavimo laikas: 50 sekund\u017ei\u0173 &plusmn; 10 sekund\u017ei\u0173;<\/li>\n<li>\n\t\tJutimo diapazonas: 90 laipsni\u0173.<\/li>\n<\/ul>","protected":false},"excerpt":{"rendered":"<p>Baltos spalvos judesio daviklis Feelspot FSJ1W&nbsp;(be r\u0117melio), 200 W. Kompakti\u0161ko dyd\u017eio judesio daviklis Feelspot atpa\u017e\u012fsta \u017emogaus jud\u0117sius ir juos fiksuoja<\/p>","protected":false},"featured_media":27870,"comment_status":"closed","ping_status":"open","template":"","meta":[],"product_brand":[],"product_cat":[23],"product_tag":[535],"class_list":{"0":"post-27868","1":"product","2":"type-product","3":"status-publish","4":"has-post-thumbnail","6":"product_cat-be-kategorijos","7":"product_tag-naujiena","9":"first","10":"onbackorder","11":"taxable","12":"shipping-taxable","13":"product-type-variable"},"_links":{"self":[{"href":"https:\/\/orotech.lt\/en\/wp-json\/wp\/v2\/product\/27868","targetHints":{"allow":["GET"]}}],"collection":[{"href":"https:\/\/orotech.lt\/en\/wp-json\/wp\/v2\/product"}],"about":[{"href":"https:\/\/orotech.lt\/en\/wp-json\/wp\/v2\/types\/product"}],"replies":[{"embeddable":true,"href":"https:\/\/orotech.lt\/en\/wp-json\/wp\/v2\/comments?post=27868"}],"version-history":[{"count":1,"href":"https:\/\/orotech.lt\/en\/wp-json\/wp\/v2\/product\/27868\/revisions"}],"predecessor-version":[{"id":27869,"href":"https:\/\/orotech.lt\/en\/wp-json\/wp\/v2\/product\/27868\/revisions\/27869"}],"wp:featuredmedia":[{"embeddable":true,"href":"https:\/\/orotech.lt\/en\/wp-json\/wp\/v2\/media\/27870"}],"wp:attachment":[{"href":"https:\/\/orotech.lt\/en\/wp-json\/wp\/v2\/media?parent=27868"}],"wp:term":[{"taxonomy":"product_brand","embeddable":true,"href":"https:\/\/orotech.lt\/en\/wp-json\/wp\/v2\/product_brand?post=27868"},{"taxonomy":"product_cat","embeddable":true,"href":"https:\/\/orotech.lt\/en\/wp-json\/wp\/v2\/product_cat?post=27868"},{"taxonomy":"product_tag","embeddable":true,"href":"https:\/\/orotech.lt\/en\/wp-json\/wp\/v2\/product_tag?post=27868"}],"curies":[{"name":"wp","href":"https:\/\/api.w.org\/{rel}","templated":true}]}}